{"id":3355,"date":"2022-11-03T19:29:27","date_gmt":"2022-11-03T17:29:27","guid":{"rendered":"https:\/\/jcjarvenpaa.fi\/?post_type=product&#038;p=3355"},"modified":"2022-11-11T13:21:16","modified_gmt":"2022-11-11T11:21:16","slug":"tuusulanjarven-rundi","status":"publish","type":"product","link":"https:\/\/jcjarvenpaa.fi\/en\/kauppa\/tuusulanjarven-rundi\/","title":{"rendered":"Tuusulanj\u00e4rven Rundi"},"content":{"rendered":"<p>Tuusulaj\u00e4rven Rundi sai alkunsa vuoden 2021 lopulla, kun joukko innokaita kamarilaisia halusi l\u00e4hte\u00e4 toteuttamaan omaa J\u00e4rvenp\u00e4\u00e4 aiheista lautapeli\u00e4. Lukemattomien tuntien ja palaverien j\u00e4lkeen haluamme esitell\u00e4 teille Tuusulanj\u00e4rven Rundi -lautapelin! Toivottavasti nautitte siit\u00e4 yht\u00e4paljon, kuin me nautimme sen tekemisest\u00e4 ja suunnittelusta.<\/p>","protected":false},"excerpt":{"rendered":"<p>&nbsp;<\/p>\n<p><strong>Peli sis\u00e4lt\u00e4\u00e4<\/strong><\/p>\n<ul>\n<li>Pelilaudan<\/li>\n<li>Ohjeet<\/li>\n<li>Nelj\u00e4 pelinappulaa<\/li>\n<li>82 pelikorttia<\/li>\n<\/ul>","protected":false},"featured_media":3356,"comment_status":"closed","ping_status":"closed","template":"elementor_theme","meta":{"site-sidebar-layout":"default","site-content-layout":"default","ast-site-content-layout":"default","site-content-style":"default","site-sidebar-style":"default","ast-global-header-display":"","ast-banner-title-visibility":"","ast-main-header-display":"","ast-hfb-above-header-display":"","ast-hfb-below-header-display":"","ast-hfb-mobile-header-display":"","site-post-title":"","ast-breadcrumbs-content":"","ast-featured-img":"","footer-sml-layout":"","theme-transparent-header-meta":"default","adv-header-id-meta":"","stick-header-meta":"","header-above-stick-meta":"","header-main-stick-meta":"","header-below-stick-meta":"","astra-migrate-meta-layouts":"default","ast-page-background-enabled":"default","ast-page-background-meta":{"desktop":{"background-color":"","background-image":"","background-repeat":"repeat","background-position":"center center","background-size":"auto","background-attachment":"scroll","background-type":"","background-media":"","overlay-type":"","overlay-color":"","overlay-opacity":"","overlay-gradient":""},"tablet":{"background-color":"","background-image":"","background-repeat":"repeat","background-position":"center center","background-size":"auto","background-attachment":"scroll","background-type":"","background-media":"","overlay-type":"","overlay-color":"","overlay-opacity":"","overlay-gradient":""},"mobile":{"background-color":"","background-image":"","background-repeat":"repeat","background-position":"center center","background-size":"auto","background-attachment":"scroll","background-type":"","background-media":"","overlay-type":"","overlay-color":"","overlay-opacity":"","overlay-gradient":""}},"ast-content-background-meta":{"desktop":{"background-color":"var(--ast-global-color-5)","background-image":"","background-repeat":"repeat","background-position":"center center","background-size":"auto","background-attachment":"scroll","background-type":"","background-media":"","overlay-type":"","overlay-color":"","overlay-opacity":"","overlay-gradient":""},"tablet":{"background-color":"var(--ast-global-color-5)","background-image":"","background-repeat":"repeat","background-position":"center center","background-size":"auto","background-attachment":"scroll","background-type":"","background-media":"","overlay-type":"","overlay-color":"","overlay-opacity":"","overlay-gradient":""},"mobile":{"background-color":"var(--ast-global-color-5)","background-image":"","background-repeat":"repeat","background-position":"center center","background-size":"auto","background-attachment":"scroll","background-type":"","background-media":"","overlay-type":"","overlay-color":"","overlay-opacity":"","overlay-gradient":""}}},"product_brand":[],"product_cat":[58],"product_tag":[],"class_list":{"0":"post-3355","1":"product","2":"type-product","3":"status-publish","4":"has-post-thumbnail","6":"product_cat-yleinen","7":"desktop-align-left","8":"tablet-align-left","9":"mobile-align-left","11":"first","12":"instock","13":"taxable","14":"shipping-taxable","15":"purchasable","16":"product-type-simple"},"yoast_head":"<!-- This site is optimized with the Yoast SEO plugin v26.1.1 - https:\/\/yoast.com\/wordpress\/plugins\/seo\/ -->\n<title>Tuusulanj\u00e4rven Rundi - J\u00e4rvenp\u00e4\u00e4n Seudun Nuorkauppakamari<\/title>\n<meta name=\"robots\" content=\"index, follow, max-snippet:-1, max-image-preview:large, max-video-preview:-1\" \/>\n<link rel=\"canonical\" href=\"https:\/\/jcjarvenpaa.fi\/en\/kauppa\/tuusulanjarven-rundi\/\" \/>\n<meta property=\"og:locale\" content=\"en_GB\" \/>\n<meta property=\"og:type\" content=\"article\" \/>\n<meta property=\"og:title\" content=\"Tuusulanj\u00e4rven Rundi - J\u00e4rvenp\u00e4\u00e4n Seudun Nuorkauppakamari\" \/>\n<meta property=\"og:description\" content=\"&nbsp;  Peli sis\u00e4lt\u00e4\u00e4   Pelilaudan  Ohjeet  Nelj\u00e4 pelinappulaa  82 pelikorttia\" \/>\n<meta property=\"og:url\" content=\"https:\/\/jcjarvenpaa.fi\/en\/kauppa\/tuusulanjarven-rundi\/\" \/>\n<meta property=\"og:site_name\" content=\"J\u00e4rvenp\u00e4\u00e4n Seudun Nuorkauppakamari\" \/>\n<meta property=\"article:modified_time\" content=\"2022-11-11T11:21:16+00:00\" \/>\n<meta property=\"og:image\" content=\"https:\/\/jcjarvenpaa.fi\/wp-content\/uploads\/2022\/11\/Peli_malli.png\" \/>\n\t<meta property=\"og:image:width\" content=\"1290\" \/>\n\t<meta property=\"og:image:height\" content=\"1290\" \/>\n\t<meta property=\"og:image:type\" content=\"image\/png\" \/>\n<meta name=\"twitter:card\" content=\"summary_large_image\" \/>\n<meta name=\"twitter:label1\" content=\"Estimated reading time\" \/>\n\t<meta name=\"twitter:data1\" content=\"1 minute\" \/>\n<script type=\"application\/ld+json\" class=\"yoast-schema-graph\">{\"@context\":\"https:\/\/schema.org\",\"@graph\":[{\"@type\":\"WebPage\",\"@id\":\"https:\/\/jcjarvenpaa.fi\/kauppa\/tuusulanjarven-rundi\/\",\"url\":\"https:\/\/jcjarvenpaa.fi\/kauppa\/tuusulanjarven-rundi\/\",\"name\":\"Tuusulanj\u00e4rven Rundi - J\u00e4rvenp\u00e4\u00e4n Seudun Nuorkauppakamari\",\"isPartOf\":{\"@id\":\"https:\/\/jcjarvenpaa.fi\/#website\"},\"primaryImageOfPage\":{\"@id\":\"https:\/\/jcjarvenpaa.fi\/kauppa\/tuusulanjarven-rundi\/#primaryimage\"},\"image\":{\"@id\":\"https:\/\/jcjarvenpaa.fi\/kauppa\/tuusulanjarven-rundi\/#primaryimage\"},\"thumbnailUrl\":\"https:\/\/jcjarvenpaa.fi\/wp-content\/uploads\/2022\/11\/Peli_malli.png\",\"datePublished\":\"2022-11-03T17:29:27+00:00\",\"dateModified\":\"2022-11-11T11:21:16+00:00\",\"breadcrumb\":{\"@id\":\"https:\/\/jcjarvenpaa.fi\/kauppa\/tuusulanjarven-rundi\/#breadcrumb\"},\"inLanguage\":\"en-GB\",\"potentialAction\":[{\"@type\":\"ReadAction\",\"target\":[\"https:\/\/jcjarvenpaa.fi\/kauppa\/tuusulanjarven-rundi\/\"]}]},{\"@type\":\"ImageObject\",\"inLanguage\":\"en-GB\",\"@id\":\"https:\/\/jcjarvenpaa.fi\/kauppa\/tuusulanjarven-rundi\/#primaryimage\",\"url\":\"https:\/\/jcjarvenpaa.fi\/wp-content\/uploads\/2022\/11\/Peli_malli.png\",\"contentUrl\":\"https:\/\/jcjarvenpaa.fi\/wp-content\/uploads\/2022\/11\/Peli_malli.png\",\"width\":1290,\"height\":1290,\"caption\":\"Tuusulanj\u00e4rven Rundi lautapeli\"},{\"@type\":\"BreadcrumbList\",\"@id\":\"https:\/\/jcjarvenpaa.fi\/kauppa\/tuusulanjarven-rundi\/#breadcrumb\",\"itemListElement\":[{\"@type\":\"ListItem\",\"position\":1,\"name\":\"Home\",\"item\":\"https:\/\/jcjarvenpaa.fi\/\"},{\"@type\":\"ListItem\",\"position\":2,\"name\":\"Kauppa\",\"item\":\"https:\/\/jcjarvenpaa.fi\/kauppa\/\"},{\"@type\":\"ListItem\",\"position\":3,\"name\":\"Tuusulanj\u00e4rven Rundi\"}]},{\"@type\":\"WebSite\",\"@id\":\"https:\/\/jcjarvenpaa.fi\/#website\",\"url\":\"https:\/\/jcjarvenpaa.fi\/\",\"name\":\"J\u00e4rvenp\u00e4\u00e4n Seudun Nuorkauppakamari\",\"description\":\"Be better\",\"publisher\":{\"@id\":\"https:\/\/jcjarvenpaa.fi\/#organization\"},\"potentialAction\":[{\"@type\":\"SearchAction\",\"target\":{\"@type\":\"EntryPoint\",\"urlTemplate\":\"https:\/\/jcjarvenpaa.fi\/?s={search_term_string}\"},\"query-input\":{\"@type\":\"PropertyValueSpecification\",\"valueRequired\":true,\"valueName\":\"search_term_string\"}}],\"inLanguage\":\"en-GB\"},{\"@type\":\"Organization\",\"@id\":\"https:\/\/jcjarvenpaa.fi\/#organization\",\"name\":\"J\u00e4rvenp\u00e4\u00e4n Seudun Nuorkauppakamari\",\"url\":\"https:\/\/jcjarvenpaa.fi\/\",\"logo\":{\"@type\":\"ImageObject\",\"inLanguage\":\"en-GB\",\"@id\":\"https:\/\/jcjarvenpaa.fi\/#\/schema\/logo\/image\/\",\"url\":\"https:\/\/jcjarvenpaa.fi\/wp-content\/uploads\/2020\/05\/JCI-Ja\u0308rvenpa\u0308a\u0308.png\",\"contentUrl\":\"https:\/\/jcjarvenpaa.fi\/wp-content\/uploads\/2020\/05\/JCI-Ja\u0308rvenpa\u0308a\u0308.png\",\"width\":1042,\"height\":474,\"caption\":\"J\u00e4rvenp\u00e4\u00e4n Seudun Nuorkauppakamari\"},\"image\":{\"@id\":\"https:\/\/jcjarvenpaa.fi\/#\/schema\/logo\/image\/\"}}]}<\/script>\n<!-- \/ Yoast SEO plugin. -->","yoast_head_json":{"title":"Tuusulanj\u00e4rven Rundi - J\u00e4rvenp\u00e4\u00e4n Seudun Nuorkauppakamari","robots":{"index":"index","follow":"follow","max-snippet":"max-snippet:-1","max-image-preview":"max-image-preview:large","max-video-preview":"max-video-preview:-1"},"canonical":"https:\/\/jcjarvenpaa.fi\/en\/kauppa\/tuusulanjarven-rundi\/","og_locale":"en_GB","og_type":"article","og_title":"Tuusulanj\u00e4rven Rundi - J\u00e4rvenp\u00e4\u00e4n Seudun Nuorkauppakamari","og_description":"&nbsp;  Peli sis\u00e4lt\u00e4\u00e4   Pelilaudan  Ohjeet  Nelj\u00e4 pelinappulaa  82 pelikorttia","og_url":"https:\/\/jcjarvenpaa.fi\/en\/kauppa\/tuusulanjarven-rundi\/","og_site_name":"J\u00e4rvenp\u00e4\u00e4n Seudun Nuorkauppakamari","article_modified_time":"2022-11-11T11:21:16+00:00","og_image":[{"width":1290,"height":1290,"url":"https:\/\/jcjarvenpaa.fi\/wp-content\/uploads\/2022\/11\/Peli_malli.png","type":"image\/png"}],"twitter_card":"summary_large_image","twitter_misc":{"Estimated reading time":"1 minute"},"schema":{"@context":"https:\/\/schema.org","@graph":[{"@type":"WebPage","@id":"https:\/\/jcjarvenpaa.fi\/kauppa\/tuusulanjarven-rundi\/","url":"https:\/\/jcjarvenpaa.fi\/kauppa\/tuusulanjarven-rundi\/","name":"Tuusulanj\u00e4rven Rundi - J\u00e4rvenp\u00e4\u00e4n Seudun Nuorkauppakamari","isPartOf":{"@id":"https:\/\/jcjarvenpaa.fi\/#website"},"primaryImageOfPage":{"@id":"https:\/\/jcjarvenpaa.fi\/kauppa\/tuusulanjarven-rundi\/#primaryimage"},"image":{"@id":"https:\/\/jcjarvenpaa.fi\/kauppa\/tuusulanjarven-rundi\/#primaryimage"},"thumbnailUrl":"https:\/\/jcjarvenpaa.fi\/wp-content\/uploads\/2022\/11\/Peli_malli.png","datePublished":"2022-11-03T17:29:27+00:00","dateModified":"2022-11-11T11:21:16+00:00","breadcrumb":{"@id":"https:\/\/jcjarvenpaa.fi\/kauppa\/tuusulanjarven-rundi\/#breadcrumb"},"inLanguage":"en-GB","potentialAction":[{"@type":"ReadAction","target":["https:\/\/jcjarvenpaa.fi\/kauppa\/tuusulanjarven-rundi\/"]}]},{"@type":"ImageObject","inLanguage":"en-GB","@id":"https:\/\/jcjarvenpaa.fi\/kauppa\/tuusulanjarven-rundi\/#primaryimage","url":"https:\/\/jcjarvenpaa.fi\/wp-content\/uploads\/2022\/11\/Peli_malli.png","contentUrl":"https:\/\/jcjarvenpaa.fi\/wp-content\/uploads\/2022\/11\/Peli_malli.png","width":1290,"height":1290,"caption":"Tuusulanj\u00e4rven Rundi lautapeli"},{"@type":"BreadcrumbList","@id":"https:\/\/jcjarvenpaa.fi\/kauppa\/tuusulanjarven-rundi\/#breadcrumb","itemListElement":[{"@type":"ListItem","position":1,"name":"Home","item":"https:\/\/jcjarvenpaa.fi\/"},{"@type":"ListItem","position":2,"name":"Kauppa","item":"https:\/\/jcjarvenpaa.fi\/kauppa\/"},{"@type":"ListItem","position":3,"name":"Tuusulanj\u00e4rven Rundi"}]},{"@type":"WebSite","@id":"https:\/\/jcjarvenpaa.fi\/#website","url":"https:\/\/jcjarvenpaa.fi\/","name":"J\u00e4rvenp\u00e4\u00e4n Seudun Nuorkauppakamari","description":"Be better","publisher":{"@id":"https:\/\/jcjarvenpaa.fi\/#organization"},"potentialAction":[{"@type":"SearchAction","target":{"@type":"EntryPoint","urlTemplate":"https:\/\/jcjarvenpaa.fi\/?s={search_term_string}"},"query-input":{"@type":"PropertyValueSpecification","valueRequired":true,"valueName":"search_term_string"}}],"inLanguage":"en-GB"},{"@type":"Organization","@id":"https:\/\/jcjarvenpaa.fi\/#organization","name":"J\u00e4rvenp\u00e4\u00e4n Seudun Nuorkauppakamari","url":"https:\/\/jcjarvenpaa.fi\/","logo":{"@type":"ImageObject","inLanguage":"en-GB","@id":"https:\/\/jcjarvenpaa.fi\/#\/schema\/logo\/image\/","url":"https:\/\/jcjarvenpaa.fi\/wp-content\/uploads\/2020\/05\/JCI-Ja\u0308rvenpa\u0308a\u0308.png","contentUrl":"https:\/\/jcjarvenpaa.fi\/wp-content\/uploads\/2020\/05\/JCI-Ja\u0308rvenpa\u0308a\u0308.png","width":1042,"height":474,"caption":"J\u00e4rvenp\u00e4\u00e4n Seudun Nuorkauppakamari"},"image":{"@id":"https:\/\/jcjarvenpaa.fi\/#\/schema\/logo\/image\/"}}]}},"_links":{"self":[{"href":"https:\/\/jcjarvenpaa.fi\/en\/wp-json\/wp\/v2\/product\/3355","targetHints":{"allow":["GET"]}}],"collection":[{"href":"https:\/\/jcjarvenpaa.fi\/en\/wp-json\/wp\/v2\/product"}],"about":[{"href":"https:\/\/jcjarvenpaa.fi\/en\/wp-json\/wp\/v2\/types\/product"}],"replies":[{"embeddable":true,"href":"https:\/\/jcjarvenpaa.fi\/en\/wp-json\/wp\/v2\/comments?post=3355"}],"version-history":[{"count":4,"href":"https:\/\/jcjarvenpaa.fi\/en\/wp-json\/wp\/v2\/product\/3355\/revisions"}],"predecessor-version":[{"id":3450,"href":"https:\/\/jcjarvenpaa.fi\/en\/wp-json\/wp\/v2\/product\/3355\/revisions\/3450"}],"wp:featuredmedia":[{"embeddable":true,"href":"https:\/\/jcjarvenpaa.fi\/en\/wp-json\/wp\/v2\/media\/3356"}],"wp:attachment":[{"href":"https:\/\/jcjarvenpaa.fi\/en\/wp-json\/wp\/v2\/media?parent=3355"}],"wp:term":[{"taxonomy":"product_brand","embeddable":true,"href":"https:\/\/jcjarvenpaa.fi\/en\/wp-json\/wp\/v2\/product_brand?post=3355"},{"taxonomy":"product_cat","embeddable":true,"href":"https:\/\/jcjarvenpaa.fi\/en\/wp-json\/wp\/v2\/product_cat?post=3355"},{"taxonomy":"product_tag","embeddable":true,"href":"https:\/\/jcjarvenpaa.fi\/en\/wp-json\/wp\/v2\/product_tag?post=3355"}],"curies":[{"name":"wp","href":"https:\/\/api.w.org\/{rel}","templated":true}]}}