{"id":910,"date":"2020-06-01T11:35:18","date_gmt":"2020-06-01T09:35:18","guid":{"rendered":"https:\/\/jcjarvenpaa.fi\/?page_id=910"},"modified":"2020-06-01T19:54:13","modified_gmt":"2020-06-01T17:54:13","slug":"ostoskori","status":"publish","type":"page","link":"https:\/\/jcjarvenpaa.fi\/en\/ostoskori\/","title":{"rendered":"Ostoskori"},"content":{"rendered":"","protected":false},"excerpt":{"rendered":"","protected":false},"author":11,"featured_media":0,"parent":0,"menu_order":0,"comment_status":"closed","ping_status":"closed","template":"","meta":{"site-sidebar-layout":"default","site-content-layout":"default","ast-site-content-layout":"default","site-content-style":"default","site-sidebar-style":"default","ast-global-header-display":"","ast-banner-title-visibility":"","ast-main-header-display":"","ast-hfb-above-header-display":"","ast-hfb-below-header-display":"","ast-hfb-mobile-header-display":"","site-post-title":"","ast-breadcrumbs-content":"","ast-featured-img":"","footer-sml-layout":"","theme-transparent-header-meta":"default","adv-header-id-meta":"","stick-header-meta":"","header-above-stick-meta":"","header-main-stick-meta":"","header-below-stick-meta":"","astra-migrate-meta-layouts":"default","ast-page-background-enabled":"default","ast-page-background-meta":{"desktop":{"background-color":"","background-image":"","background-repeat":"repeat","background-position":"center center","background-size":"auto","background-attachment":"scroll","background-type":"","background-media":"","overlay-type":"","overlay-color":"","overlay-opacity":"","overlay-gradient":""},"tablet":{"background-color":"","background-image":"","background-repeat":"repeat","background-position":"center center","background-size":"auto","background-attachment":"scroll","background-type":"","background-media":"","overlay-type":"","overlay-color":"","overlay-opacity":"","overlay-gradient":""},"mobile":{"background-color":"","background-image":"","background-repeat":"repeat","background-position":"center center","background-size":"auto","background-attachment":"scroll","background-type":"","background-media":"","overlay-type":"","overlay-color":"","overlay-opacity":"","overlay-gradient":""}},"ast-content-background-meta":{"desktop":{"background-color":"var(--ast-global-color-5)","background-image":"","background-repeat":"repeat","background-position":"center center","background-size":"auto","background-attachment":"scroll","background-type":"","background-media":"","overlay-type":"","overlay-color":"","overlay-opacity":"","overlay-gradient":""},"tablet":{"background-color":"var(--ast-global-color-5)","background-image":"","background-repeat":"repeat","background-position":"center center","background-size":"auto","background-attachment":"scroll","background-type":"","background-media":"","overlay-type":"","overlay-color":"","overlay-opacity":"","overlay-gradient":""},"mobile":{"background-color":"var(--ast-global-color-5)","background-image":"","background-repeat":"repeat","background-position":"center center","background-size":"auto","background-attachment":"scroll","background-type":"","background-media":"","overlay-type":"","overlay-color":"","overlay-opacity":"","overlay-gradient":""}},"footnotes":""},"class_list":["post-910","page","type-page","status-publish","hentry"],"yoast_head":"<!-- This site is optimized with the Yoast SEO plugin v26.1.1 - https:\/\/yoast.com\/wordpress\/plugins\/seo\/ -->\n<title>Ostoskori - J\u00e4rvenp\u00e4\u00e4n Seudun Nuorkauppakamari<\/title>\n<meta name=\"robots\" content=\"index, follow, max-snippet:-1, max-image-preview:large, max-video-preview:-1\" \/>\n<link rel=\"canonical\" href=\"https:\/\/jcjarvenpaa.fi\/en\/ostoskori\/\" \/>\n<meta property=\"og:locale\" content=\"en_GB\" \/>\n<meta property=\"og:type\" content=\"article\" \/>\n<meta property=\"og:title\" content=\"Ostoskori - J\u00e4rvenp\u00e4\u00e4n Seudun Nuorkauppakamari\" \/>\n<meta property=\"og:url\" content=\"https:\/\/jcjarvenpaa.fi\/en\/ostoskori\/\" \/>\n<meta property=\"og:site_name\" content=\"J\u00e4rvenp\u00e4\u00e4n Seudun Nuorkauppakamari\" \/>\n<meta property=\"article:modified_time\" content=\"2020-06-01T17:54:13+00:00\" \/>\n<meta name=\"twitter:card\" content=\"summary_large_image\" \/>\n<script type=\"application\/ld+json\" class=\"yoast-schema-graph\">{\"@context\":\"https:\/\/schema.org\",\"@graph\":[{\"@type\":\"WebPage\",\"@id\":\"https:\/\/jcjarvenpaa.fi\/ostoskori\/\",\"url\":\"https:\/\/jcjarvenpaa.fi\/ostoskori\/\",\"name\":\"Ostoskori - J\u00e4rvenp\u00e4\u00e4n Seudun Nuorkauppakamari\",\"isPartOf\":{\"@id\":\"https:\/\/jcjarvenpaa.fi\/#website\"},\"datePublished\":\"2020-06-01T09:35:18+00:00\",\"dateModified\":\"2020-06-01T17:54:13+00:00\",\"breadcrumb\":{\"@id\":\"https:\/\/jcjarvenpaa.fi\/ostoskori\/#breadcrumb\"},\"inLanguage\":\"en-GB\",\"potentialAction\":[{\"@type\":\"ReadAction\",\"target\":[\"https:\/\/jcjarvenpaa.fi\/ostoskori\/\"]}]},{\"@type\":\"BreadcrumbList\",\"@id\":\"https:\/\/jcjarvenpaa.fi\/ostoskori\/#breadcrumb\",\"itemListElement\":[{\"@type\":\"ListItem\",\"position\":1,\"name\":\"Home\",\"item\":\"https:\/\/jcjarvenpaa.fi\/\"},{\"@type\":\"ListItem\",\"position\":2,\"name\":\"Ostoskori\"}]},{\"@type\":\"WebSite\",\"@id\":\"https:\/\/jcjarvenpaa.fi\/#website\",\"url\":\"https:\/\/jcjarvenpaa.fi\/\",\"name\":\"J\u00e4rvenp\u00e4\u00e4n Seudun Nuorkauppakamari\",\"description\":\"Be better\",\"publisher\":{\"@id\":\"https:\/\/jcjarvenpaa.fi\/#organization\"},\"potentialAction\":[{\"@type\":\"SearchAction\",\"target\":{\"@type\":\"EntryPoint\",\"urlTemplate\":\"https:\/\/jcjarvenpaa.fi\/?s={search_term_string}\"},\"query-input\":{\"@type\":\"PropertyValueSpecification\",\"valueRequired\":true,\"valueName\":\"search_term_string\"}}],\"inLanguage\":\"en-GB\"},{\"@type\":\"Organization\",\"@id\":\"https:\/\/jcjarvenpaa.fi\/#organization\",\"name\":\"J\u00e4rvenp\u00e4\u00e4n Seudun Nuorkauppakamari\",\"url\":\"https:\/\/jcjarvenpaa.fi\/\",\"logo\":{\"@type\":\"ImageObject\",\"inLanguage\":\"en-GB\",\"@id\":\"https:\/\/jcjarvenpaa.fi\/#\/schema\/logo\/image\/\",\"url\":\"https:\/\/jcjarvenpaa.fi\/wp-content\/uploads\/2020\/05\/JCI-Ja\u0308rvenpa\u0308a\u0308.png\",\"contentUrl\":\"https:\/\/jcjarvenpaa.fi\/wp-content\/uploads\/2020\/05\/JCI-Ja\u0308rvenpa\u0308a\u0308.png\",\"width\":1042,\"height\":474,\"caption\":\"J\u00e4rvenp\u00e4\u00e4n Seudun Nuorkauppakamari\"},\"image\":{\"@id\":\"https:\/\/jcjarvenpaa.fi\/#\/schema\/logo\/image\/\"}}]}<\/script>\n<!-- \/ Yoast SEO plugin. -->","yoast_head_json":{"title":"Ostoskori - J\u00e4rvenp\u00e4\u00e4n Seudun Nuorkauppakamari","robots":{"index":"index","follow":"follow","max-snippet":"max-snippet:-1","max-image-preview":"max-image-preview:large","max-video-preview":"max-video-preview:-1"},"canonical":"https:\/\/jcjarvenpaa.fi\/en\/ostoskori\/","og_locale":"en_GB","og_type":"article","og_title":"Ostoskori - J\u00e4rvenp\u00e4\u00e4n Seudun Nuorkauppakamari","og_url":"https:\/\/jcjarvenpaa.fi\/en\/ostoskori\/","og_site_name":"J\u00e4rvenp\u00e4\u00e4n Seudun Nuorkauppakamari","article_modified_time":"2020-06-01T17:54:13+00:00","twitter_card":"summary_large_image","schema":{"@context":"https:\/\/schema.org","@graph":[{"@type":"WebPage","@id":"https:\/\/jcjarvenpaa.fi\/ostoskori\/","url":"https:\/\/jcjarvenpaa.fi\/ostoskori\/","name":"Ostoskori - J\u00e4rvenp\u00e4\u00e4n Seudun Nuorkauppakamari","isPartOf":{"@id":"https:\/\/jcjarvenpaa.fi\/#website"},"datePublished":"2020-06-01T09:35:18+00:00","dateModified":"2020-06-01T17:54:13+00:00","breadcrumb":{"@id":"https:\/\/jcjarvenpaa.fi\/ostoskori\/#breadcrumb"},"inLanguage":"en-GB","potentialAction":[{"@type":"ReadAction","target":["https:\/\/jcjarvenpaa.fi\/ostoskori\/"]}]},{"@type":"BreadcrumbList","@id":"https:\/\/jcjarvenpaa.fi\/ostoskori\/#breadcrumb","itemListElement":[{"@type":"ListItem","position":1,"name":"Home","item":"https:\/\/jcjarvenpaa.fi\/"},{"@type":"ListItem","position":2,"name":"Ostoskori"}]},{"@type":"WebSite","@id":"https:\/\/jcjarvenpaa.fi\/#website","url":"https:\/\/jcjarvenpaa.fi\/","name":"J\u00e4rvenp\u00e4\u00e4n Seudun Nuorkauppakamari","description":"Be better","publisher":{"@id":"https:\/\/jcjarvenpaa.fi\/#organization"},"potentialAction":[{"@type":"SearchAction","target":{"@type":"EntryPoint","urlTemplate":"https:\/\/jcjarvenpaa.fi\/?s={search_term_string}"},"query-input":{"@type":"PropertyValueSpecification","valueRequired":true,"valueName":"search_term_string"}}],"inLanguage":"en-GB"},{"@type":"Organization","@id":"https:\/\/jcjarvenpaa.fi\/#organization","name":"J\u00e4rvenp\u00e4\u00e4n Seudun Nuorkauppakamari","url":"https:\/\/jcjarvenpaa.fi\/","logo":{"@type":"ImageObject","inLanguage":"en-GB","@id":"https:\/\/jcjarvenpaa.fi\/#\/schema\/logo\/image\/","url":"https:\/\/jcjarvenpaa.fi\/wp-content\/uploads\/2020\/05\/JCI-Ja\u0308rvenpa\u0308a\u0308.png","contentUrl":"https:\/\/jcjarvenpaa.fi\/wp-content\/uploads\/2020\/05\/JCI-Ja\u0308rvenpa\u0308a\u0308.png","width":1042,"height":474,"caption":"J\u00e4rvenp\u00e4\u00e4n Seudun Nuorkauppakamari"},"image":{"@id":"https:\/\/jcjarvenpaa.fi\/#\/schema\/logo\/image\/"}}]}},"_links":{"self":[{"href":"https:\/\/jcjarvenpaa.fi\/en\/wp-json\/wp\/v2\/pages\/910","targetHints":{"allow":["GET"]}}],"collection":[{"href":"https:\/\/jcjarvenpaa.fi\/en\/wp-json\/wp\/v2\/pages"}],"about":[{"href":"https:\/\/jcjarvenpaa.fi\/en\/wp-json\/wp\/v2\/types\/page"}],"author":[{"embeddable":true,"href":"https:\/\/jcjarvenpaa.fi\/en\/wp-json\/wp\/v2\/users\/11"}],"replies":[{"embeddable":true,"href":"https:\/\/jcjarvenpaa.fi\/en\/wp-json\/wp\/v2\/comments?post=910"}],"version-history":[{"count":2,"href":"https:\/\/jcjarvenpaa.fi\/en\/wp-json\/wp\/v2\/pages\/910\/revisions"}],"predecessor-version":[{"id":919,"href":"https:\/\/jcjarvenpaa.fi\/en\/wp-json\/wp\/v2\/pages\/910\/revisions\/919"}],"wp:attachment":[{"href":"https:\/\/jcjarvenpaa.fi\/en\/wp-json\/wp\/v2\/media?parent=910"}],"curies":[{"name":"wp","href":"https:\/\/api.w.org\/{rel}","templated":true}]}}