{"id":60,"date":"2016-11-30T21:44:22","date_gmt":"2016-11-30T19:44:22","guid":{"rendered":"http:\/\/jcjarvenpaafi.wp1.whitestone.fi\/?page_id=60"},"modified":"2025-02-03T15:40:17","modified_gmt":"2025-02-03T13:40:17","slug":"puheenjohtajat","status":"publish","type":"page","link":"https:\/\/jcjarvenpaa.fi\/en\/jc-jarvenpaa\/historia\/puheenjohtajat\/","title":{"rendered":"Puheenjohtajat"},"content":{"rendered":"<p>Toimintaperiaatteemme mukaisesti puheenjohtajana tai muuna hallituksen j\u00e4senen\u00e4 on kukin j\u00e4sen vain yhden kauden samassa teht\u00e4v\u00e4ss\u00e4. T\u00e4m\u00e4 on my\u00f6s osa koulutusta. J\u00e4rvenp\u00e4\u00e4n seudun nuorkauppakamari ry:n puheenjohtajina ovat toimineet<\/p>\n<p><strong>1971<\/strong> Orvo Raatikainen<br \/>\n<strong>1972<\/strong> Orvo Raatikainen<br \/>\n<strong>1973<\/strong> Osmo M\u00e4kel\u00e4<br \/>\n<strong>1974<\/strong> Pertti Kuosmanen<br \/>\n<strong>1975<\/strong> Ossi Lapatto<br \/>\n<strong>1976<\/strong> Juhani Kokko ja Toivo Kolo<br \/>\n<strong>1977<\/strong> Kunto Hagelin<br \/>\n<strong>1978<\/strong> Eero Haapanen<br \/>\n<strong>1979<\/strong> Esko Siik<br \/>\n<strong>1980<\/strong> Risto K\u00e4rj\u00e4<br \/>\n<strong>1981<\/strong> Juhani Ahvenainen<br \/>\n<strong>1982<\/strong> Harri Kiviluote<br \/>\n<strong>1983<\/strong> Aarre Kettunen<br \/>\n<strong>1984<\/strong> Unto Vesterdahl<br \/>\n<strong>1985<\/strong> Hannu Rinne<br \/>\n<strong>1986<\/strong> Matti Huunan \u2013Sepp\u00e4l\u00e4<br \/>\n<strong>1987<\/strong> Paavo Vainio<br \/>\n<strong>1988<\/strong> Keijo Savolainen<br \/>\n<strong>1989<\/strong> Leena Vitikainen<br \/>\n<strong>1990<\/strong> Maaret Weide<br \/>\n<strong>1991<\/strong> Ismo Talka<br \/>\n<strong>1992<\/strong> Ari Neej\u00e4rvi<br \/>\n<strong>1993<\/strong> Pekka Tuppuri<br \/>\n<strong>1994<\/strong> Jouko Tenhula<br \/>\n<strong>1995<\/strong> Raili Savolainen<br \/>\n<strong>1996<\/strong> Jari Partanen<br \/>\n<strong>1997<\/strong> Risto Unkuri<br \/>\n<strong>1998<\/strong> Pasi-Heikki Rannisto<br \/>\n<strong>1999<\/strong> Tiina Tenhula<br \/>\n<strong>2000<\/strong> Jokke H\u00e4rm\u00e4<br \/>\n<strong>2001<\/strong> Sanna Turunen<br \/>\n<strong>2002<\/strong> Sari Hammari<br \/>\n<strong>2003<\/strong> Hannu Lemmetti<br \/>\n<strong>2004<\/strong> Mika Gilan<br \/>\n<strong>2005<\/strong> Sari H\u00e4m\u00e4l\u00e4inen<br \/>\n<strong>2006<\/strong> Mikko Ranta<br \/>\n<strong>2007<\/strong> Milla Niittym\u00e4ki<br \/>\n<strong>2008<\/strong> Viki Tuppuri<br \/>\n<strong>2009<\/strong> Peter de Jong<br \/>\n<strong>2010<\/strong> Elina Ranta<br \/>\n<strong>2011<\/strong> Jarno Kanninen<br \/>\n<strong>2012<\/strong> Kati Tuppuri<br \/>\n<strong>2013<\/strong> Irina Viitala<br \/>\n<strong>2014<\/strong> Ville Hanski<br \/>\n<strong>2015<\/strong> Topi Rantala<br \/>\n<strong>2016<\/strong> Tomi Riipinen<br \/>\n<strong>2017<\/strong> Anna-Maija Rissanen<br \/>\n<strong>2018<\/strong> Maija Lepola<br \/>\n<strong>2019<\/strong> Paavo J\u00e4\u00e4skel\u00e4inen<br \/>\n<strong>2020<\/strong> Salla Niemel\u00e4<br \/>\n<strong>2021<\/strong> Viktor Andersson<br \/>\n<strong>2022<\/strong> Ellen Vikman<br \/>\n<strong>2023 <\/strong>Mikko L\u00e4hteel\u00e4<br \/>\n<strong>2024<\/strong> Jere Haavisto<br \/>\n<strong>2025<\/strong> Riku Laukkanen<\/p>","protected":false},"excerpt":{"rendered":"<p>Toimintaperiaatteemme mukaisesti puheenjohtajana tai muuna hallituksen j\u00e4senen\u00e4 on kukin j\u00e4sen vain yhden kauden samassa teht\u00e4v\u00e4ss\u00e4. T\u00e4m\u00e4 on my\u00f6s osa koulutusta. J\u00e4rvenp\u00e4\u00e4n seudun nuorkauppakamari ry:n puheenjohtajina ovat toimineet 1971 Orvo Raatikainen 1972 Orvo Raatikainen 1973 Osmo M\u00e4kel\u00e4 1974 Pertti Kuosmanen 1975 Ossi Lapatto 1976 Juhani Kokko ja Toivo Kolo 1977 Kunto Hagelin 1978 Eero Haapanen 1979 [&hellip;]<\/p>","protected":false},"author":1,"featured_media":0,"parent":57,"menu_order":0,"comment_status":"closed","ping_status":"closed","template":"","meta":{"site-sidebar-layout":"default","site-content-layout":"default","ast-site-content-layout":"default","site-content-style":"default","site-sidebar-style":"default","ast-global-header-display":"","ast-banner-title-visibility":"","ast-main-header-display":"","ast-hfb-above-header-display":"","ast-hfb-below-header-display":"","ast-hfb-mobile-header-display":"","site-post-title":"","ast-breadcrumbs-content":"","ast-featured-img":"","footer-sml-layout":"","theme-transparent-header-meta":"default","adv-header-id-meta":"","stick-header-meta":"","header-above-stick-meta":"","header-main-stick-meta":"","header-below-stick-meta":"","astra-migrate-meta-layouts":"set","ast-page-background-enabled":"default","ast-page-background-meta":{"desktop":{"background-color":"","background-image":"","background-repeat":"repeat","background-position":"center center","background-size":"auto","background-attachment":"scroll","background-type":"","background-media":"","overlay-type":"","overlay-color":"","overlay-opacity":"","overlay-gradient":""},"tablet":{"background-color":"","background-image":"","background-repeat":"repeat","background-position":"center center","background-size":"auto","background-attachment":"scroll","background-type":"","background-media":"","overlay-type":"","overlay-color":"","overlay-opacity":"","overlay-gradient":""},"mobile":{"background-color":"","background-image":"","background-repeat":"repeat","background-position":"center center","background-size":"auto","background-attachment":"scroll","background-type":"","background-media":"","overlay-type":"","overlay-color":"","overlay-opacity":"","overlay-gradient":""}},"ast-content-background-meta":{"desktop":{"background-color":"var(--ast-global-color-5)","background-image":"","background-repeat":"repeat","background-position":"center center","background-size":"auto","background-attachment":"scroll","background-type":"","background-media":"","overlay-type":"","overlay-color":"","overlay-opacity":"","overlay-gradient":""},"tablet":{"background-color":"var(--ast-global-color-5)","background-image":"","background-repeat":"repeat","background-position":"center center","background-size":"auto","background-attachment":"scroll","background-type":"","background-media":"","overlay-type":"","overlay-color":"","overlay-opacity":"","overlay-gradient":""},"mobile":{"background-color":"var(--ast-global-color-5)","background-image":"","background-repeat":"repeat","background-position":"center center","background-size":"auto","background-attachment":"scroll","background-type":"","background-media":"","overlay-type":"","overlay-color":"","overlay-opacity":"","overlay-gradient":""}},"footnotes":""},"class_list":["post-60","page","type-page","status-publish","hentry"],"yoast_head":"<!-- This site is optimized with the Yoast SEO plugin v26.1.1 - https:\/\/yoast.com\/wordpress\/plugins\/seo\/ -->\n<title>Puheenjohtajat - J\u00e4rvenp\u00e4\u00e4n Seudun Nuorkauppakamari<\/title>\n<meta name=\"robots\" content=\"index, follow, max-snippet:-1, max-image-preview:large, max-video-preview:-1\" \/>\n<link rel=\"canonical\" href=\"https:\/\/jcjarvenpaa.fi\/en\/jc-jarvenpaa\/historia\/puheenjohtajat\/\" \/>\n<meta property=\"og:locale\" content=\"en_GB\" \/>\n<meta property=\"og:type\" content=\"article\" \/>\n<meta property=\"og:title\" content=\"Puheenjohtajat - J\u00e4rvenp\u00e4\u00e4n Seudun Nuorkauppakamari\" \/>\n<meta property=\"og:description\" content=\"Toimintaperiaatteemme mukaisesti puheenjohtajana tai muuna hallituksen j\u00e4senen\u00e4 on kukin j\u00e4sen vain yhden kauden samassa teht\u00e4v\u00e4ss\u00e4. T\u00e4m\u00e4 on my\u00f6s osa koulutusta. J\u00e4rvenp\u00e4\u00e4n seudun nuorkauppakamari ry:n puheenjohtajina ovat toimineet 1971 Orvo Raatikainen 1972 Orvo Raatikainen 1973 Osmo M\u00e4kel\u00e4 1974 Pertti Kuosmanen 1975 Ossi Lapatto 1976 Juhani Kokko ja Toivo Kolo 1977 Kunto Hagelin 1978 Eero Haapanen 1979 [&hellip;]\" \/>\n<meta property=\"og:url\" content=\"https:\/\/jcjarvenpaa.fi\/en\/jc-jarvenpaa\/historia\/puheenjohtajat\/\" \/>\n<meta property=\"og:site_name\" content=\"J\u00e4rvenp\u00e4\u00e4n Seudun Nuorkauppakamari\" \/>\n<meta property=\"article:modified_time\" content=\"2025-02-03T13:40:17+00:00\" \/>\n<meta name=\"twitter:card\" content=\"summary_large_image\" \/>\n<meta name=\"twitter:label1\" content=\"Estimated reading time\" \/>\n\t<meta name=\"twitter:data1\" content=\"1 minute\" \/>\n<script type=\"application\/ld+json\" class=\"yoast-schema-graph\">{\"@context\":\"https:\/\/schema.org\",\"@graph\":[{\"@type\":\"WebPage\",\"@id\":\"https:\/\/jcjarvenpaa.fi\/jc-jarvenpaa\/historia\/puheenjohtajat\/\",\"url\":\"https:\/\/jcjarvenpaa.fi\/jc-jarvenpaa\/historia\/puheenjohtajat\/\",\"name\":\"Puheenjohtajat - J\u00e4rvenp\u00e4\u00e4n Seudun Nuorkauppakamari\",\"isPartOf\":{\"@id\":\"https:\/\/jcjarvenpaa.fi\/#website\"},\"datePublished\":\"2016-11-30T19:44:22+00:00\",\"dateModified\":\"2025-02-03T13:40:17+00:00\",\"breadcrumb\":{\"@id\":\"https:\/\/jcjarvenpaa.fi\/jc-jarvenpaa\/historia\/puheenjohtajat\/#breadcrumb\"},\"inLanguage\":\"en-GB\",\"potentialAction\":[{\"@type\":\"ReadAction\",\"target\":[\"https:\/\/jcjarvenpaa.fi\/jc-jarvenpaa\/historia\/puheenjohtajat\/\"]}]},{\"@type\":\"BreadcrumbList\",\"@id\":\"https:\/\/jcjarvenpaa.fi\/jc-jarvenpaa\/historia\/puheenjohtajat\/#breadcrumb\",\"itemListElement\":[{\"@type\":\"ListItem\",\"position\":1,\"name\":\"Home\",\"item\":\"https:\/\/jcjarvenpaa.fi\/\"},{\"@type\":\"ListItem\",\"position\":2,\"name\":\"JCI J\u00e4rvenp\u00e4\u00e4\",\"item\":\"https:\/\/jcjarvenpaa.fi\/jc-jarvenpaa\/\"},{\"@type\":\"ListItem\",\"position\":3,\"name\":\"Historia\",\"item\":\"https:\/\/jcjarvenpaa.fi\/jc-jarvenpaa\/historia\/\"},{\"@type\":\"ListItem\",\"position\":4,\"name\":\"Puheenjohtajat\"}]},{\"@type\":\"WebSite\",\"@id\":\"https:\/\/jcjarvenpaa.fi\/#website\",\"url\":\"https:\/\/jcjarvenpaa.fi\/\",\"name\":\"J\u00e4rvenp\u00e4\u00e4n Seudun Nuorkauppakamari\",\"description\":\"Be better\",\"publisher\":{\"@id\":\"https:\/\/jcjarvenpaa.fi\/#organization\"},\"potentialAction\":[{\"@type\":\"SearchAction\",\"target\":{\"@type\":\"EntryPoint\",\"urlTemplate\":\"https:\/\/jcjarvenpaa.fi\/?s={search_term_string}\"},\"query-input\":{\"@type\":\"PropertyValueSpecification\",\"valueRequired\":true,\"valueName\":\"search_term_string\"}}],\"inLanguage\":\"en-GB\"},{\"@type\":\"Organization\",\"@id\":\"https:\/\/jcjarvenpaa.fi\/#organization\",\"name\":\"J\u00e4rvenp\u00e4\u00e4n Seudun Nuorkauppakamari\",\"url\":\"https:\/\/jcjarvenpaa.fi\/\",\"logo\":{\"@type\":\"ImageObject\",\"inLanguage\":\"en-GB\",\"@id\":\"https:\/\/jcjarvenpaa.fi\/#\/schema\/logo\/image\/\",\"url\":\"https:\/\/jcjarvenpaa.fi\/wp-content\/uploads\/2020\/05\/JCI-Ja\u0308rvenpa\u0308a\u0308.png\",\"contentUrl\":\"https:\/\/jcjarvenpaa.fi\/wp-content\/uploads\/2020\/05\/JCI-Ja\u0308rvenpa\u0308a\u0308.png\",\"width\":1042,\"height\":474,\"caption\":\"J\u00e4rvenp\u00e4\u00e4n Seudun Nuorkauppakamari\"},\"image\":{\"@id\":\"https:\/\/jcjarvenpaa.fi\/#\/schema\/logo\/image\/\"}}]}<\/script>\n<!-- \/ Yoast SEO plugin. -->","yoast_head_json":{"title":"Puheenjohtajat - J\u00e4rvenp\u00e4\u00e4n Seudun Nuorkauppakamari","robots":{"index":"index","follow":"follow","max-snippet":"max-snippet:-1","max-image-preview":"max-image-preview:large","max-video-preview":"max-video-preview:-1"},"canonical":"https:\/\/jcjarvenpaa.fi\/en\/jc-jarvenpaa\/historia\/puheenjohtajat\/","og_locale":"en_GB","og_type":"article","og_title":"Puheenjohtajat - J\u00e4rvenp\u00e4\u00e4n Seudun Nuorkauppakamari","og_description":"Toimintaperiaatteemme mukaisesti puheenjohtajana tai muuna hallituksen j\u00e4senen\u00e4 on kukin j\u00e4sen vain yhden kauden samassa teht\u00e4v\u00e4ss\u00e4. T\u00e4m\u00e4 on my\u00f6s osa koulutusta. J\u00e4rvenp\u00e4\u00e4n seudun nuorkauppakamari ry:n puheenjohtajina ovat toimineet 1971 Orvo Raatikainen 1972 Orvo Raatikainen 1973 Osmo M\u00e4kel\u00e4 1974 Pertti Kuosmanen 1975 Ossi Lapatto 1976 Juhani Kokko ja Toivo Kolo 1977 Kunto Hagelin 1978 Eero Haapanen 1979 [&hellip;]","og_url":"https:\/\/jcjarvenpaa.fi\/en\/jc-jarvenpaa\/historia\/puheenjohtajat\/","og_site_name":"J\u00e4rvenp\u00e4\u00e4n Seudun Nuorkauppakamari","article_modified_time":"2025-02-03T13:40:17+00:00","twitter_card":"summary_large_image","twitter_misc":{"Estimated reading time":"1 minute"},"schema":{"@context":"https:\/\/schema.org","@graph":[{"@type":"WebPage","@id":"https:\/\/jcjarvenpaa.fi\/jc-jarvenpaa\/historia\/puheenjohtajat\/","url":"https:\/\/jcjarvenpaa.fi\/jc-jarvenpaa\/historia\/puheenjohtajat\/","name":"Puheenjohtajat - J\u00e4rvenp\u00e4\u00e4n Seudun Nuorkauppakamari","isPartOf":{"@id":"https:\/\/jcjarvenpaa.fi\/#website"},"datePublished":"2016-11-30T19:44:22+00:00","dateModified":"2025-02-03T13:40:17+00:00","breadcrumb":{"@id":"https:\/\/jcjarvenpaa.fi\/jc-jarvenpaa\/historia\/puheenjohtajat\/#breadcrumb"},"inLanguage":"en-GB","potentialAction":[{"@type":"ReadAction","target":["https:\/\/jcjarvenpaa.fi\/jc-jarvenpaa\/historia\/puheenjohtajat\/"]}]},{"@type":"BreadcrumbList","@id":"https:\/\/jcjarvenpaa.fi\/jc-jarvenpaa\/historia\/puheenjohtajat\/#breadcrumb","itemListElement":[{"@type":"ListItem","position":1,"name":"Home","item":"https:\/\/jcjarvenpaa.fi\/"},{"@type":"ListItem","position":2,"name":"JCI J\u00e4rvenp\u00e4\u00e4","item":"https:\/\/jcjarvenpaa.fi\/jc-jarvenpaa\/"},{"@type":"ListItem","position":3,"name":"Historia","item":"https:\/\/jcjarvenpaa.fi\/jc-jarvenpaa\/historia\/"},{"@type":"ListItem","position":4,"name":"Puheenjohtajat"}]},{"@type":"WebSite","@id":"https:\/\/jcjarvenpaa.fi\/#website","url":"https:\/\/jcjarvenpaa.fi\/","name":"J\u00e4rvenp\u00e4\u00e4n Seudun Nuorkauppakamari","description":"Be better","publisher":{"@id":"https:\/\/jcjarvenpaa.fi\/#organization"},"potentialAction":[{"@type":"SearchAction","target":{"@type":"EntryPoint","urlTemplate":"https:\/\/jcjarvenpaa.fi\/?s={search_term_string}"},"query-input":{"@type":"PropertyValueSpecification","valueRequired":true,"valueName":"search_term_string"}}],"inLanguage":"en-GB"},{"@type":"Organization","@id":"https:\/\/jcjarvenpaa.fi\/#organization","name":"J\u00e4rvenp\u00e4\u00e4n Seudun Nuorkauppakamari","url":"https:\/\/jcjarvenpaa.fi\/","logo":{"@type":"ImageObject","inLanguage":"en-GB","@id":"https:\/\/jcjarvenpaa.fi\/#\/schema\/logo\/image\/","url":"https:\/\/jcjarvenpaa.fi\/wp-content\/uploads\/2020\/05\/JCI-Ja\u0308rvenpa\u0308a\u0308.png","contentUrl":"https:\/\/jcjarvenpaa.fi\/wp-content\/uploads\/2020\/05\/JCI-Ja\u0308rvenpa\u0308a\u0308.png","width":1042,"height":474,"caption":"J\u00e4rvenp\u00e4\u00e4n Seudun Nuorkauppakamari"},"image":{"@id":"https:\/\/jcjarvenpaa.fi\/#\/schema\/logo\/image\/"}}]}},"_links":{"self":[{"href":"https:\/\/jcjarvenpaa.fi\/en\/wp-json\/wp\/v2\/pages\/60","targetHints":{"allow":["GET"]}}],"collection":[{"href":"https:\/\/jcjarvenpaa.fi\/en\/wp-json\/wp\/v2\/pages"}],"about":[{"href":"https:\/\/jcjarvenpaa.fi\/en\/wp-json\/wp\/v2\/types\/page"}],"author":[{"embeddable":true,"href":"https:\/\/jcjarvenpaa.fi\/en\/wp-json\/wp\/v2\/users\/1"}],"replies":[{"embeddable":true,"href":"https:\/\/jcjarvenpaa.fi\/en\/wp-json\/wp\/v2\/comments?post=60"}],"version-history":[{"count":9,"href":"https:\/\/jcjarvenpaa.fi\/en\/wp-json\/wp\/v2\/pages\/60\/revisions"}],"predecessor-version":[{"id":4399,"href":"https:\/\/jcjarvenpaa.fi\/en\/wp-json\/wp\/v2\/pages\/60\/revisions\/4399"}],"up":[{"embeddable":true,"href":"https:\/\/jcjarvenpaa.fi\/en\/wp-json\/wp\/v2\/pages\/57"}],"wp:attachment":[{"href":"https:\/\/jcjarvenpaa.fi\/en\/wp-json\/wp\/v2\/media?parent=60"}],"curies":[{"name":"wp","href":"https:\/\/api.w.org\/{rel}","templated":true}]}}