{"id":57,"date":"2016-11-30T21:40:53","date_gmt":"2016-11-30T19:40:53","guid":{"rendered":"http:\/\/jcjarvenpaafi.wp1.whitestone.fi\/?page_id=57"},"modified":"2016-11-30T21:43:06","modified_gmt":"2016-11-30T19:43:06","slug":"historia","status":"publish","type":"page","link":"https:\/\/jcjarvenpaa.fi\/en\/jc-jarvenpaa\/historia\/","title":{"rendered":"Historia"},"content":{"rendered":"<p>25.5.1971 pidettiin silloisen KOP:n kerhotiloissa kokous, jossa p\u00e4\u00e4tettiin kutsua koolle varsinainen J\u00e4rvenp\u00e4\u00e4n nuorkauppakamari ry:n perustava kokous. Varsinainen perustamiskokous pidettiin <strong>8.9.1971<\/strong> Seurahuoneella, jossa kokousta johti <strong>Mauno Saario<\/strong>.<\/p>\n<p>Kummeina toimivat Riihim\u00e4en ja Keravan nuorkauppakamarit. Koska yhdistyksen toimialueeksi nimettiin J\u00e4rvenp\u00e4\u00e4 ja Tuusula, p\u00e4\u00e4tettiin nimeksi ottaa <strong>J\u00e4rvenp\u00e4\u00e4n Seudun Nuorkauppakamari ry<\/strong>.<\/p>\n<p>Kamarimme historian ensimm\u00e4iseksi puheenjohtajaksi valittiin pankinjohtaja <strong>Orvo Raatikainen<\/strong>.<\/p>\n<p>Heti alusta l\u00e4htien on yhdistys toteuttanut nuorkauppakamarij\u00e4rjest\u00f6n johtavaa periaatetta, <strong>tekem\u00e4ll\u00e4 oppii<\/strong>, aktiivisesti erilaisten j\u00e4senist\u00f6\u00f6n kohdistuvien koulutustilaisuuksien ja projektien kautta. J\u00e4senist\u00f6n koulutus onkin aina ollut t\u00e4rkeimpi\u00e4 toimintaperiaatteitamme<\/p>\n<p>Menneisiin 35-vuoteen sis\u00e4ltyy lukuisia koulutustapahtumia, joissa j\u00e4senille tarjottua tietoa on voinut hy\u00f6dynt\u00e4\u00e4 sek\u00e4 omassa ty\u00f6ss\u00e4\u00e4n ett\u00e4 itsens\u00e4 henkisess\u00e4 kehitt\u00e4misess\u00e4. Vuosien varrella koulutusaiheina ovat olleet muun muassa johtamiseen liittyv\u00e4t kysymykset, yrityspelit, henkil\u00f6kohtainen taitokartta, luova ajattelu, paineensietokyky, viinikurssit, kohti parempia ihmissuhteita, erilaiset atk-koulutukset, k\u00e4dentaitojen opettelu. Lis\u00e4ksi on viime vuosien aikana yh\u00e4 enemm\u00e4n perehdytty itsens\u00e4 kunnossa pit\u00e4misen oppimiseen sek\u00e4 ajan k\u00e4yt\u00f6n hallintaan. Erilaiset koulutusaiheet ovat usein toistuneet vuosien mittaan ajan henkeen mukautuen.<\/p>\n<p>Yhdistyksen kuukausikokoukset on my\u00f6skin pyritty mahdollisuuksien mukaan j\u00e4rjest\u00e4m\u00e4\u00e4n alueella sijaitsevissa yrityksiss\u00e4, jotta paikallistuntemus lis\u00e4\u00e4ntyisi ja jotta toimintamme tulisi tutuksi mahdollisimman laajoille kontaktipinnoille.<\/p>\n<p>Vuosittain toistuvia perinteit\u00e4 on pyritty pit\u00e4m\u00e4\u00e4n yll\u00e4. Suuri osa tapahtumista on tarkoitettu koko perheelle, sill\u00e4 perhe on t\u00e4rke\u00e4 elementti JC\u2013toiminnassa. J\u00e4rvenp\u00e4\u00e4n seudun nuorkauppakamarin traditioita ovat olleet mm. lasten pikkujoulu, uuden vuoden tinajuhlat, Tapaus Tuntematon, rapujuhlat, J\u00e4rvenp\u00e4\u00e4n Messut, Joulupuu ja Vaihtoehtona yritt\u00e4jyys -p\u00e4iv\u00e4. Tapahtumien projektip\u00e4\u00e4llik\u00f6t vaihtuvat vuosittain, mik\u00e4 antaa j\u00e4senist\u00f6lle mahdollisuuden kouluttautua uusille vastuualueille osallistumalla suunnitteluun ja toteutukseen.<\/p>","protected":false},"excerpt":{"rendered":"<p>25.5.1971 pidettiin silloisen KOP:n kerhotiloissa kokous, jossa p\u00e4\u00e4tettiin kutsua koolle varsinainen J\u00e4rvenp\u00e4\u00e4n nuorkauppakamari ry:n perustava kokous. Varsinainen perustamiskokous pidettiin 8.9.1971 Seurahuoneella, jossa kokousta johti Mauno Saario. Kummeina toimivat Riihim\u00e4en ja Keravan nuorkauppakamarit. Koska yhdistyksen toimialueeksi nimettiin J\u00e4rvenp\u00e4\u00e4 ja Tuusula, p\u00e4\u00e4tettiin nimeksi ottaa J\u00e4rvenp\u00e4\u00e4n Seudun Nuorkauppakamari ry. Kamarimme historian ensimm\u00e4iseksi puheenjohtajaksi valittiin pankinjohtaja Orvo Raatikainen. Heti [&hellip;]<\/p>","protected":false},"author":1,"featured_media":0,"parent":14,"menu_order":0,"comment_status":"closed","ping_status":"closed","template":"","meta":{"site-sidebar-layout":"default","site-content-layout":"","ast-site-content-layout":"default","site-content-style":"default","site-sidebar-style":"default","ast-global-header-display":"","ast-banner-title-visibility":"","ast-main-header-display":"","ast-hfb-above-header-display":"","ast-hfb-below-header-display":"","ast-hfb-mobile-header-display":"","site-post-title":"","ast-breadcrumbs-content":"","ast-featured-img":"","footer-sml-layout":"","theme-transparent-header-meta":"","adv-header-id-meta":"","stick-header-meta":"","header-above-stick-meta":"","header-main-stick-meta":"","header-below-stick-meta":"","astra-migrate-meta-layouts":"default","ast-page-background-enabled":"default","ast-page-background-meta":{"desktop":{"background-color":"","background-image":"","background-repeat":"repeat","background-position":"center center","background-size":"auto","background-attachment":"scroll","background-type":"","background-media":"","overlay-type":"","overlay-color":"","overlay-opacity":"","overlay-gradient":""},"tablet":{"background-color":"","background-image":"","background-repeat":"repeat","background-position":"center center","background-size":"auto","background-attachment":"scroll","background-type":"","background-media":"","overlay-type":"","overlay-color":"","overlay-opacity":"","overlay-gradient":""},"mobile":{"background-color":"","background-image":"","background-repeat":"repeat","background-position":"center center","background-size":"auto","background-attachment":"scroll","background-type":"","background-media":"","overlay-type":"","overlay-color":"","overlay-opacity":"","overlay-gradient":""}},"ast-content-background-meta":{"desktop":{"background-color":"var(--ast-global-color-5)","background-image":"","background-repeat":"repeat","background-position":"center center","background-size":"auto","background-attachment":"scroll","background-type":"","background-media":"","overlay-type":"","overlay-color":"","overlay-opacity":"","overlay-gradient":""},"tablet":{"background-color":"var(--ast-global-color-5)","background-image":"","background-repeat":"repeat","background-position":"center center","background-size":"auto","background-attachment":"scroll","background-type":"","background-media":"","overlay-type":"","overlay-color":"","overlay-opacity":"","overlay-gradient":""},"mobile":{"background-color":"var(--ast-global-color-5)","background-image":"","background-repeat":"repeat","background-position":"center center","background-size":"auto","background-attachment":"scroll","background-type":"","background-media":"","overlay-type":"","overlay-color":"","overlay-opacity":"","overlay-gradient":""}},"footnotes":""},"class_list":["post-57","page","type-page","status-publish","hentry"],"yoast_head":"<!-- This site is optimized with the Yoast SEO plugin v26.1.1 - https:\/\/yoast.com\/wordpress\/plugins\/seo\/ -->\n<title>Historia - J\u00e4rvenp\u00e4\u00e4n Seudun Nuorkauppakamari<\/title>\n<meta name=\"robots\" content=\"index, follow, max-snippet:-1, max-image-preview:large, max-video-preview:-1\" \/>\n<link rel=\"canonical\" href=\"https:\/\/jcjarvenpaa.fi\/en\/jc-jarvenpaa\/historia\/\" \/>\n<meta property=\"og:locale\" content=\"en_GB\" \/>\n<meta property=\"og:type\" content=\"article\" \/>\n<meta property=\"og:title\" content=\"Historia - J\u00e4rvenp\u00e4\u00e4n Seudun Nuorkauppakamari\" \/>\n<meta property=\"og:description\" content=\"25.5.1971 pidettiin silloisen KOP:n kerhotiloissa kokous, jossa p\u00e4\u00e4tettiin kutsua koolle varsinainen J\u00e4rvenp\u00e4\u00e4n nuorkauppakamari ry:n perustava kokous. Varsinainen perustamiskokous pidettiin 8.9.1971 Seurahuoneella, jossa kokousta johti Mauno Saario. Kummeina toimivat Riihim\u00e4en ja Keravan nuorkauppakamarit. Koska yhdistyksen toimialueeksi nimettiin J\u00e4rvenp\u00e4\u00e4 ja Tuusula, p\u00e4\u00e4tettiin nimeksi ottaa J\u00e4rvenp\u00e4\u00e4n Seudun Nuorkauppakamari ry. Kamarimme historian ensimm\u00e4iseksi puheenjohtajaksi valittiin pankinjohtaja Orvo Raatikainen. Heti [&hellip;]\" \/>\n<meta property=\"og:url\" content=\"https:\/\/jcjarvenpaa.fi\/en\/jc-jarvenpaa\/historia\/\" \/>\n<meta property=\"og:site_name\" content=\"J\u00e4rvenp\u00e4\u00e4n Seudun Nuorkauppakamari\" \/>\n<meta property=\"article:modified_time\" content=\"2016-11-30T19:43:06+00:00\" \/>\n<meta name=\"twitter:card\" content=\"summary_large_image\" \/>\n<meta name=\"twitter:label1\" content=\"Estimated reading time\" \/>\n\t<meta name=\"twitter:data1\" content=\"1 minute\" \/>\n<script type=\"application\/ld+json\" class=\"yoast-schema-graph\">{\"@context\":\"https:\/\/schema.org\",\"@graph\":[{\"@type\":\"WebPage\",\"@id\":\"https:\/\/jcjarvenpaa.fi\/jc-jarvenpaa\/historia\/\",\"url\":\"https:\/\/jcjarvenpaa.fi\/jc-jarvenpaa\/historia\/\",\"name\":\"Historia - J\u00e4rvenp\u00e4\u00e4n Seudun Nuorkauppakamari\",\"isPartOf\":{\"@id\":\"https:\/\/jcjarvenpaa.fi\/#website\"},\"datePublished\":\"2016-11-30T19:40:53+00:00\",\"dateModified\":\"2016-11-30T19:43:06+00:00\",\"breadcrumb\":{\"@id\":\"https:\/\/jcjarvenpaa.fi\/jc-jarvenpaa\/historia\/#breadcrumb\"},\"inLanguage\":\"en-GB\",\"potentialAction\":[{\"@type\":\"ReadAction\",\"target\":[\"https:\/\/jcjarvenpaa.fi\/jc-jarvenpaa\/historia\/\"]}]},{\"@type\":\"BreadcrumbList\",\"@id\":\"https:\/\/jcjarvenpaa.fi\/jc-jarvenpaa\/historia\/#breadcrumb\",\"itemListElement\":[{\"@type\":\"ListItem\",\"position\":1,\"name\":\"Home\",\"item\":\"https:\/\/jcjarvenpaa.fi\/\"},{\"@type\":\"ListItem\",\"position\":2,\"name\":\"JCI J\u00e4rvenp\u00e4\u00e4\",\"item\":\"https:\/\/jcjarvenpaa.fi\/jc-jarvenpaa\/\"},{\"@type\":\"ListItem\",\"position\":3,\"name\":\"Historia\"}]},{\"@type\":\"WebSite\",\"@id\":\"https:\/\/jcjarvenpaa.fi\/#website\",\"url\":\"https:\/\/jcjarvenpaa.fi\/\",\"name\":\"J\u00e4rvenp\u00e4\u00e4n Seudun Nuorkauppakamari\",\"description\":\"Be better\",\"publisher\":{\"@id\":\"https:\/\/jcjarvenpaa.fi\/#organization\"},\"potentialAction\":[{\"@type\":\"SearchAction\",\"target\":{\"@type\":\"EntryPoint\",\"urlTemplate\":\"https:\/\/jcjarvenpaa.fi\/?s={search_term_string}\"},\"query-input\":{\"@type\":\"PropertyValueSpecification\",\"valueRequired\":true,\"valueName\":\"search_term_string\"}}],\"inLanguage\":\"en-GB\"},{\"@type\":\"Organization\",\"@id\":\"https:\/\/jcjarvenpaa.fi\/#organization\",\"name\":\"J\u00e4rvenp\u00e4\u00e4n Seudun Nuorkauppakamari\",\"url\":\"https:\/\/jcjarvenpaa.fi\/\",\"logo\":{\"@type\":\"ImageObject\",\"inLanguage\":\"en-GB\",\"@id\":\"https:\/\/jcjarvenpaa.fi\/#\/schema\/logo\/image\/\",\"url\":\"https:\/\/jcjarvenpaa.fi\/wp-content\/uploads\/2020\/05\/JCI-Ja\u0308rvenpa\u0308a\u0308.png\",\"contentUrl\":\"https:\/\/jcjarvenpaa.fi\/wp-content\/uploads\/2020\/05\/JCI-Ja\u0308rvenpa\u0308a\u0308.png\",\"width\":1042,\"height\":474,\"caption\":\"J\u00e4rvenp\u00e4\u00e4n Seudun Nuorkauppakamari\"},\"image\":{\"@id\":\"https:\/\/jcjarvenpaa.fi\/#\/schema\/logo\/image\/\"}}]}<\/script>\n<!-- \/ Yoast SEO plugin. -->","yoast_head_json":{"title":"Historia - J\u00e4rvenp\u00e4\u00e4n Seudun Nuorkauppakamari","robots":{"index":"index","follow":"follow","max-snippet":"max-snippet:-1","max-image-preview":"max-image-preview:large","max-video-preview":"max-video-preview:-1"},"canonical":"https:\/\/jcjarvenpaa.fi\/en\/jc-jarvenpaa\/historia\/","og_locale":"en_GB","og_type":"article","og_title":"Historia - J\u00e4rvenp\u00e4\u00e4n Seudun Nuorkauppakamari","og_description":"25.5.1971 pidettiin silloisen KOP:n kerhotiloissa kokous, jossa p\u00e4\u00e4tettiin kutsua koolle varsinainen J\u00e4rvenp\u00e4\u00e4n nuorkauppakamari ry:n perustava kokous. Varsinainen perustamiskokous pidettiin 8.9.1971 Seurahuoneella, jossa kokousta johti Mauno Saario. Kummeina toimivat Riihim\u00e4en ja Keravan nuorkauppakamarit. Koska yhdistyksen toimialueeksi nimettiin J\u00e4rvenp\u00e4\u00e4 ja Tuusula, p\u00e4\u00e4tettiin nimeksi ottaa J\u00e4rvenp\u00e4\u00e4n Seudun Nuorkauppakamari ry. Kamarimme historian ensimm\u00e4iseksi puheenjohtajaksi valittiin pankinjohtaja Orvo Raatikainen. Heti [&hellip;]","og_url":"https:\/\/jcjarvenpaa.fi\/en\/jc-jarvenpaa\/historia\/","og_site_name":"J\u00e4rvenp\u00e4\u00e4n Seudun Nuorkauppakamari","article_modified_time":"2016-11-30T19:43:06+00:00","twitter_card":"summary_large_image","twitter_misc":{"Estimated reading time":"1 minute"},"schema":{"@context":"https:\/\/schema.org","@graph":[{"@type":"WebPage","@id":"https:\/\/jcjarvenpaa.fi\/jc-jarvenpaa\/historia\/","url":"https:\/\/jcjarvenpaa.fi\/jc-jarvenpaa\/historia\/","name":"Historia - J\u00e4rvenp\u00e4\u00e4n Seudun Nuorkauppakamari","isPartOf":{"@id":"https:\/\/jcjarvenpaa.fi\/#website"},"datePublished":"2016-11-30T19:40:53+00:00","dateModified":"2016-11-30T19:43:06+00:00","breadcrumb":{"@id":"https:\/\/jcjarvenpaa.fi\/jc-jarvenpaa\/historia\/#breadcrumb"},"inLanguage":"en-GB","potentialAction":[{"@type":"ReadAction","target":["https:\/\/jcjarvenpaa.fi\/jc-jarvenpaa\/historia\/"]}]},{"@type":"BreadcrumbList","@id":"https:\/\/jcjarvenpaa.fi\/jc-jarvenpaa\/historia\/#breadcrumb","itemListElement":[{"@type":"ListItem","position":1,"name":"Home","item":"https:\/\/jcjarvenpaa.fi\/"},{"@type":"ListItem","position":2,"name":"JCI J\u00e4rvenp\u00e4\u00e4","item":"https:\/\/jcjarvenpaa.fi\/jc-jarvenpaa\/"},{"@type":"ListItem","position":3,"name":"Historia"}]},{"@type":"WebSite","@id":"https:\/\/jcjarvenpaa.fi\/#website","url":"https:\/\/jcjarvenpaa.fi\/","name":"J\u00e4rvenp\u00e4\u00e4n Seudun Nuorkauppakamari","description":"Be better","publisher":{"@id":"https:\/\/jcjarvenpaa.fi\/#organization"},"potentialAction":[{"@type":"SearchAction","target":{"@type":"EntryPoint","urlTemplate":"https:\/\/jcjarvenpaa.fi\/?s={search_term_string}"},"query-input":{"@type":"PropertyValueSpecification","valueRequired":true,"valueName":"search_term_string"}}],"inLanguage":"en-GB"},{"@type":"Organization","@id":"https:\/\/jcjarvenpaa.fi\/#organization","name":"J\u00e4rvenp\u00e4\u00e4n Seudun Nuorkauppakamari","url":"https:\/\/jcjarvenpaa.fi\/","logo":{"@type":"ImageObject","inLanguage":"en-GB","@id":"https:\/\/jcjarvenpaa.fi\/#\/schema\/logo\/image\/","url":"https:\/\/jcjarvenpaa.fi\/wp-content\/uploads\/2020\/05\/JCI-Ja\u0308rvenpa\u0308a\u0308.png","contentUrl":"https:\/\/jcjarvenpaa.fi\/wp-content\/uploads\/2020\/05\/JCI-Ja\u0308rvenpa\u0308a\u0308.png","width":1042,"height":474,"caption":"J\u00e4rvenp\u00e4\u00e4n Seudun Nuorkauppakamari"},"image":{"@id":"https:\/\/jcjarvenpaa.fi\/#\/schema\/logo\/image\/"}}]}},"_links":{"self":[{"href":"https:\/\/jcjarvenpaa.fi\/en\/wp-json\/wp\/v2\/pages\/57","targetHints":{"allow":["GET"]}}],"collection":[{"href":"https:\/\/jcjarvenpaa.fi\/en\/wp-json\/wp\/v2\/pages"}],"about":[{"href":"https:\/\/jcjarvenpaa.fi\/en\/wp-json\/wp\/v2\/types\/page"}],"author":[{"embeddable":true,"href":"https:\/\/jcjarvenpaa.fi\/en\/wp-json\/wp\/v2\/users\/1"}],"replies":[{"embeddable":true,"href":"https:\/\/jcjarvenpaa.fi\/en\/wp-json\/wp\/v2\/comments?post=57"}],"version-history":[{"count":2,"href":"https:\/\/jcjarvenpaa.fi\/en\/wp-json\/wp\/v2\/pages\/57\/revisions"}],"predecessor-version":[{"id":59,"href":"https:\/\/jcjarvenpaa.fi\/en\/wp-json\/wp\/v2\/pages\/57\/revisions\/59"}],"up":[{"embeddable":true,"href":"https:\/\/jcjarvenpaa.fi\/en\/wp-json\/wp\/v2\/pages\/14"}],"wp:attachment":[{"href":"https:\/\/jcjarvenpaa.fi\/en\/wp-json\/wp\/v2\/media?parent=57"}],"curies":[{"name":"wp","href":"https:\/\/api.w.org\/{rel}","templated":true}]}}