{"id":281,"date":"2017-11-28T19:35:55","date_gmt":"2017-11-28T17:35:55","guid":{"rendered":"https:\/\/jcjarvenpaa.fi\/?page_id=281"},"modified":"2017-11-28T19:43:54","modified_gmt":"2017-11-28T17:43:54","slug":"jc-etiketti","status":"publish","type":"page","link":"https:\/\/jcjarvenpaa.fi\/en\/jc-jarvenpaa\/jc-etiketti\/","title":{"rendered":"JC etiketti"},"content":{"rendered":"<h1>JCI-ETIKETTI \u2013 LYHYT OPPIM\u00c4\u00c4R\u00c4<\/h1>\n<p>ETIKETTI = seura- ja ty\u00f6el\u00e4m\u00e4n, sek\u00e4 yhteiskunnallisen ett\u00e4 yksil\u00f6- ja perhetasolla tapahtuvan, muodollisuus-ja virallisuusasteeltaan vaihtelevan toiminnanyleisesti hyv\u00e4ksytyt tavat ja traditiot. Muotojen noudattamisella keskeinen merkitys rutiinia helpottavana tekij\u00e4n\u00e4.<\/p>\n<p>Etiketti ei ole \u201ctapakulttuurin rikoslaki\u201d, hienostelun v\u00e4line eik\u00e4 n\u00f6yryytysj\u00e4rjestelm\u00e4, vaan joustavaksi tarkoitettu suosituskokoelma, jota pyrit\u00e4\u00e4n noudattamaan terveell\u00e4 j\u00e4rjell\u00e4 ja aseman mukaisella tunnollisuudella.<\/p>\n<p>Muoti ja tyyli(kkyys) ovat kaksi eri asiaa. Ne seuraavat etiketti\u00e4. Ei ole pakko olla<br \/>\nmuodikas tai (jonkun m\u00e4\u00e4ritelm\u00e4n mukaisesti) tyylik\u00e4s. Sek\u00e4 protokolla ett\u00e4 etiketti perustuvat vuosituhansien aikana, kulloisessakin kulttuurissa ja yhteis\u00f6ss\u00e4 syntyneisiin hyv\u00e4ksyttyihin periaatteisiin ja normeihin.<\/p>\n<h1>JCI-etiketti \u2013 Mit\u00e4 se on?<\/h1>\n<p>Uutena j\u00e4senen\u00e4 voi eteen osua omituisia tapoja, jotka voivat jopa h\u00e4tk\u00e4hdytt\u00e4\u00e4. JCkonkarina olet jo tottunut tapoihimme, ja toimimme kaikki niiden mukaisesti.<br \/>\nSeuraavassa k\u00e4ymme lyhyesti l\u00e4pi my\u00f6s JCI-etikettikoulutuksessa esille tulevia JCtapoja:<\/p>\n<h2>Tervehtiminen<\/h2>\n<p>Tervehtiminen on meille normaalia toimintaa jokap\u00e4iv\u00e4isess\u00e4 el\u00e4m\u00e4ss\u00e4. Hyvin<br \/>\ntyypillist\u00e4 on, ett\u00e4 ensimm\u00e4isell\u00e4 kerralla k\u00e4tell\u00e4\u00e4n ja uudelleen tavatessa halataan.<br \/>\n\u00c4l\u00e4 siis yll\u00e4ty, jos joku uusi JC-tuttavuus halaa sinua jo ensimm\u00e4isell\u00e4 kerralla<br \/>\ntavatessanne!<\/p>\n<h2>Pukeutuminen<\/h2>\n<p>Pukeutumisella arvostat is\u00e4nt\u00e4\u00e4. N\u00e4ill\u00e4 s\u00e4\u00e4nn\u00f6ill\u00e4 p\u00e4rj\u00e4\u00e4t JCI-kent\u00e4ll\u00e4 varmasti,<br \/>\nmutta seuraathan aina my\u00f6s j\u00e4rjest\u00e4j\u00e4n antamia pukukoodeja.<\/p>\n<p><span style=\"text-decoration: underline;\">Kamarissa ja alueella<\/span><\/p>\n<ul>\n<li>Kokous business\/vapaa<\/li>\n<li>Iltajuhla naisilla pitk\u00e4 iltapuku ja miehill\u00e4 smokki tai tumma puku<\/li>\n<\/ul>\n<p><span style=\"text-decoration: underline;\">Kansalliset kokoukset<\/span><\/p>\n<ul>\n<li>Tulojuhla vapaa\/teema<\/li>\n<li>Kokous business\/vapaa<\/li>\n<li>Iltajuhla naisilla pitk\u00e4 iltapuku ja miehill\u00e4 smokki tai tumma puku<\/li>\n<\/ul>\n<p><span style=\"text-decoration: underline;\">Kansainv\u00e4liset kokoukset<\/span><\/p>\n<ul>\n<li>Avajaiset kansallispuku\/tumma puku<\/li>\n<li>Tulojuhla tumma puku\/business<\/li>\n<li>Is\u00e4nt\u00e4maan ilta business\/vapaa<\/li>\n<li>International nights vapaa\/Suomi-aiheinen<\/li>\n<li>Kokous\/koulutukset business\/vapaa<\/li>\n<li>Iltajuhla naisilla pitk\u00e4 iltapuku ja miehill\u00e4 smokki tai tumma puku<\/li>\n<\/ul>\n<h2>K\u00e4ytt\u00e4ytyminen<\/h2>\n<p>Ensivaikutelma voi antaa jopa l\u00e4htem\u00e4tt\u00f6m\u00e4n j\u00e4ljen, jota on vaikeaa muuttaa muuksi.<br \/>\nTilannetaju kannattaa muistaa. Mieti, ket\u00e4 edustat ja miten. Oli ratkaisu ja valinta<br \/>\nmik\u00e4 hyv\u00e4ns\u00e4, on t\u00e4rke\u00e4\u00e4 olla tietoinen siit\u00e4, mit\u00e4 ja miksi viestii. Muistathan, ett\u00e4 90% viestinn\u00e4st\u00e4 on sanatonta! Sinulla on mahdollisuus olla muun muassa oikaisemassa maailmalla Suomesta ja suomalaisista liikkuvia harhak\u00e4sityksi\u00e4 \u2013 tai olla tukemassa niit\u00e4.<\/p>\n<h2>Pinssin k\u00e4ytt\u00f6<\/h2>\n<p>Saat oman pinssisi, kun sinusta tulee j\u00e4sen.<br \/>\nToivomme, ett\u00e4 k\u00e4yt\u00e4t j\u00e4senpinssi\u00e4 aina! \u2013 Niin kaikissa JCI-tilaisuuksissa kuin<br \/>\nty\u00f6el\u00e4m\u00e4ss\u00e4kin. HUOM! Pinssi kiinnitet\u00e4\u00e4n aina syd\u00e4men puolelle eli vasemmalle.<br \/>\nJuhlapukeutumisessa k\u00e4ytet\u00e4\u00e4n vain pient\u00e4 kullanv\u00e4rist\u00e4 juhlapinssi\u00e4. Senaattorit<br \/>\nkantavat pinssi\u00e4\u00e4n my\u00f6s juhlapukeutumisessa.<\/p>\n<h3>Erilaisia pinssej\u00e4<\/h3>\n<p>Jokaisella hallituksen j\u00e4senell\u00e4 on oma roolipinssisns\u00e4 j\u00e4senpinssin lis\u00e4ksi.<br \/>\nKultapohjaiset: kansallinen (NOM) ja kansainv\u00e4linen taso<br \/>\nHopeapohjaiset: kamaritaso (LOM)<br \/>\nMuita pinssej\u00e4: Phil Pugsley Patron ns. patruunapinssi, jota k\u00e4ytet\u00e4\u00e4n my\u00f6s<br \/>\njuhlapukeutumisessa.<br \/>\nHUOM! IPP saa k\u00e4ytt\u00e4\u00e4 koko j\u00e4ljell\u00e4 olevan JCI toiminta-ajan IPP-pinssi\u00e4, mik\u00e4li se<br \/>\non viimeisin \u201dkorkein virka\u201d.<br \/>\nKunniaj\u00e4sen saa k\u00e4ytt\u00e4\u00e4 viimeisimm\u00e4n \u201dkorkeimman viran\u201d pinssi\u00e4 tai vastaavasti<br \/>\nUupunut kukko-, Past JC- tai Kunniaj\u00e4sen-pinssi\u00e4, joita ei en\u00e4\u00e4 valmisteta.<\/p>\n<h2>Badgen eli nimilapun k\u00e4ytt\u00f6<\/h2>\n<p>Badgea k\u00e4ytet\u00e4\u00e4n niin Suomessa kuin kansainv\u00e4lisell\u00e4kin tasolla aina kokouksissa<br \/>\n(ei kuitenkaan iltajuhlassa). K\u00e4yt\u00e4 kokousj\u00e4rjest\u00e4j\u00e4n badgea koko ajan, sill\u00e4 se on<br \/>\nns. sis\u00e4\u00e4np\u00e4\u00e4sylippusi tilaisuuksiin. Ja eritt\u00e4in helppo ja k\u00e4tev\u00e4 keskustelun<br \/>\navauslappu : &#8221;Hei, sin\u00e4kin taidat olla JC-l\u00e4inen. Mist\u00e4 kamarista olet? Mit\u00e4 teet.. jne.<br \/>\n&#8221; ja n\u00e4in nopeasti tutustut uusiin ihmisiin.<\/p>\n<h3>GoldenBadge (entinen BlueBatch)<\/h3>\n<p>GoldenBadge on hallituksen ja kansallisten projektip\u00e4\u00e4llik\u00f6iden nimilappu<br \/>\nSuomessa. Badgeja ei k\u00e4ytet\u00e4 kansainv\u00e4lisiss\u00e4 kokouksissa. Siell\u00e4 niit\u00e4 k\u00e4ytt\u00e4v\u00e4t<br \/>\nvain JCI:n hallituksen j\u00e4senet. NP saa k\u00e4ytt\u00e4\u00e4 ko. nimilappua my\u00f6s ko. vuoden<br \/>\nj\u00e4lkeen.<\/p>\n<h3>SilverBadge<\/h3>\n<p>Puheenjohtajat ja aluevirkailijat k\u00e4ytt\u00e4v\u00e4t Suomessa hopeanv\u00e4risi\u00e4 badgeja. HUOM!<br \/>\nBadge kiinnitet\u00e4\u00e4n k\u00e4ttelyk\u00e4den puolelle eli oikealle.<\/p>\n<h2>K\u00e4\u00e4tyjen k\u00e4ytt\u00f6<\/h2>\n<p>Puheenjohtajat vain k\u00e4ytt\u00e4v\u00e4t k\u00e4\u00e4tyj\u00e4. K\u00e4\u00e4tyj\u00e4 k\u00e4ytet\u00e4\u00e4n aina tumman puvun kanssa<br \/>\nniin kamarin omissa, kansallisen tason kuin muidenkin kamareiden tilaisuuksissa.<br \/>\nK\u00e4\u00e4dyill\u00e4 kunnioitat is\u00e4nt\u00e4\u00e4. K\u00e4\u00e4dyt tulee riisua viimeist\u00e4\u00e4n klo 24.00. HUOM!<br \/>\nVarsinkin naispuoliset puheenjohtajat: K\u00e4\u00e4tyj\u00e4 ei saa kantaa paljaalla iholla!<br \/>\nKansainv\u00e4lisiss\u00e4 kokouksissa ainoastaan maan edustajat (NP:t) saavat k\u00e4ytt\u00e4\u00e4 JCI<br \/>\nWorld Presidentin lis\u00e4ksi k\u00e4\u00e4tyj\u00e4.<\/p>\n<h2>Ribbonin k\u00e4ytt\u00f6<\/h2>\n<p>Kansainv\u00e4lisill\u00e4 kentill\u00e4 JCI haluaa tuoda ribbonien k\u00e4yt\u00f6ll\u00e4 m\u00e4\u00e4r\u00e4ttyj\u00e4 henkil\u00f6it\u00e4<br \/>\nesille kansainv\u00e4listen kokousten aikana. Yleisin ribbon on senaattoreilla (keltainen).<br \/>\nMuita ovat lis\u00e4ksi Foundation Members (esimerkiksi Phil Pugsley Patron -rahastoon<br \/>\nlahjoittaneet henkil\u00f6t) jne. My\u00f6s kamareiden puheenjohtajilla ja ensikertalaisilla ovat<br \/>\nomat ribboninsa. Ribbonin saat rekister\u00f6itymispisteest\u00e4 tai JCI Officesta (toimistosta)<br \/>\nkokouspaikalla, jos olet sellaiseen oikeutettu.<\/p>\n<h2>K\u00e4yntikortit<\/h2>\n<p>\u00c4l\u00e4 unohda k\u00e4yntikortteja kotiin. Kokouksissa on hyv\u00e4 mahdollisuus tavata my\u00f6s<br \/>\nsopivia businesskontakteja. Kansainv\u00e4liset kokoukset: Useissa maissa k\u00e4yntikorttien<br \/>\nvaihto on paljon suuremmassa arvossa kuin meill\u00e4. Mik\u00e4li mahdollista, painata<br \/>\nk\u00e4yntikorttisi englanniksi tai esimerkiksi is\u00e4nt\u00e4maan kielell\u00e4. Menettele n\u00e4in<br \/>\nerityisesti, jos toivot business-kontakteja. Muista, ett\u00e4 kun vastaanotat k\u00e4yntikortin,<br \/>\n\u00e4l\u00e4 laita sit\u00e4 heti taskuusi vaan katso sit\u00e4 ja osoita, ett\u00e4 pid\u00e4t sit\u00e4 arvossa. Voit my\u00f6s<br \/>\ntehd\u00e4 kortin k\u00e4\u00e4nt\u00f6puolelle muistiinpanon ko. henkil\u00f6st\u00e4, jotta muistat my\u00f6hemmin,<br \/>\nkenest\u00e4 oli kysymys. Kysy kamarikortteja kamarisi puheenjohtajalta. JCIk\u00e4yntikorttipohjat<br \/>\novat saatavissa JC-Intrassamme.<\/p>\n<h2>JCI-Matrikkeli eli M-files<\/h2>\n<p>Sihteerimme eli SECY l\u00e4hett\u00e4\u00e4 uusille koej\u00e4senille tunnukset martikkeliin<br \/>\nsis\u00e4\u00e4nkirjautumiseen.<br \/>\nKansallinen matrikkeli on tarkoitettu jokaisen j\u00e4senen k\u00e4ytt\u00f6\u00f6n. Matrikkelitietoja ei<br \/>\nsaa ilman Keskusliiton lupaa k\u00e4ytt\u00e4\u00e4 muuhun kuin nuorkauppakamaritoimintaan\/-<br \/>\ntarkoituksiin. K\u00e4\u00e4nny tarvittaessa SG:n puoleen.<\/p>\n<h2>Kantakortti<\/h2>\n<p>Jokaisen j\u00e4senen tulee itse yll\u00e4pit\u00e4\u00e4 kantakorttiaan M-filesin kautta. Olet siit\u00e4 itse<br \/>\nvastuussa! Se sis\u00e4lt\u00e4\u00e4 kaikki kokousk\u00e4ynnit, palkinnot, saavutukset, virat ja<br \/>\nyhteystiedot. Suositeltavaa on pit\u00e4\u00e4 my\u00f6s omaa rinnakkaisversiota omalla koneella,<br \/>\nkaiken varalta. Ajan tasalla olevilla M-filesin tiedoilla varmistat my\u00f6s JCI-postin<br \/>\nperilletulon. Kun, joko eroat tai saavutat 41-vuoden i\u00e4n, sinulle toimitetaan kantakortti<br \/>\nja poistetaan j\u00e4senrekisterist\u00e4. Poisto tapahtuu vain jos et ole ansioitunut ja saanut<br \/>\nsenaattorin tai kunniaj\u00e4senen arvon.<\/p>\n<h2>Palkinnot<\/h2>\n<p>Nuorkauppakamaritoiminnassa palkitaan kamareita ja j\u00e4seni\u00e4 eri tasoilla.<br \/>\nKansallisella tasolla sopivista projekteista tai henkil\u00f6ist\u00e4 tehd\u00e4\u00e4n<br \/>\npalkintohakemuksia, joista kansallinen palkintoraati valitsee voittajat. Alueilla tapa<br \/>\nvaihtelee. Palkintoja joko haetaan tai jaetaan. Useilla alueilla aluejohtaja p\u00e4\u00e4tt\u00e4\u00e4<br \/>\npalkinnonsaajista. My\u00f6s kamareissa tavat vaihtelevat. Kamarissa voi olla my\u00f6s<br \/>\nhaettavia, jaettavia ja eri kokoonpanoilla p\u00e4\u00e4tett\u00e4vi\u00e4 palkintoja. Kansainv\u00e4lisiss\u00e4<br \/>\npalkinnoissa (niin Eurooppa- kuin maailmanpalkinnotkin) toimitaan hakemusten ja<br \/>\nkansainv\u00e4lisen palkintotuomaroinnin kautta. Palkinnot jaetaan vuosittain Eurooppaja<br \/>\nMaailmankokouksessa.<\/p>\n<h2>Kansalliset ehdokkaat<\/h2>\n<p>Kansalliset ehdokkaat (SNKK:n hallitusvirat) kampanjoivat syksyisin n\u00e4kyv\u00e4sti<br \/>\nymp\u00e4ri Suomen. Virkaansa heid\u00e4t \u00e4\u00e4nest\u00e4v\u00e4t kamareiden puheenjohtajat.<br \/>\nVaalikokouksessa ehdokkaat erottuvat ehdokasnauhoilla tai ehdokasbadgella. He<br \/>\novat tiukan tarkkailun alla aina \u00e4\u00e4nestykseen asti. Vuosittain valittava kansallinen<br \/>\nvaalilautakunta arvioi ja valmentaa ehdokkaat.<\/p>","protected":false},"excerpt":{"rendered":"<p>JCI-ETIKETTI \u2013 LYHYT OPPIM\u00c4\u00c4R\u00c4 ETIKETTI = seura- ja ty\u00f6el\u00e4m\u00e4n, sek\u00e4 yhteiskunnallisen ett\u00e4 yksil\u00f6- ja perhetasolla tapahtuvan, muodollisuus-ja virallisuusasteeltaan vaihtelevan toiminnanyleisesti hyv\u00e4ksytyt tavat ja traditiot. Muotojen noudattamisella keskeinen merkitys rutiinia helpottavana tekij\u00e4n\u00e4. Etiketti ei ole \u201ctapakulttuurin rikoslaki\u201d, hienostelun v\u00e4line eik\u00e4 n\u00f6yryytysj\u00e4rjestelm\u00e4, vaan joustavaksi tarkoitettu suosituskokoelma, jota pyrit\u00e4\u00e4n noudattamaan terveell\u00e4 j\u00e4rjell\u00e4 ja aseman mukaisella tunnollisuudella. Muoti ja [&hellip;]<\/p>","protected":false},"author":45,"featured_media":0,"parent":14,"menu_order":5,"comment_status":"closed","ping_status":"closed","template":"","meta":{"site-sidebar-layout":"default","site-content-layout":"","ast-site-content-layout":"default","site-content-style":"default","site-sidebar-style":"default","ast-global-header-display":"","ast-banner-title-visibility":"","ast-main-header-display":"","ast-hfb-above-header-display":"","ast-hfb-below-header-display":"","ast-hfb-mobile-header-display":"","site-post-title":"","ast-breadcrumbs-content":"","ast-featured-img":"","footer-sml-layout":"","theme-transparent-header-meta":"","adv-header-id-meta":"","stick-header-meta":"","header-above-stick-meta":"","header-main-stick-meta":"","header-below-stick-meta":"","astra-migrate-meta-layouts":"default","ast-page-background-enabled":"default","ast-page-background-meta":{"desktop":{"background-color":"","background-image":"","background-repeat":"repeat","background-position":"center center","background-size":"auto","background-attachment":"scroll","background-type":"","background-media":"","overlay-type":"","overlay-color":"","overlay-opacity":"","overlay-gradient":""},"tablet":{"background-color":"","background-image":"","background-repeat":"repeat","background-position":"center center","background-size":"auto","background-attachment":"scroll","background-type":"","background-media":"","overlay-type":"","overlay-color":"","overlay-opacity":"","overlay-gradient":""},"mobile":{"background-color":"","background-image":"","background-repeat":"repeat","background-position":"center center","background-size":"auto","background-attachment":"scroll","background-type":"","background-media":"","overlay-type":"","overlay-color":"","overlay-opacity":"","overlay-gradient":""}},"ast-content-background-meta":{"desktop":{"background-color":"var(--ast-global-color-5)","background-image":"","background-repeat":"repeat","background-position":"center center","background-size":"auto","background-attachment":"scroll","background-type":"","background-media":"","overlay-type":"","overlay-color":"","overlay-opacity":"","overlay-gradient":""},"tablet":{"background-color":"var(--ast-global-color-5)","background-image":"","background-repeat":"repeat","background-position":"center center","background-size":"auto","background-attachment":"scroll","background-type":"","background-media":"","overlay-type":"","overlay-color":"","overlay-opacity":"","overlay-gradient":""},"mobile":{"background-color":"var(--ast-global-color-5)","background-image":"","background-repeat":"repeat","background-position":"center center","background-size":"auto","background-attachment":"scroll","background-type":"","background-media":"","overlay-type":"","overlay-color":"","overlay-opacity":"","overlay-gradient":""}},"footnotes":""},"class_list":["post-281","page","type-page","status-publish","hentry"],"yoast_head":"<!-- This site is optimized with the Yoast SEO plugin v26.1.1 - https:\/\/yoast.com\/wordpress\/plugins\/seo\/ -->\n<title>JC etiketti - J\u00e4rvenp\u00e4\u00e4n Seudun Nuorkauppakamari<\/title>\n<meta name=\"robots\" content=\"index, follow, max-snippet:-1, max-image-preview:large, max-video-preview:-1\" \/>\n<link rel=\"canonical\" href=\"https:\/\/jcjarvenpaa.fi\/en\/jc-jarvenpaa\/jc-etiketti\/\" \/>\n<meta property=\"og:locale\" content=\"en_GB\" \/>\n<meta property=\"og:type\" content=\"article\" \/>\n<meta property=\"og:title\" content=\"JC etiketti - J\u00e4rvenp\u00e4\u00e4n Seudun Nuorkauppakamari\" \/>\n<meta property=\"og:description\" content=\"JCI-ETIKETTI \u2013 LYHYT OPPIM\u00c4\u00c4R\u00c4 ETIKETTI = seura- ja ty\u00f6el\u00e4m\u00e4n, sek\u00e4 yhteiskunnallisen ett\u00e4 yksil\u00f6- ja perhetasolla tapahtuvan, muodollisuus-ja virallisuusasteeltaan vaihtelevan toiminnanyleisesti hyv\u00e4ksytyt tavat ja traditiot. Muotojen noudattamisella keskeinen merkitys rutiinia helpottavana tekij\u00e4n\u00e4. Etiketti ei ole \u201ctapakulttuurin rikoslaki\u201d, hienostelun v\u00e4line eik\u00e4 n\u00f6yryytysj\u00e4rjestelm\u00e4, vaan joustavaksi tarkoitettu suosituskokoelma, jota pyrit\u00e4\u00e4n noudattamaan terveell\u00e4 j\u00e4rjell\u00e4 ja aseman mukaisella tunnollisuudella. Muoti ja [&hellip;]\" \/>\n<meta property=\"og:url\" content=\"https:\/\/jcjarvenpaa.fi\/en\/jc-jarvenpaa\/jc-etiketti\/\" \/>\n<meta property=\"og:site_name\" content=\"J\u00e4rvenp\u00e4\u00e4n Seudun Nuorkauppakamari\" \/>\n<meta property=\"article:modified_time\" content=\"2017-11-28T17:43:54+00:00\" \/>\n<meta name=\"twitter:card\" content=\"summary_large_image\" \/>\n<meta name=\"twitter:label1\" content=\"Estimated reading time\" \/>\n\t<meta name=\"twitter:data1\" content=\"5 minutes\" \/>\n<script type=\"application\/ld+json\" class=\"yoast-schema-graph\">{\"@context\":\"https:\/\/schema.org\",\"@graph\":[{\"@type\":\"WebPage\",\"@id\":\"https:\/\/jcjarvenpaa.fi\/en\/jc-jarvenpaa\/jc-etiketti\/\",\"url\":\"https:\/\/jcjarvenpaa.fi\/en\/jc-jarvenpaa\/jc-etiketti\/\",\"name\":\"JC etiketti - J\u00e4rvenp\u00e4\u00e4n Seudun Nuorkauppakamari\",\"isPartOf\":{\"@id\":\"https:\/\/jcjarvenpaa.fi\/#website\"},\"datePublished\":\"2017-11-28T17:35:55+00:00\",\"dateModified\":\"2017-11-28T17:43:54+00:00\",\"breadcrumb\":{\"@id\":\"https:\/\/jcjarvenpaa.fi\/en\/jc-jarvenpaa\/jc-etiketti\/#breadcrumb\"},\"inLanguage\":\"en-GB\",\"potentialAction\":[{\"@type\":\"ReadAction\",\"target\":[\"https:\/\/jcjarvenpaa.fi\/en\/jc-jarvenpaa\/jc-etiketti\/\"]}]},{\"@type\":\"BreadcrumbList\",\"@id\":\"https:\/\/jcjarvenpaa.fi\/en\/jc-jarvenpaa\/jc-etiketti\/#breadcrumb\",\"itemListElement\":[{\"@type\":\"ListItem\",\"position\":1,\"name\":\"Home\",\"item\":\"https:\/\/jcjarvenpaa.fi\/\"},{\"@type\":\"ListItem\",\"position\":2,\"name\":\"JCI J\u00e4rvenp\u00e4\u00e4\",\"item\":\"https:\/\/jcjarvenpaa.fi\/jc-jarvenpaa\/\"},{\"@type\":\"ListItem\",\"position\":3,\"name\":\"JC etiketti\"}]},{\"@type\":\"WebSite\",\"@id\":\"https:\/\/jcjarvenpaa.fi\/#website\",\"url\":\"https:\/\/jcjarvenpaa.fi\/\",\"name\":\"J\u00e4rvenp\u00e4\u00e4n Seudun Nuorkauppakamari\",\"description\":\"Be better\",\"publisher\":{\"@id\":\"https:\/\/jcjarvenpaa.fi\/#organization\"},\"potentialAction\":[{\"@type\":\"SearchAction\",\"target\":{\"@type\":\"EntryPoint\",\"urlTemplate\":\"https:\/\/jcjarvenpaa.fi\/?s={search_term_string}\"},\"query-input\":{\"@type\":\"PropertyValueSpecification\",\"valueRequired\":true,\"valueName\":\"search_term_string\"}}],\"inLanguage\":\"en-GB\"},{\"@type\":\"Organization\",\"@id\":\"https:\/\/jcjarvenpaa.fi\/#organization\",\"name\":\"J\u00e4rvenp\u00e4\u00e4n Seudun Nuorkauppakamari\",\"url\":\"https:\/\/jcjarvenpaa.fi\/\",\"logo\":{\"@type\":\"ImageObject\",\"inLanguage\":\"en-GB\",\"@id\":\"https:\/\/jcjarvenpaa.fi\/#\/schema\/logo\/image\/\",\"url\":\"https:\/\/jcjarvenpaa.fi\/wp-content\/uploads\/2020\/05\/JCI-Ja\u0308rvenpa\u0308a\u0308.png\",\"contentUrl\":\"https:\/\/jcjarvenpaa.fi\/wp-content\/uploads\/2020\/05\/JCI-Ja\u0308rvenpa\u0308a\u0308.png\",\"width\":1042,\"height\":474,\"caption\":\"J\u00e4rvenp\u00e4\u00e4n Seudun Nuorkauppakamari\"},\"image\":{\"@id\":\"https:\/\/jcjarvenpaa.fi\/#\/schema\/logo\/image\/\"}}]}<\/script>\n<!-- \/ Yoast SEO plugin. -->","yoast_head_json":{"title":"JC etiketti - J\u00e4rvenp\u00e4\u00e4n Seudun Nuorkauppakamari","robots":{"index":"index","follow":"follow","max-snippet":"max-snippet:-1","max-image-preview":"max-image-preview:large","max-video-preview":"max-video-preview:-1"},"canonical":"https:\/\/jcjarvenpaa.fi\/en\/jc-jarvenpaa\/jc-etiketti\/","og_locale":"en_GB","og_type":"article","og_title":"JC etiketti - J\u00e4rvenp\u00e4\u00e4n Seudun Nuorkauppakamari","og_description":"JCI-ETIKETTI \u2013 LYHYT OPPIM\u00c4\u00c4R\u00c4 ETIKETTI = seura- ja ty\u00f6el\u00e4m\u00e4n, sek\u00e4 yhteiskunnallisen ett\u00e4 yksil\u00f6- ja perhetasolla tapahtuvan, muodollisuus-ja virallisuusasteeltaan vaihtelevan toiminnanyleisesti hyv\u00e4ksytyt tavat ja traditiot. Muotojen noudattamisella keskeinen merkitys rutiinia helpottavana tekij\u00e4n\u00e4. Etiketti ei ole \u201ctapakulttuurin rikoslaki\u201d, hienostelun v\u00e4line eik\u00e4 n\u00f6yryytysj\u00e4rjestelm\u00e4, vaan joustavaksi tarkoitettu suosituskokoelma, jota pyrit\u00e4\u00e4n noudattamaan terveell\u00e4 j\u00e4rjell\u00e4 ja aseman mukaisella tunnollisuudella. Muoti ja [&hellip;]","og_url":"https:\/\/jcjarvenpaa.fi\/en\/jc-jarvenpaa\/jc-etiketti\/","og_site_name":"J\u00e4rvenp\u00e4\u00e4n Seudun Nuorkauppakamari","article_modified_time":"2017-11-28T17:43:54+00:00","twitter_card":"summary_large_image","twitter_misc":{"Estimated reading time":"5 minutes"},"schema":{"@context":"https:\/\/schema.org","@graph":[{"@type":"WebPage","@id":"https:\/\/jcjarvenpaa.fi\/en\/jc-jarvenpaa\/jc-etiketti\/","url":"https:\/\/jcjarvenpaa.fi\/en\/jc-jarvenpaa\/jc-etiketti\/","name":"JC etiketti - J\u00e4rvenp\u00e4\u00e4n Seudun Nuorkauppakamari","isPartOf":{"@id":"https:\/\/jcjarvenpaa.fi\/#website"},"datePublished":"2017-11-28T17:35:55+00:00","dateModified":"2017-11-28T17:43:54+00:00","breadcrumb":{"@id":"https:\/\/jcjarvenpaa.fi\/en\/jc-jarvenpaa\/jc-etiketti\/#breadcrumb"},"inLanguage":"en-GB","potentialAction":[{"@type":"ReadAction","target":["https:\/\/jcjarvenpaa.fi\/en\/jc-jarvenpaa\/jc-etiketti\/"]}]},{"@type":"BreadcrumbList","@id":"https:\/\/jcjarvenpaa.fi\/en\/jc-jarvenpaa\/jc-etiketti\/#breadcrumb","itemListElement":[{"@type":"ListItem","position":1,"name":"Home","item":"https:\/\/jcjarvenpaa.fi\/"},{"@type":"ListItem","position":2,"name":"JCI J\u00e4rvenp\u00e4\u00e4","item":"https:\/\/jcjarvenpaa.fi\/jc-jarvenpaa\/"},{"@type":"ListItem","position":3,"name":"JC etiketti"}]},{"@type":"WebSite","@id":"https:\/\/jcjarvenpaa.fi\/#website","url":"https:\/\/jcjarvenpaa.fi\/","name":"J\u00e4rvenp\u00e4\u00e4n Seudun Nuorkauppakamari","description":"Be better","publisher":{"@id":"https:\/\/jcjarvenpaa.fi\/#organization"},"potentialAction":[{"@type":"SearchAction","target":{"@type":"EntryPoint","urlTemplate":"https:\/\/jcjarvenpaa.fi\/?s={search_term_string}"},"query-input":{"@type":"PropertyValueSpecification","valueRequired":true,"valueName":"search_term_string"}}],"inLanguage":"en-GB"},{"@type":"Organization","@id":"https:\/\/jcjarvenpaa.fi\/#organization","name":"J\u00e4rvenp\u00e4\u00e4n Seudun Nuorkauppakamari","url":"https:\/\/jcjarvenpaa.fi\/","logo":{"@type":"ImageObject","inLanguage":"en-GB","@id":"https:\/\/jcjarvenpaa.fi\/#\/schema\/logo\/image\/","url":"https:\/\/jcjarvenpaa.fi\/wp-content\/uploads\/2020\/05\/JCI-Ja\u0308rvenpa\u0308a\u0308.png","contentUrl":"https:\/\/jcjarvenpaa.fi\/wp-content\/uploads\/2020\/05\/JCI-Ja\u0308rvenpa\u0308a\u0308.png","width":1042,"height":474,"caption":"J\u00e4rvenp\u00e4\u00e4n Seudun Nuorkauppakamari"},"image":{"@id":"https:\/\/jcjarvenpaa.fi\/#\/schema\/logo\/image\/"}}]}},"_links":{"self":[{"href":"https:\/\/jcjarvenpaa.fi\/en\/wp-json\/wp\/v2\/pages\/281","targetHints":{"allow":["GET"]}}],"collection":[{"href":"https:\/\/jcjarvenpaa.fi\/en\/wp-json\/wp\/v2\/pages"}],"about":[{"href":"https:\/\/jcjarvenpaa.fi\/en\/wp-json\/wp\/v2\/types\/page"}],"author":[{"embeddable":true,"href":"https:\/\/jcjarvenpaa.fi\/en\/wp-json\/wp\/v2\/users\/45"}],"replies":[{"embeddable":true,"href":"https:\/\/jcjarvenpaa.fi\/en\/wp-json\/wp\/v2\/comments?post=281"}],"version-history":[{"count":5,"href":"https:\/\/jcjarvenpaa.fi\/en\/wp-json\/wp\/v2\/pages\/281\/revisions"}],"predecessor-version":[{"id":286,"href":"https:\/\/jcjarvenpaa.fi\/en\/wp-json\/wp\/v2\/pages\/281\/revisions\/286"}],"up":[{"embeddable":true,"href":"https:\/\/jcjarvenpaa.fi\/en\/wp-json\/wp\/v2\/pages\/14"}],"wp:attachment":[{"href":"https:\/\/jcjarvenpaa.fi\/en\/wp-json\/wp\/v2\/media?parent=281"}],"curies":[{"name":"wp","href":"https:\/\/api.w.org\/{rel}","templated":true}]}}