{"id":27,"date":"2016-11-16T22:22:12","date_gmt":"2016-11-16T20:22:12","guid":{"rendered":"http:\/\/jcjarvenpaafi.wp1.whitestone.fi\/?page_id=27"},"modified":"2025-02-12T21:59:16","modified_gmt":"2025-02-12T19:59:16","slug":"koejasen","status":"publish","type":"page","link":"https:\/\/jcjarvenpaa.fi\/en\/koejasen\/","title":{"rendered":"Koej\u00e4senhaku"},"content":{"rendered":"<p aria-level=\"1\"><img fetchpriority=\"high\" decoding=\"async\" class=\"alignnone wp-image-4462\" src=\"http:\/\/jcjarvenpaa.fi\/wp-content\/uploads\/2025\/02\/12.png\" alt=\"\" width=\"600\" height=\"600\" srcset=\"https:\/\/jcjarvenpaa.fi\/wp-content\/uploads\/2025\/02\/12.png 1080w, https:\/\/jcjarvenpaa.fi\/wp-content\/uploads\/2025\/02\/12-300x300.png 300w, https:\/\/jcjarvenpaa.fi\/wp-content\/uploads\/2025\/02\/12-1024x1024.png 1024w, https:\/\/jcjarvenpaa.fi\/wp-content\/uploads\/2025\/02\/12-150x150.png 150w, https:\/\/jcjarvenpaa.fi\/wp-content\/uploads\/2025\/02\/12-768x768.png 768w, https:\/\/jcjarvenpaa.fi\/wp-content\/uploads\/2025\/02\/12-12x12.png 12w, https:\/\/jcjarvenpaa.fi\/wp-content\/uploads\/2025\/02\/12-600x600.png 600w, https:\/\/jcjarvenpaa.fi\/wp-content\/uploads\/2025\/02\/12-100x100.png 100w\" sizes=\"(max-width: 600px) 100vw, 600px\" \/><\/p>\n<p><b><span data-contrast=\"none\">Kiinnostaako nuorkauppakamaritoiminta?<\/span><\/b><span data-ccp-props=\"{&quot;134233117&quot;:false,&quot;134233118&quot;:false,&quot;335557856&quot;:16777215,&quot;335559738&quot;:0,&quot;335559739&quot;:360}\">\u00a0<\/span><\/p>\n<p><span data-contrast=\"none\">J\u00e4rvenp\u00e4\u00e4n seudun nuorkauppakamari on alle 40- vuotiaiden j\u00e4sentens\u00e4 kehittymis- ja johtamiskoulutusj\u00e4rjest\u00f6 sek\u00e4 kontaktiverkosto, joka pyrkii vaikuttamaan aktiivisesti yhteiskunnassa. Strategiamme nojaa Suomen nuorkauppakamarin <\/span><a href=\"https:\/\/nuorkauppakamarit.fi\/toimintamme\/strategia\/\"><span data-contrast=\"none\">strategiaan<\/span><\/a><span data-contrast=\"none\"> ja p\u00e4ivit\u00e4mme sit\u00e4 t\u00e4n\u00e4 vuonna.<\/span><span data-ccp-props=\"{&quot;134233117&quot;:false,&quot;134233118&quot;:false,&quot;335557856&quot;:16777215,&quot;335559738&quot;:0,&quot;335559739&quot;:360}\">\u00a0<\/span><\/p>\n<blockquote><p><span data-contrast=\"none\">Oletko valmis uusiin haasteisiin ja upeisiin kokemuksiin? Kaipaatko uusia yst\u00e4vi\u00e4 tai uutta harrastusta? Haluatko paikallisia, kansallisia tai kansainv\u00e4lisi\u00e4 verkostoja?<\/span><\/p><\/blockquote>\n<p><span style=\"font-size: 16px;\" data-contrast=\"none\">Nuorkauppakamari on nuorten aktiivisten ihmisten kouluttautumisj\u00e4rjest\u00f6, joka tarjoaa j\u00e4senilleen muun muassa uusia kokemuksia, haasteita ja koulutusta ymp\u00e4ri maailmaa unohtamatta tietenk\u00e4\u00e4n hauskanpitoa. <\/span><span style=\"font-size: 16px;\">\u00a0<\/span><\/p>\n<p><img decoding=\"async\" class=\"alignnone wp-image-4460\" src=\"http:\/\/jcjarvenpaa.fi\/wp-content\/uploads\/2025\/02\/13.png\" alt=\"\" width=\"600\" height=\"600\" srcset=\"https:\/\/jcjarvenpaa.fi\/wp-content\/uploads\/2025\/02\/13.png 1080w, https:\/\/jcjarvenpaa.fi\/wp-content\/uploads\/2025\/02\/13-300x300.png 300w, https:\/\/jcjarvenpaa.fi\/wp-content\/uploads\/2025\/02\/13-1024x1024.png 1024w, https:\/\/jcjarvenpaa.fi\/wp-content\/uploads\/2025\/02\/13-150x150.png 150w, https:\/\/jcjarvenpaa.fi\/wp-content\/uploads\/2025\/02\/13-768x768.png 768w, https:\/\/jcjarvenpaa.fi\/wp-content\/uploads\/2025\/02\/13-12x12.png 12w, https:\/\/jcjarvenpaa.fi\/wp-content\/uploads\/2025\/02\/13-600x600.png 600w, https:\/\/jcjarvenpaa.fi\/wp-content\/uploads\/2025\/02\/13-100x100.png 100w\" sizes=\"(max-width: 600px) 100vw, 600px\" \/><\/p>\n<p><b><span data-contrast=\"none\">Mit\u00e4 J\u00e4rvenp\u00e4\u00e4n seudun nuorkauppakamarin koej\u00e4senyys tarkoittaa?<\/span><\/b><span data-ccp-props=\"{&quot;134233117&quot;:false,&quot;134233118&quot;:false,&quot;335557856&quot;:16777215,&quot;335559738&quot;:0,&quot;335559739&quot;:360}\">\u00a0<\/span><\/p>\n<p><span data-contrast=\"none\">J\u00e4rvenp\u00e4\u00e4n Seudun Nuorkauppakamarin koej\u00e4senet p\u00e4\u00e4sev\u00e4t tutustumaan ja osallistumaan \u201crivij\u00e4senten\u201d tavoin. Ainut poikkeus on vuosi-ja vaalikokous, joissa koej\u00e4senell\u00e4 ei ole puhe- eik\u00e4 \u00e4\u00e4nivaltaa. Paikallisesti kokoonnumme noin kerran kuussa yhteisen koulutuksen, illanvieton tai muun tapahtuman yhteydess\u00e4. P\u00e4ivittyv\u00e4n tapahtumalistauksemme vuodelle 2025 l\u00f6yd\u00e4t <a href=\"https:\/\/jcjarvenpaa.fi\/en\/2025\/02\/04\/vuoden-2025-tapahtumat\/\">t\u00e4\u00e4lt\u00e4.<\/a><\/span><\/p>\n<p><span data-contrast=\"none\">Lis\u00e4ksi j\u00e4rvenp\u00e4\u00e4l\u00e4iset osallistuvat aktiivisesti alueen ja kansallisen tason kokouksiin. Yst\u00e4vyyskamarimme l\u00f6ytyy Saksan Stadesta, mink\u00e4 kautta vierailemme joka toinen vuosi Saksassa ja joka toinen vuosi he vierailevat meill\u00e4. My\u00f6s koej\u00e4senet voivat osallistua vierailuihin ja niiden j\u00e4rjest\u00e4miseen. <\/span><span data-ccp-props=\"{&quot;134233117&quot;:false,&quot;134233118&quot;:false,&quot;335557856&quot;:16777215,&quot;335559738&quot;:0,&quot;335559739&quot;:360}\">\u00a0<\/span><\/p>\n<p><span data-contrast=\"none\">Koej\u00e4senaikana voit osoittaa aktiivisuuttasi esimerkiksi osallistumalla tapahtumiin, projekteihin ja koulutusviikonloppuihin, mink\u00e4 j\u00e4lkeen sinun on mahdollista liitty\u00e4 yhdistyksen t\u00e4ysim\u00e4\u00e4r\u00e4iseksi j\u00e4seneksi. <\/span><span data-ccp-props=\"{&quot;134233117&quot;:false,&quot;134233118&quot;:false,&quot;335557856&quot;:16777215,&quot;335559738&quot;:0,&quot;335559739&quot;:360}\">\u00a0<\/span><\/p>\n<p><span data-contrast=\"none\">Koej\u00e4senyys voi kest\u00e4\u00e4 esimerkiksi muutamasta kuukaudesta reiluun yhteen \u00a0vuoteen, ja j\u00e4seneksi valinnat tapahtuvat syksyisin ja kev\u00e4isin yhdistyksen kokouksessa.<\/span><span data-ccp-props=\"{&quot;134233117&quot;:false,&quot;134233118&quot;:false,&quot;335557856&quot;:16777215,&quot;335559738&quot;:0,&quot;335559739&quot;:360}\">\u00a0<\/span><\/p>\n<p><img decoding=\"async\" class=\"alignnone wp-image-4461\" src=\"http:\/\/jcjarvenpaa.fi\/wp-content\/uploads\/2025\/02\/14.png\" alt=\"\" width=\"600\" height=\"600\" srcset=\"https:\/\/jcjarvenpaa.fi\/wp-content\/uploads\/2025\/02\/14.png 1080w, https:\/\/jcjarvenpaa.fi\/wp-content\/uploads\/2025\/02\/14-300x300.png 300w, https:\/\/jcjarvenpaa.fi\/wp-content\/uploads\/2025\/02\/14-1024x1024.png 1024w, https:\/\/jcjarvenpaa.fi\/wp-content\/uploads\/2025\/02\/14-150x150.png 150w, https:\/\/jcjarvenpaa.fi\/wp-content\/uploads\/2025\/02\/14-768x768.png 768w, https:\/\/jcjarvenpaa.fi\/wp-content\/uploads\/2025\/02\/14-12x12.png 12w, https:\/\/jcjarvenpaa.fi\/wp-content\/uploads\/2025\/02\/14-600x600.png 600w, https:\/\/jcjarvenpaa.fi\/wp-content\/uploads\/2025\/02\/14-100x100.png 100w\" sizes=\"(max-width: 600px) 100vw, 600px\" \/><\/p>\n<p><b><span data-contrast=\"none\">Mit\u00e4 nuorkauppakamariharrastus maksaa?<\/span><\/b><span data-ccp-props=\"{&quot;134233117&quot;:false,&quot;134233118&quot;:false,&quot;335557856&quot;:16777215,&quot;335559738&quot;:0,&quot;335559739&quot;:360}\">\u00a0<\/span><\/p>\n<p><span data-contrast=\"none\">Koej\u00e4senelt\u00e4 ei perit\u00e4 j\u00e4senmaksua (noin 100 \u20ac \/ vuosi) ja useimmat paikalliset tapahtumat ja koulutukset ovat ilmaisia. Konferenssi- ja koulutusmaksuista sek\u00e4 mahdollisista matkakuluista koej\u00e4sen vastaa itse. Yhteen kokoukseen tai tapahtumaan koej\u00e4sen voi anoa stipendi\u00e4, jolloin osallistumismaksu korvataan kululaskua ja lyhytt\u00e4 reflektointia vastaan. <\/span><span data-ccp-props=\"{&quot;134233117&quot;:false,&quot;134233118&quot;:false,&quot;335557856&quot;:16777215,&quot;335559738&quot;:0,&quot;335559739&quot;:360}\">\u00a0<\/span><\/p>\n<p><b><span data-contrast=\"none\">Miten mukaan toimintaan?<\/span><\/b><span data-ccp-props=\"{&quot;134233117&quot;:false,&quot;134233118&quot;:false,&quot;335557856&quot;:16777215,&quot;335559738&quot;:0,&quot;335559739&quot;:360}\">\u00a0<\/span><\/p>\n<p><span data-contrast=\"none\">Kamariurasi on yhden klikkauksen tai viestin p\u00e4\u00e4ss\u00e4. Voit j\u00e4tt\u00e4\u00e4 koehakemuksen <a href=\"https:\/\/jcjarvenpaa.fi\/en\/koejasen\/hae\/\">t\u00e4\u00e4ll\u00e4<\/a> tai laittaa viesti\u00e4 Elinalle dp(\u00e4t)jcjarvenpaa.fi. Hakeminen ei sido sinua mihink\u00e4\u00e4n, joten tule vain avoimin mielin tutustumaan toimintaan! Soitamme jokaiselle hakijalle, joten laitathan puhelinnumerosi mukaan viestiin ja hakemukseen.<\/span><span data-ccp-props=\"{&quot;134233117&quot;:false,&quot;134233118&quot;:false,&quot;335557856&quot;:16777215,&quot;335559738&quot;:0,&quot;335559739&quot;:360}\">\u00a0<\/span><\/p>\n<p><span data-contrast=\"none\">Oletko perheellinen? Perheen pienimm\u00e4t voivat my\u00f6s kulkea mukana tapahtumissa. Nuorkauppakamari on koko perheen yhteinen harrastus, eli rohkeasti vain mukaan toimintaan!<\/span><span data-ccp-props=\"{&quot;134233117&quot;:false,&quot;134233118&quot;:false,&quot;335557856&quot;:16777215,&quot;335559738&quot;:0,&quot;335559739&quot;:360}\">\u00a0<\/span><\/p>\n<p>Terveisin<br \/>\n<em>JSNKK:n hallitus<\/em><\/p>","protected":false},"excerpt":{"rendered":"<p>Kiinnostaako nuorkauppakamaritoiminta?\u00a0 J\u00e4rvenp\u00e4\u00e4n seudun nuorkauppakamari on alle 40- vuotiaiden j\u00e4sentens\u00e4 kehittymis- ja johtamiskoulutusj\u00e4rjest\u00f6 sek\u00e4 kontaktiverkosto, joka pyrkii vaikuttamaan aktiivisesti yhteiskunnassa. Strategiamme nojaa Suomen nuorkauppakamarin strategiaan ja p\u00e4ivit\u00e4mme sit\u00e4 t\u00e4n\u00e4 vuonna.\u00a0 Oletko valmis uusiin haasteisiin ja upeisiin kokemuksiin? Kaipaatko uusia yst\u00e4vi\u00e4 tai uutta harrastusta? Haluatko paikallisia, kansallisia tai kansainv\u00e4lisi\u00e4 verkostoja? Nuorkauppakamari on nuorten aktiivisten ihmisten kouluttautumisj\u00e4rjest\u00f6, [&hellip;]<\/p>","protected":false},"author":1,"featured_media":4462,"parent":0,"menu_order":0,"comment_status":"closed","ping_status":"closed","template":"","meta":{"site-sidebar-layout":"default","site-content-layout":"default","ast-site-content-layout":"default","site-content-style":"default","site-sidebar-style":"default","ast-global-header-display":"","ast-banner-title-visibility":"","ast-main-header-display":"","ast-hfb-above-header-display":"","ast-hfb-below-header-display":"","ast-hfb-mobile-header-display":"","site-post-title":"","ast-breadcrumbs-content":"","ast-featured-img":"","footer-sml-layout":"","theme-transparent-header-meta":"default","adv-header-id-meta":"","stick-header-meta":"","header-above-stick-meta":"","header-main-stick-meta":"","header-below-stick-meta":"","astra-migrate-meta-layouts":"set","ast-page-background-enabled":"default","ast-page-background-meta":{"desktop":{"background-color":"","background-image":"","background-repeat":"repeat","background-position":"center center","background-size":"auto","background-attachment":"scroll","background-type":"","background-media":"","overlay-type":"","overlay-color":"","overlay-opacity":"","overlay-gradient":""},"tablet":{"background-color":"","background-image":"","background-repeat":"repeat","background-position":"center center","background-size":"auto","background-attachment":"scroll","background-type":"","background-media":"","overlay-type":"","overlay-color":"","overlay-opacity":"","overlay-gradient":""},"mobile":{"background-color":"","background-image":"","background-repeat":"repeat","background-position":"center center","background-size":"auto","background-attachment":"scroll","background-type":"","background-media":"","overlay-type":"","overlay-color":"","overlay-opacity":"","overlay-gradient":""}},"ast-content-background-meta":{"desktop":{"background-color":"var(--ast-global-color-5)","background-image":"","background-repeat":"repeat","background-position":"center center","background-size":"auto","background-attachment":"scroll","background-type":"","background-media":"","overlay-type":"","overlay-color":"","overlay-opacity":"","overlay-gradient":""},"tablet":{"background-color":"var(--ast-global-color-5)","background-image":"","background-repeat":"repeat","background-position":"center center","background-size":"auto","background-attachment":"scroll","background-type":"","background-media":"","overlay-type":"","overlay-color":"","overlay-opacity":"","overlay-gradient":""},"mobile":{"background-color":"var(--ast-global-color-5)","background-image":"","background-repeat":"repeat","background-position":"center center","background-size":"auto","background-attachment":"scroll","background-type":"","background-media":"","overlay-type":"","overlay-color":"","overlay-opacity":"","overlay-gradient":""}},"footnotes":""},"class_list":["post-27","page","type-page","status-publish","has-post-thumbnail","hentry"],"yoast_head":"<!-- This site is optimized with the Yoast SEO plugin v26.1.1 - https:\/\/yoast.com\/wordpress\/plugins\/seo\/ -->\n<title>Koej\u00e4senhaku - J\u00e4rvenp\u00e4\u00e4n Seudun Nuorkauppakamari<\/title>\n<meta name=\"description\" content=\"Kiinnostaako sinua aktiivinen vaikuttaminen, verkostoituminen ja itsens\u00e4 kehitt\u00e4minen? Lue lis\u00e4\u00e4 J\u00e4rvenp\u00e4\u00e4n nuorkauppakamarin toiminnasta.\" \/>\n<meta name=\"robots\" content=\"index, follow, max-snippet:-1, max-image-preview:large, max-video-preview:-1\" \/>\n<link rel=\"canonical\" href=\"https:\/\/jcjarvenpaa.fi\/en\/koejasen\/\" \/>\n<meta property=\"og:locale\" content=\"en_GB\" \/>\n<meta property=\"og:type\" content=\"article\" \/>\n<meta property=\"og:title\" content=\"Koej\u00e4senhaku - J\u00e4rvenp\u00e4\u00e4n Seudun Nuorkauppakamari\" \/>\n<meta property=\"og:description\" content=\"Kiinnostaako sinua aktiivinen vaikuttaminen, verkostoituminen ja itsens\u00e4 kehitt\u00e4minen? Lue lis\u00e4\u00e4 J\u00e4rvenp\u00e4\u00e4n nuorkauppakamarin toiminnasta.\" \/>\n<meta property=\"og:url\" content=\"https:\/\/jcjarvenpaa.fi\/en\/koejasen\/\" \/>\n<meta property=\"og:site_name\" content=\"J\u00e4rvenp\u00e4\u00e4n Seudun Nuorkauppakamari\" \/>\n<meta property=\"article:modified_time\" content=\"2025-02-12T19:59:16+00:00\" \/>\n<meta property=\"og:image\" content=\"http:\/\/jcjarvenpaa.fi\/wp-content\/uploads\/2025\/02\/12.png\" \/>\n\t<meta property=\"og:image:width\" content=\"1080\" \/>\n\t<meta property=\"og:image:height\" content=\"1080\" \/>\n\t<meta property=\"og:image:type\" content=\"image\/png\" \/>\n<meta name=\"twitter:card\" content=\"summary_large_image\" \/>\n<meta name=\"twitter:label1\" content=\"Estimated reading time\" \/>\n\t<meta name=\"twitter:data1\" content=\"3 minutes\" \/>\n<script type=\"application\/ld+json\" class=\"yoast-schema-graph\">{\"@context\":\"https:\/\/schema.org\",\"@graph\":[{\"@type\":\"WebPage\",\"@id\":\"https:\/\/jcjarvenpaa.fi\/koejasen\/\",\"url\":\"https:\/\/jcjarvenpaa.fi\/koejasen\/\",\"name\":\"Koej\u00e4senhaku - J\u00e4rvenp\u00e4\u00e4n Seudun Nuorkauppakamari\",\"isPartOf\":{\"@id\":\"https:\/\/jcjarvenpaa.fi\/#website\"},\"primaryImageOfPage\":{\"@id\":\"https:\/\/jcjarvenpaa.fi\/koejasen\/#primaryimage\"},\"image\":{\"@id\":\"https:\/\/jcjarvenpaa.fi\/koejasen\/#primaryimage\"},\"thumbnailUrl\":\"https:\/\/jcjarvenpaa.fi\/wp-content\/uploads\/2025\/02\/12.png\",\"datePublished\":\"2016-11-16T20:22:12+00:00\",\"dateModified\":\"2025-02-12T19:59:16+00:00\",\"description\":\"Kiinnostaako sinua aktiivinen vaikuttaminen, verkostoituminen ja itsens\u00e4 kehitt\u00e4minen? Lue lis\u00e4\u00e4 J\u00e4rvenp\u00e4\u00e4n nuorkauppakamarin toiminnasta.\",\"breadcrumb\":{\"@id\":\"https:\/\/jcjarvenpaa.fi\/koejasen\/#breadcrumb\"},\"inLanguage\":\"en-GB\",\"potentialAction\":[{\"@type\":\"ReadAction\",\"target\":[\"https:\/\/jcjarvenpaa.fi\/koejasen\/\"]}]},{\"@type\":\"ImageObject\",\"inLanguage\":\"en-GB\",\"@id\":\"https:\/\/jcjarvenpaa.fi\/koejasen\/#primaryimage\",\"url\":\"https:\/\/jcjarvenpaa.fi\/wp-content\/uploads\/2025\/02\/12.png\",\"contentUrl\":\"https:\/\/jcjarvenpaa.fi\/wp-content\/uploads\/2025\/02\/12.png\",\"width\":1080,\"height\":1080},{\"@type\":\"BreadcrumbList\",\"@id\":\"https:\/\/jcjarvenpaa.fi\/koejasen\/#breadcrumb\",\"itemListElement\":[{\"@type\":\"ListItem\",\"position\":1,\"name\":\"Home\",\"item\":\"https:\/\/jcjarvenpaa.fi\/\"},{\"@type\":\"ListItem\",\"position\":2,\"name\":\"Koej\u00e4senhaku\"}]},{\"@type\":\"WebSite\",\"@id\":\"https:\/\/jcjarvenpaa.fi\/#website\",\"url\":\"https:\/\/jcjarvenpaa.fi\/\",\"name\":\"J\u00e4rvenp\u00e4\u00e4n Seudun Nuorkauppakamari\",\"description\":\"Be better\",\"publisher\":{\"@id\":\"https:\/\/jcjarvenpaa.fi\/#organization\"},\"potentialAction\":[{\"@type\":\"SearchAction\",\"target\":{\"@type\":\"EntryPoint\",\"urlTemplate\":\"https:\/\/jcjarvenpaa.fi\/?s={search_term_string}\"},\"query-input\":{\"@type\":\"PropertyValueSpecification\",\"valueRequired\":true,\"valueName\":\"search_term_string\"}}],\"inLanguage\":\"en-GB\"},{\"@type\":\"Organization\",\"@id\":\"https:\/\/jcjarvenpaa.fi\/#organization\",\"name\":\"J\u00e4rvenp\u00e4\u00e4n Seudun Nuorkauppakamari\",\"url\":\"https:\/\/jcjarvenpaa.fi\/\",\"logo\":{\"@type\":\"ImageObject\",\"inLanguage\":\"en-GB\",\"@id\":\"https:\/\/jcjarvenpaa.fi\/#\/schema\/logo\/image\/\",\"url\":\"https:\/\/jcjarvenpaa.fi\/wp-content\/uploads\/2020\/05\/JCI-Ja\u0308rvenpa\u0308a\u0308.png\",\"contentUrl\":\"https:\/\/jcjarvenpaa.fi\/wp-content\/uploads\/2020\/05\/JCI-Ja\u0308rvenpa\u0308a\u0308.png\",\"width\":1042,\"height\":474,\"caption\":\"J\u00e4rvenp\u00e4\u00e4n Seudun Nuorkauppakamari\"},\"image\":{\"@id\":\"https:\/\/jcjarvenpaa.fi\/#\/schema\/logo\/image\/\"}}]}<\/script>\n<!-- \/ Yoast SEO plugin. -->","yoast_head_json":{"title":"Koej\u00e4senhaku - J\u00e4rvenp\u00e4\u00e4n Seudun Nuorkauppakamari","description":"Kiinnostaako sinua aktiivinen vaikuttaminen, verkostoituminen ja itsens\u00e4 kehitt\u00e4minen? Lue lis\u00e4\u00e4 J\u00e4rvenp\u00e4\u00e4n nuorkauppakamarin toiminnasta.","robots":{"index":"index","follow":"follow","max-snippet":"max-snippet:-1","max-image-preview":"max-image-preview:large","max-video-preview":"max-video-preview:-1"},"canonical":"https:\/\/jcjarvenpaa.fi\/en\/koejasen\/","og_locale":"en_GB","og_type":"article","og_title":"Koej\u00e4senhaku - J\u00e4rvenp\u00e4\u00e4n Seudun Nuorkauppakamari","og_description":"Kiinnostaako sinua aktiivinen vaikuttaminen, verkostoituminen ja itsens\u00e4 kehitt\u00e4minen? Lue lis\u00e4\u00e4 J\u00e4rvenp\u00e4\u00e4n nuorkauppakamarin toiminnasta.","og_url":"https:\/\/jcjarvenpaa.fi\/en\/koejasen\/","og_site_name":"J\u00e4rvenp\u00e4\u00e4n Seudun Nuorkauppakamari","article_modified_time":"2025-02-12T19:59:16+00:00","og_image":[{"width":1080,"height":1080,"url":"http:\/\/jcjarvenpaa.fi\/wp-content\/uploads\/2025\/02\/12.png","type":"image\/png"}],"twitter_card":"summary_large_image","twitter_misc":{"Estimated reading time":"3 minutes"},"schema":{"@context":"https:\/\/schema.org","@graph":[{"@type":"WebPage","@id":"https:\/\/jcjarvenpaa.fi\/koejasen\/","url":"https:\/\/jcjarvenpaa.fi\/koejasen\/","name":"Koej\u00e4senhaku - J\u00e4rvenp\u00e4\u00e4n Seudun Nuorkauppakamari","isPartOf":{"@id":"https:\/\/jcjarvenpaa.fi\/#website"},"primaryImageOfPage":{"@id":"https:\/\/jcjarvenpaa.fi\/koejasen\/#primaryimage"},"image":{"@id":"https:\/\/jcjarvenpaa.fi\/koejasen\/#primaryimage"},"thumbnailUrl":"https:\/\/jcjarvenpaa.fi\/wp-content\/uploads\/2025\/02\/12.png","datePublished":"2016-11-16T20:22:12+00:00","dateModified":"2025-02-12T19:59:16+00:00","description":"Kiinnostaako sinua aktiivinen vaikuttaminen, verkostoituminen ja itsens\u00e4 kehitt\u00e4minen? Lue lis\u00e4\u00e4 J\u00e4rvenp\u00e4\u00e4n nuorkauppakamarin toiminnasta.","breadcrumb":{"@id":"https:\/\/jcjarvenpaa.fi\/koejasen\/#breadcrumb"},"inLanguage":"en-GB","potentialAction":[{"@type":"ReadAction","target":["https:\/\/jcjarvenpaa.fi\/koejasen\/"]}]},{"@type":"ImageObject","inLanguage":"en-GB","@id":"https:\/\/jcjarvenpaa.fi\/koejasen\/#primaryimage","url":"https:\/\/jcjarvenpaa.fi\/wp-content\/uploads\/2025\/02\/12.png","contentUrl":"https:\/\/jcjarvenpaa.fi\/wp-content\/uploads\/2025\/02\/12.png","width":1080,"height":1080},{"@type":"BreadcrumbList","@id":"https:\/\/jcjarvenpaa.fi\/koejasen\/#breadcrumb","itemListElement":[{"@type":"ListItem","position":1,"name":"Home","item":"https:\/\/jcjarvenpaa.fi\/"},{"@type":"ListItem","position":2,"name":"Koej\u00e4senhaku"}]},{"@type":"WebSite","@id":"https:\/\/jcjarvenpaa.fi\/#website","url":"https:\/\/jcjarvenpaa.fi\/","name":"J\u00e4rvenp\u00e4\u00e4n Seudun Nuorkauppakamari","description":"Be better","publisher":{"@id":"https:\/\/jcjarvenpaa.fi\/#organization"},"potentialAction":[{"@type":"SearchAction","target":{"@type":"EntryPoint","urlTemplate":"https:\/\/jcjarvenpaa.fi\/?s={search_term_string}"},"query-input":{"@type":"PropertyValueSpecification","valueRequired":true,"valueName":"search_term_string"}}],"inLanguage":"en-GB"},{"@type":"Organization","@id":"https:\/\/jcjarvenpaa.fi\/#organization","name":"J\u00e4rvenp\u00e4\u00e4n Seudun Nuorkauppakamari","url":"https:\/\/jcjarvenpaa.fi\/","logo":{"@type":"ImageObject","inLanguage":"en-GB","@id":"https:\/\/jcjarvenpaa.fi\/#\/schema\/logo\/image\/","url":"https:\/\/jcjarvenpaa.fi\/wp-content\/uploads\/2020\/05\/JCI-Ja\u0308rvenpa\u0308a\u0308.png","contentUrl":"https:\/\/jcjarvenpaa.fi\/wp-content\/uploads\/2020\/05\/JCI-Ja\u0308rvenpa\u0308a\u0308.png","width":1042,"height":474,"caption":"J\u00e4rvenp\u00e4\u00e4n Seudun Nuorkauppakamari"},"image":{"@id":"https:\/\/jcjarvenpaa.fi\/#\/schema\/logo\/image\/"}}]}},"_links":{"self":[{"href":"https:\/\/jcjarvenpaa.fi\/en\/wp-json\/wp\/v2\/pages\/27","targetHints":{"allow":["GET"]}}],"collection":[{"href":"https:\/\/jcjarvenpaa.fi\/en\/wp-json\/wp\/v2\/pages"}],"about":[{"href":"https:\/\/jcjarvenpaa.fi\/en\/wp-json\/wp\/v2\/types\/page"}],"author":[{"embeddable":true,"href":"https:\/\/jcjarvenpaa.fi\/en\/wp-json\/wp\/v2\/users\/1"}],"replies":[{"embeddable":true,"href":"https:\/\/jcjarvenpaa.fi\/en\/wp-json\/wp\/v2\/comments?post=27"}],"version-history":[{"count":15,"href":"https:\/\/jcjarvenpaa.fi\/en\/wp-json\/wp\/v2\/pages\/27\/revisions"}],"predecessor-version":[{"id":4473,"href":"https:\/\/jcjarvenpaa.fi\/en\/wp-json\/wp\/v2\/pages\/27\/revisions\/4473"}],"wp:featuredmedia":[{"embeddable":true,"href":"https:\/\/jcjarvenpaa.fi\/en\/wp-json\/wp\/v2\/media\/4462"}],"wp:attachment":[{"href":"https:\/\/jcjarvenpaa.fi\/en\/wp-json\/wp\/v2\/media?parent=27"}],"curies":[{"name":"wp","href":"https:\/\/api.w.org\/{rel}","templated":true}]}}