{"id":25,"date":"2016-11-16T22:22:02","date_gmt":"2016-11-16T20:22:02","guid":{"rendered":"http:\/\/jcjarvenpaafi.wp1.whitestone.fi\/?page_id=25"},"modified":"2022-02-16T12:36:59","modified_gmt":"2022-02-16T10:36:59","slug":"yhteistyokumppanit","status":"publish","type":"page","link":"https:\/\/jcjarvenpaa.fi\/en\/yhteistyokumppanit\/","title":{"rendered":"Yhteisty\u00f6kumppanit"},"content":{"rendered":"<div data-elementor-type=\"wp-page\" data-elementor-id=\"25\" class=\"elementor elementor-25\" data-elementor-post-type=\"page\">\n\t\t\t\t\t\t<section class=\"elementor-section elementor-top-section elementor-element elementor-element-7177cc80 elementor-section-boxed elementor-section-height-default elementor-section-height-default\" data-id=\"7177cc80\" data-element_type=\"section\">\n\t\t\t\t\t\t<div class=\"elementor-container elementor-column-gap-default\">\n\t\t\t\t\t<div class=\"elementor-column elementor-col-100 elementor-top-column elementor-element elementor-element-1afa0b5b\" data-id=\"1afa0b5b\" data-element_type=\"column\">\n\t\t\t<div class=\"elementor-widget-wrap elementor-element-populated\">\n\t\t\t\t\t\t<div class=\"elementor-element elementor-element-334fc179 elementor-widget elementor-widget-text-editor\" data-id=\"334fc179\" data-element_type=\"widget\" data-widget_type=\"text-editor.default\">\n\t\t\t\t<div class=\"elementor-widget-container\">\n\t\t\t\t\t\t\t\t\t<p>Haluaako yrityksesi olla mukana vaikuttamassa positiivisesti yhteiskuntaan ja l\u00e4hialueeseen? J\u00e4rvenp\u00e4\u00e4n Seudun Nuorkauppakamari tarjoaa yhteisty\u00f6kumppaneilleen monipuolisia yhteisty\u00f6mahdollisuuksia vuosittain vaihtuvien vastuullisten projektien tiimoilta.<\/p><p>Vuonna 2022 kumppaneillamme on mahdollisuuksia olla mukana seuraavissa projekteissa:<\/p><ul><li>some-yhteisty\u00f6 ja yritysesittely = peruskumppanuusmalli, jossa yrityksenne on mukana koko vuoden toiminnassa. Sopimukseen kuuluu yrityksen esittely JSNKK:n somekanavissa sek\u00e4 logojen nosto nettisivuille. Kumppanuuden my\u00f6t\u00e4 yritykselle tarjotaan ilmaisia p\u00e4\u00e4sylippuja yritysseminaariimme syyskuussa 2022.<\/li><li>J\u00e4rvenp\u00e4\u00e4-kaupunkipeli = lautapeli, jossa esitell\u00e4\u00e4n alueen toimijoita ja yrityksi\u00e4 hauskalla tavalla<\/li><li>Vastuullinen viestint\u00e4 -yritysseminaari syyskuussa 2022<\/li><li>p\u00e4\u00e4yhteisty\u00f6kumppanuus alueella toteutettavassa mentorointiohjelmassa<\/li><\/ul><p>Yhteisty\u00f6kumppanuus avaa kumppanille p\u00e4\u00e4syn nuorkauppakamariverkoston kanaviin paikallisesti sek\u00e4 valtakunnallisesti. Vuoden 2022 alussa nuorkauppakamariverkosto koostui 5100:sta ammattilaisesta, jotka ovat ty\u00f6el\u00e4m\u00e4ss\u00e4 p\u00e4\u00e4s\u00e4\u00e4nt\u00f6isesti johtavassa asemassa, yritt\u00e4ji\u00e4 tai asiantuntijateht\u00e4viss\u00e4.<\/p>\t\t\t\t\t\t\t\t<\/div>\n\t\t\t\t<\/div>\n\t\t\t\t\t<\/div>\n\t\t<\/div>\n\t\t\t\t\t<\/div>\n\t\t<\/section>\n\t\t\t\t<section class=\"elementor-section elementor-top-section elementor-element elementor-element-b9f770e elementor-section-boxed elementor-section-height-default elementor-section-height-default\" data-id=\"b9f770e\" data-element_type=\"section\">\n\t\t\t\t\t\t<div class=\"elementor-container elementor-column-gap-default\">\n\t\t\t\t\t<div class=\"elementor-column elementor-col-100 elementor-top-column elementor-element elementor-element-bf760e6\" data-id=\"bf760e6\" data-element_type=\"column\">\n\t\t\t<div class=\"elementor-widget-wrap elementor-element-populated\">\n\t\t\t\t\t\t<div class=\"elementor-element elementor-element-d667e83 elementor-widget elementor-widget-heading\" data-id=\"d667e83\" data-element_type=\"widget\" data-widget_type=\"heading.default\">\n\t\t\t\t<div class=\"elementor-widget-container\">\n\t\t\t\t\t<h2 class=\"elementor-heading-title elementor-size-default\">Yhteisty\u00f6kumppanimme<\/h2>\t\t\t\t<\/div>\n\t\t\t\t<\/div>\n\t\t\t\t\t<\/div>\n\t\t<\/div>\n\t\t\t\t\t<\/div>\n\t\t<\/section>\n\t\t\t\t<section class=\"elementor-section elementor-top-section elementor-element elementor-element-154eb26 elementor-section-boxed elementor-section-height-default elementor-section-height-default\" data-id=\"154eb26\" data-element_type=\"section\">\n\t\t\t\t\t\t<div class=\"elementor-container elementor-column-gap-default\">\n\t\t\t\t\t<div class=\"elementor-column elementor-col-33 elementor-top-column elementor-element elementor-element-fb77cfb\" data-id=\"fb77cfb\" data-element_type=\"column\">\n\t\t\t<div class=\"elementor-widget-wrap elementor-element-populated\">\n\t\t\t\t\t\t<div class=\"elementor-element elementor-element-4d6025f elementor-widget elementor-widget-image\" data-id=\"4d6025f\" data-element_type=\"widget\" data-widget_type=\"image.default\">\n\t\t\t\t<div class=\"elementor-widget-container\">\n\t\t\t\t\t\t\t\t\t\t\t\t<figure class=\"wp-caption\">\n\t\t\t\t\t\t\t\t\t\t\t<a href=\"https:\/\/kuvatehdas.fi\/\">\n\t\t\t\t\t\t\t<img fetchpriority=\"high\" decoding=\"async\" width=\"480\" height=\"480\" src=\"https:\/\/jcjarvenpaa.fi\/wp-content\/uploads\/2021\/05\/kuvatehdas.png\" class=\"attachment-large size-large wp-image-2324\" alt=\"Kuvatehdas\" srcset=\"https:\/\/jcjarvenpaa.fi\/wp-content\/uploads\/2021\/05\/kuvatehdas.png 480w, https:\/\/jcjarvenpaa.fi\/wp-content\/uploads\/2021\/05\/kuvatehdas-300x300.png 300w, https:\/\/jcjarvenpaa.fi\/wp-content\/uploads\/2021\/05\/kuvatehdas-150x150.png 150w, https:\/\/jcjarvenpaa.fi\/wp-content\/uploads\/2021\/05\/kuvatehdas-12x12.png 12w, https:\/\/jcjarvenpaa.fi\/wp-content\/uploads\/2021\/05\/kuvatehdas-100x100.png 100w\" sizes=\"(max-width: 480px) 100vw, 480px\" \/>\t\t\t\t\t\t\t\t<\/a>\n\t\t\t\t\t\t\t\t\t\t\t<figcaption class=\"widget-image-caption wp-caption-text\">Kuvatehdas<\/figcaption>\n\t\t\t\t\t\t\t\t\t\t<\/figure>\n\t\t\t\t\t\t\t\t\t<\/div>\n\t\t\t\t<\/div>\n\t\t\t\t\t<\/div>\n\t\t<\/div>\n\t\t\t\t<div class=\"elementor-column elementor-col-33 elementor-top-column elementor-element elementor-element-7bf2b92\" data-id=\"7bf2b92\" data-element_type=\"column\">\n\t\t\t<div class=\"elementor-widget-wrap elementor-element-populated\">\n\t\t\t\t\t\t<div class=\"elementor-element elementor-element-9e28d7c elementor-widget elementor-widget-image\" data-id=\"9e28d7c\" data-element_type=\"widget\" data-widget_type=\"image.default\">\n\t\t\t\t<div class=\"elementor-widget-container\">\n\t\t\t\t\t\t\t\t\t\t\t\t<figure class=\"wp-caption\">\n\t\t\t\t\t\t\t\t\t\t\t<a href=\"https:\/\/kakkutalogilan.fi\/\">\n\t\t\t\t\t\t\t<img decoding=\"async\" width=\"567\" height=\"567\" src=\"https:\/\/jcjarvenpaa.fi\/wp-content\/uploads\/2021\/02\/kakkutalo_gilan_72dpi.jpg\" class=\"attachment-large size-large wp-image-1891\" alt=\"Kakkutalo Gilan\" srcset=\"https:\/\/jcjarvenpaa.fi\/wp-content\/uploads\/2021\/02\/kakkutalo_gilan_72dpi.jpg 567w, https:\/\/jcjarvenpaa.fi\/wp-content\/uploads\/2021\/02\/kakkutalo_gilan_72dpi-300x300.jpg 300w, https:\/\/jcjarvenpaa.fi\/wp-content\/uploads\/2021\/02\/kakkutalo_gilan_72dpi-150x150.jpg 150w, https:\/\/jcjarvenpaa.fi\/wp-content\/uploads\/2021\/02\/kakkutalo_gilan_72dpi-100x100.jpg 100w\" sizes=\"(max-width: 567px) 100vw, 567px\" \/>\t\t\t\t\t\t\t\t<\/a>\n\t\t\t\t\t\t\t\t\t\t\t<figcaption class=\"widget-image-caption wp-caption-text\">Kakkutalo Gilan<\/figcaption>\n\t\t\t\t\t\t\t\t\t\t<\/figure>\n\t\t\t\t\t\t\t\t\t<\/div>\n\t\t\t\t<\/div>\n\t\t\t\t\t<\/div>\n\t\t<\/div>\n\t\t\t\t<div class=\"elementor-column elementor-col-33 elementor-top-column elementor-element elementor-element-f0bfcee\" data-id=\"f0bfcee\" data-element_type=\"column\">\n\t\t\t<div class=\"elementor-widget-wrap elementor-element-populated\">\n\t\t\t\t\t\t<div class=\"elementor-element elementor-element-b9e6281 elementor-widget elementor-widget-image\" data-id=\"b9e6281\" data-element_type=\"widget\" data-widget_type=\"image.default\">\n\t\t\t\t<div class=\"elementor-widget-container\">\n\t\t\t\t\t\t\t\t\t\t\t\t<figure class=\"wp-caption\">\n\t\t\t\t\t\t\t\t\t\t\t<a href=\"http:\/\/www.kukkakauppa.info\/\">\n\t\t\t\t\t\t\t<img decoding=\"async\" width=\"567\" height=\"567\" src=\"https:\/\/jcjarvenpaa.fi\/wp-content\/uploads\/2021\/02\/jarvenpaan_kukkatalo_72dpi.jpg\" class=\"attachment-large size-large wp-image-1893\" alt=\"J\u00e4rvenp\u00e4\u00e4n kukkakauppa ja hautaustoimisto\" srcset=\"https:\/\/jcjarvenpaa.fi\/wp-content\/uploads\/2021\/02\/jarvenpaan_kukkatalo_72dpi.jpg 567w, https:\/\/jcjarvenpaa.fi\/wp-content\/uploads\/2021\/02\/jarvenpaan_kukkatalo_72dpi-300x300.jpg 300w, https:\/\/jcjarvenpaa.fi\/wp-content\/uploads\/2021\/02\/jarvenpaan_kukkatalo_72dpi-150x150.jpg 150w, https:\/\/jcjarvenpaa.fi\/wp-content\/uploads\/2021\/02\/jarvenpaan_kukkatalo_72dpi-100x100.jpg 100w\" sizes=\"(max-width: 567px) 100vw, 567px\" \/>\t\t\t\t\t\t\t\t<\/a>\n\t\t\t\t\t\t\t\t\t\t\t<figcaption class=\"widget-image-caption wp-caption-text\">J\u00e4rvenp\u00e4\u00e4n kukkakauppa ja hautaustoimisto<\/figcaption>\n\t\t\t\t\t\t\t\t\t\t<\/figure>\n\t\t\t\t\t\t\t\t\t<\/div>\n\t\t\t\t<\/div>\n\t\t\t\t\t<\/div>\n\t\t<\/div>\n\t\t\t\t\t<\/div>\n\t\t<\/section>\n\t\t\t\t<\/div>","protected":false},"excerpt":{"rendered":"<p>Haluaako yrityksesi olla mukana vaikuttamassa positiivisesti yhteiskuntaan ja l\u00e4hialueeseen? J\u00e4rvenp\u00e4\u00e4n Seudun Nuorkauppakamari tarjoaa yhteisty\u00f6kumppaneilleen monipuolisia yhteisty\u00f6mahdollisuuksia vuosittain vaihtuvien vastuullisten projektien tiimoilta. Vuonna 2022 kumppaneillamme on mahdollisuuksia olla mukana seuraavissa projekteissa: some-yhteisty\u00f6 ja yritysesittely = peruskumppanuusmalli, jossa yrityksenne on mukana koko vuoden toiminnassa. Sopimukseen kuuluu yrityksen esittely JSNKK:n somekanavissa sek\u00e4 logojen nosto nettisivuille. Kumppanuuden my\u00f6t\u00e4 yritykselle [&hellip;]<\/p>","protected":false},"author":1,"featured_media":2940,"parent":0,"menu_order":0,"comment_status":"closed","ping_status":"closed","template":"","meta":{"site-sidebar-layout":"default","site-content-layout":"default","ast-site-content-layout":"default","site-content-style":"default","site-sidebar-style":"default","ast-global-header-display":"","ast-banner-title-visibility":"","ast-main-header-display":"","ast-hfb-above-header-display":"","ast-hfb-below-header-display":"","ast-hfb-mobile-header-display":"","site-post-title":"","ast-breadcrumbs-content":"","ast-featured-img":"","footer-sml-layout":"","theme-transparent-header-meta":"default","adv-header-id-meta":"","stick-header-meta":"","header-above-stick-meta":"","header-main-stick-meta":"","header-below-stick-meta":"","astra-migrate-meta-layouts":"default","ast-page-background-enabled":"default","ast-page-background-meta":{"desktop":{"background-color":"","background-image":"","background-repeat":"repeat","background-position":"center center","background-size":"auto","background-attachment":"scroll","background-type":"","background-media":"","overlay-type":"","overlay-color":"","overlay-opacity":"","overlay-gradient":""},"tablet":{"background-color":"","background-image":"","background-repeat":"repeat","background-position":"center center","background-size":"auto","background-attachment":"scroll","background-type":"","background-media":"","overlay-type":"","overlay-color":"","overlay-opacity":"","overlay-gradient":""},"mobile":{"background-color":"","background-image":"","background-repeat":"repeat","background-position":"center center","background-size":"auto","background-attachment":"scroll","background-type":"","background-media":"","overlay-type":"","overlay-color":"","overlay-opacity":"","overlay-gradient":""}},"ast-content-background-meta":{"desktop":{"background-color":"var(--ast-global-color-5)","background-image":"","background-repeat":"repeat","background-position":"center center","background-size":"auto","background-attachment":"scroll","background-type":"","background-media":"","overlay-type":"","overlay-color":"","overlay-opacity":"","overlay-gradient":""},"tablet":{"background-color":"var(--ast-global-color-5)","background-image":"","background-repeat":"repeat","background-position":"center center","background-size":"auto","background-attachment":"scroll","background-type":"","background-media":"","overlay-type":"","overlay-color":"","overlay-opacity":"","overlay-gradient":""},"mobile":{"background-color":"var(--ast-global-color-5)","background-image":"","background-repeat":"repeat","background-position":"center center","background-size":"auto","background-attachment":"scroll","background-type":"","background-media":"","overlay-type":"","overlay-color":"","overlay-opacity":"","overlay-gradient":""}},"footnotes":""},"class_list":["post-25","page","type-page","status-publish","has-post-thumbnail","hentry"],"yoast_head":"<!-- This site is optimized with the Yoast SEO plugin v26.1.1 - https:\/\/yoast.com\/wordpress\/plugins\/seo\/ -->\n<title>Yhteisty\u00f6kumppanit - J\u00e4rvenp\u00e4\u00e4n Seudun Nuorkauppakamari<\/title>\n<meta name=\"robots\" content=\"index, follow, max-snippet:-1, max-image-preview:large, max-video-preview:-1\" \/>\n<link rel=\"canonical\" href=\"https:\/\/jcjarvenpaa.fi\/en\/yhteistyokumppanit\/\" \/>\n<meta property=\"og:locale\" content=\"en_GB\" \/>\n<meta property=\"og:type\" content=\"article\" \/>\n<meta property=\"og:title\" content=\"Yhteisty\u00f6kumppanit - J\u00e4rvenp\u00e4\u00e4n Seudun Nuorkauppakamari\" \/>\n<meta property=\"og:description\" content=\"Haluaako yrityksesi olla mukana vaikuttamassa positiivisesti yhteiskuntaan ja l\u00e4hialueeseen? J\u00e4rvenp\u00e4\u00e4n Seudun Nuorkauppakamari tarjoaa yhteisty\u00f6kumppaneilleen monipuolisia yhteisty\u00f6mahdollisuuksia vuosittain vaihtuvien vastuullisten projektien tiimoilta. Vuonna 2022 kumppaneillamme on mahdollisuuksia olla mukana seuraavissa projekteissa: some-yhteisty\u00f6 ja yritysesittely = peruskumppanuusmalli, jossa yrityksenne on mukana koko vuoden toiminnassa. Sopimukseen kuuluu yrityksen esittely JSNKK:n somekanavissa sek\u00e4 logojen nosto nettisivuille. Kumppanuuden my\u00f6t\u00e4 yritykselle [&hellip;]\" \/>\n<meta property=\"og:url\" content=\"https:\/\/jcjarvenpaa.fi\/en\/yhteistyokumppanit\/\" \/>\n<meta property=\"og:site_name\" content=\"J\u00e4rvenp\u00e4\u00e4n Seudun Nuorkauppakamari\" \/>\n<meta property=\"article:modified_time\" content=\"2022-02-16T10:36:59+00:00\" \/>\n<meta property=\"og:image\" content=\"https:\/\/jcjarvenpaa.fi\/wp-content\/uploads\/2022\/02\/JSNKKn-yhteistyo-kumppanuusohjelma-1.png\" \/>\n\t<meta property=\"og:image:width\" content=\"1500\" \/>\n\t<meta property=\"og:image:height\" content=\"1000\" \/>\n\t<meta property=\"og:image:type\" content=\"image\/png\" \/>\n<meta name=\"twitter:card\" content=\"summary_large_image\" \/>\n<meta name=\"twitter:label1\" content=\"Estimated reading time\" \/>\n\t<meta name=\"twitter:data1\" content=\"2 minutes\" \/>\n<script type=\"application\/ld+json\" class=\"yoast-schema-graph\">{\"@context\":\"https:\/\/schema.org\",\"@graph\":[{\"@type\":\"WebPage\",\"@id\":\"https:\/\/jcjarvenpaa.fi\/en\/yhteistyokumppanit\/\",\"url\":\"https:\/\/jcjarvenpaa.fi\/en\/yhteistyokumppanit\/\",\"name\":\"Yhteisty\u00f6kumppanit - J\u00e4rvenp\u00e4\u00e4n Seudun Nuorkauppakamari\",\"isPartOf\":{\"@id\":\"https:\/\/jcjarvenpaa.fi\/#website\"},\"primaryImageOfPage\":{\"@id\":\"https:\/\/jcjarvenpaa.fi\/en\/yhteistyokumppanit\/#primaryimage\"},\"image\":{\"@id\":\"https:\/\/jcjarvenpaa.fi\/en\/yhteistyokumppanit\/#primaryimage\"},\"thumbnailUrl\":\"https:\/\/jcjarvenpaa.fi\/wp-content\/uploads\/2022\/02\/JSNKKn-yhteistyo-kumppanuusohjelma-1.png\",\"datePublished\":\"2016-11-16T20:22:02+00:00\",\"dateModified\":\"2022-02-16T10:36:59+00:00\",\"breadcrumb\":{\"@id\":\"https:\/\/jcjarvenpaa.fi\/en\/yhteistyokumppanit\/#breadcrumb\"},\"inLanguage\":\"en-GB\",\"potentialAction\":[{\"@type\":\"ReadAction\",\"target\":[\"https:\/\/jcjarvenpaa.fi\/en\/yhteistyokumppanit\/\"]}]},{\"@type\":\"ImageObject\",\"inLanguage\":\"en-GB\",\"@id\":\"https:\/\/jcjarvenpaa.fi\/en\/yhteistyokumppanit\/#primaryimage\",\"url\":\"https:\/\/jcjarvenpaa.fi\/wp-content\/uploads\/2022\/02\/JSNKKn-yhteistyo-kumppanuusohjelma-1.png\",\"contentUrl\":\"https:\/\/jcjarvenpaa.fi\/wp-content\/uploads\/2022\/02\/JSNKKn-yhteistyo-kumppanuusohjelma-1.png\",\"width\":1500,\"height\":1000,\"caption\":\"Vastuullinen yhteisty\u00f6kumppani nuorkauppakamari\"},{\"@type\":\"BreadcrumbList\",\"@id\":\"https:\/\/jcjarvenpaa.fi\/en\/yhteistyokumppanit\/#breadcrumb\",\"itemListElement\":[{\"@type\":\"ListItem\",\"position\":1,\"name\":\"Home\",\"item\":\"https:\/\/jcjarvenpaa.fi\/\"},{\"@type\":\"ListItem\",\"position\":2,\"name\":\"Yhteisty\u00f6kumppanit\"}]},{\"@type\":\"WebSite\",\"@id\":\"https:\/\/jcjarvenpaa.fi\/#website\",\"url\":\"https:\/\/jcjarvenpaa.fi\/\",\"name\":\"J\u00e4rvenp\u00e4\u00e4n Seudun Nuorkauppakamari\",\"description\":\"Be better\",\"publisher\":{\"@id\":\"https:\/\/jcjarvenpaa.fi\/#organization\"},\"potentialAction\":[{\"@type\":\"SearchAction\",\"target\":{\"@type\":\"EntryPoint\",\"urlTemplate\":\"https:\/\/jcjarvenpaa.fi\/?s={search_term_string}\"},\"query-input\":{\"@type\":\"PropertyValueSpecification\",\"valueRequired\":true,\"valueName\":\"search_term_string\"}}],\"inLanguage\":\"en-GB\"},{\"@type\":\"Organization\",\"@id\":\"https:\/\/jcjarvenpaa.fi\/#organization\",\"name\":\"J\u00e4rvenp\u00e4\u00e4n Seudun Nuorkauppakamari\",\"url\":\"https:\/\/jcjarvenpaa.fi\/\",\"logo\":{\"@type\":\"ImageObject\",\"inLanguage\":\"en-GB\",\"@id\":\"https:\/\/jcjarvenpaa.fi\/#\/schema\/logo\/image\/\",\"url\":\"https:\/\/jcjarvenpaa.fi\/wp-content\/uploads\/2020\/05\/JCI-Ja\u0308rvenpa\u0308a\u0308.png\",\"contentUrl\":\"https:\/\/jcjarvenpaa.fi\/wp-content\/uploads\/2020\/05\/JCI-Ja\u0308rvenpa\u0308a\u0308.png\",\"width\":1042,\"height\":474,\"caption\":\"J\u00e4rvenp\u00e4\u00e4n Seudun Nuorkauppakamari\"},\"image\":{\"@id\":\"https:\/\/jcjarvenpaa.fi\/#\/schema\/logo\/image\/\"}}]}<\/script>\n<!-- \/ Yoast SEO plugin. -->","yoast_head_json":{"title":"Yhteisty\u00f6kumppanit - J\u00e4rvenp\u00e4\u00e4n Seudun Nuorkauppakamari","robots":{"index":"index","follow":"follow","max-snippet":"max-snippet:-1","max-image-preview":"max-image-preview:large","max-video-preview":"max-video-preview:-1"},"canonical":"https:\/\/jcjarvenpaa.fi\/en\/yhteistyokumppanit\/","og_locale":"en_GB","og_type":"article","og_title":"Yhteisty\u00f6kumppanit - J\u00e4rvenp\u00e4\u00e4n Seudun Nuorkauppakamari","og_description":"Haluaako yrityksesi olla mukana vaikuttamassa positiivisesti yhteiskuntaan ja l\u00e4hialueeseen? J\u00e4rvenp\u00e4\u00e4n Seudun Nuorkauppakamari tarjoaa yhteisty\u00f6kumppaneilleen monipuolisia yhteisty\u00f6mahdollisuuksia vuosittain vaihtuvien vastuullisten projektien tiimoilta. Vuonna 2022 kumppaneillamme on mahdollisuuksia olla mukana seuraavissa projekteissa: some-yhteisty\u00f6 ja yritysesittely = peruskumppanuusmalli, jossa yrityksenne on mukana koko vuoden toiminnassa. Sopimukseen kuuluu yrityksen esittely JSNKK:n somekanavissa sek\u00e4 logojen nosto nettisivuille. Kumppanuuden my\u00f6t\u00e4 yritykselle [&hellip;]","og_url":"https:\/\/jcjarvenpaa.fi\/en\/yhteistyokumppanit\/","og_site_name":"J\u00e4rvenp\u00e4\u00e4n Seudun Nuorkauppakamari","article_modified_time":"2022-02-16T10:36:59+00:00","og_image":[{"width":1500,"height":1000,"url":"https:\/\/jcjarvenpaa.fi\/wp-content\/uploads\/2022\/02\/JSNKKn-yhteistyo-kumppanuusohjelma-1.png","type":"image\/png"}],"twitter_card":"summary_large_image","twitter_misc":{"Estimated reading time":"2 minutes"},"schema":{"@context":"https:\/\/schema.org","@graph":[{"@type":"WebPage","@id":"https:\/\/jcjarvenpaa.fi\/en\/yhteistyokumppanit\/","url":"https:\/\/jcjarvenpaa.fi\/en\/yhteistyokumppanit\/","name":"Yhteisty\u00f6kumppanit - J\u00e4rvenp\u00e4\u00e4n Seudun Nuorkauppakamari","isPartOf":{"@id":"https:\/\/jcjarvenpaa.fi\/#website"},"primaryImageOfPage":{"@id":"https:\/\/jcjarvenpaa.fi\/en\/yhteistyokumppanit\/#primaryimage"},"image":{"@id":"https:\/\/jcjarvenpaa.fi\/en\/yhteistyokumppanit\/#primaryimage"},"thumbnailUrl":"https:\/\/jcjarvenpaa.fi\/wp-content\/uploads\/2022\/02\/JSNKKn-yhteistyo-kumppanuusohjelma-1.png","datePublished":"2016-11-16T20:22:02+00:00","dateModified":"2022-02-16T10:36:59+00:00","breadcrumb":{"@id":"https:\/\/jcjarvenpaa.fi\/en\/yhteistyokumppanit\/#breadcrumb"},"inLanguage":"en-GB","potentialAction":[{"@type":"ReadAction","target":["https:\/\/jcjarvenpaa.fi\/en\/yhteistyokumppanit\/"]}]},{"@type":"ImageObject","inLanguage":"en-GB","@id":"https:\/\/jcjarvenpaa.fi\/en\/yhteistyokumppanit\/#primaryimage","url":"https:\/\/jcjarvenpaa.fi\/wp-content\/uploads\/2022\/02\/JSNKKn-yhteistyo-kumppanuusohjelma-1.png","contentUrl":"https:\/\/jcjarvenpaa.fi\/wp-content\/uploads\/2022\/02\/JSNKKn-yhteistyo-kumppanuusohjelma-1.png","width":1500,"height":1000,"caption":"Vastuullinen yhteisty\u00f6kumppani nuorkauppakamari"},{"@type":"BreadcrumbList","@id":"https:\/\/jcjarvenpaa.fi\/en\/yhteistyokumppanit\/#breadcrumb","itemListElement":[{"@type":"ListItem","position":1,"name":"Home","item":"https:\/\/jcjarvenpaa.fi\/"},{"@type":"ListItem","position":2,"name":"Yhteisty\u00f6kumppanit"}]},{"@type":"WebSite","@id":"https:\/\/jcjarvenpaa.fi\/#website","url":"https:\/\/jcjarvenpaa.fi\/","name":"J\u00e4rvenp\u00e4\u00e4n Seudun Nuorkauppakamari","description":"Be better","publisher":{"@id":"https:\/\/jcjarvenpaa.fi\/#organization"},"potentialAction":[{"@type":"SearchAction","target":{"@type":"EntryPoint","urlTemplate":"https:\/\/jcjarvenpaa.fi\/?s={search_term_string}"},"query-input":{"@type":"PropertyValueSpecification","valueRequired":true,"valueName":"search_term_string"}}],"inLanguage":"en-GB"},{"@type":"Organization","@id":"https:\/\/jcjarvenpaa.fi\/#organization","name":"J\u00e4rvenp\u00e4\u00e4n Seudun Nuorkauppakamari","url":"https:\/\/jcjarvenpaa.fi\/","logo":{"@type":"ImageObject","inLanguage":"en-GB","@id":"https:\/\/jcjarvenpaa.fi\/#\/schema\/logo\/image\/","url":"https:\/\/jcjarvenpaa.fi\/wp-content\/uploads\/2020\/05\/JCI-Ja\u0308rvenpa\u0308a\u0308.png","contentUrl":"https:\/\/jcjarvenpaa.fi\/wp-content\/uploads\/2020\/05\/JCI-Ja\u0308rvenpa\u0308a\u0308.png","width":1042,"height":474,"caption":"J\u00e4rvenp\u00e4\u00e4n Seudun Nuorkauppakamari"},"image":{"@id":"https:\/\/jcjarvenpaa.fi\/#\/schema\/logo\/image\/"}}]}},"_links":{"self":[{"href":"https:\/\/jcjarvenpaa.fi\/en\/wp-json\/wp\/v2\/pages\/25","targetHints":{"allow":["GET"]}}],"collection":[{"href":"https:\/\/jcjarvenpaa.fi\/en\/wp-json\/wp\/v2\/pages"}],"about":[{"href":"https:\/\/jcjarvenpaa.fi\/en\/wp-json\/wp\/v2\/types\/page"}],"author":[{"embeddable":true,"href":"https:\/\/jcjarvenpaa.fi\/en\/wp-json\/wp\/v2\/users\/1"}],"replies":[{"embeddable":true,"href":"https:\/\/jcjarvenpaa.fi\/en\/wp-json\/wp\/v2\/comments?post=25"}],"version-history":[{"count":19,"href":"https:\/\/jcjarvenpaa.fi\/en\/wp-json\/wp\/v2\/pages\/25\/revisions"}],"predecessor-version":[{"id":3102,"href":"https:\/\/jcjarvenpaa.fi\/en\/wp-json\/wp\/v2\/pages\/25\/revisions\/3102"}],"wp:featuredmedia":[{"embeddable":true,"href":"https:\/\/jcjarvenpaa.fi\/en\/wp-json\/wp\/v2\/media\/2940"}],"wp:attachment":[{"href":"https:\/\/jcjarvenpaa.fi\/en\/wp-json\/wp\/v2\/media?parent=25"}],"curies":[{"name":"wp","href":"https:\/\/api.w.org\/{rel}","templated":true}]}}