{"id":1538,"date":"2020-11-03T23:11:59","date_gmt":"2020-11-03T21:11:59","guid":{"rendered":"http:\/\/jcjarvenpaa.fi\/?page_id=1538"},"modified":"2020-11-04T08:55:45","modified_gmt":"2020-11-04T06:55:45","slug":"elementor-1538","status":"publish","type":"page","link":"https:\/\/jcjarvenpaa.fi\/en\/elementor-1538\/","title":{"rendered":"Arvonnan s\u00e4\u00e4nn\u00f6t"},"content":{"rendered":"<div data-elementor-type=\"wp-page\" data-elementor-id=\"1538\" class=\"elementor elementor-1538\" data-elementor-post-type=\"page\">\n\t\t\t\t\t\t<section class=\"elementor-section elementor-top-section elementor-element elementor-element-489aef92 elementor-section-boxed elementor-section-height-default elementor-section-height-default\" data-id=\"489aef92\" data-element_type=\"section\">\n\t\t\t\t\t\t<div class=\"elementor-container elementor-column-gap-default\">\n\t\t\t\t\t<div class=\"elementor-column elementor-col-100 elementor-top-column elementor-element elementor-element-305916b5\" data-id=\"305916b5\" data-element_type=\"column\">\n\t\t\t<div class=\"elementor-widget-wrap elementor-element-populated\">\n\t\t\t\t\t\t<div class=\"elementor-element elementor-element-1f78b157 elementor-widget elementor-widget-text-editor\" data-id=\"1f78b157\" data-element_type=\"widget\" data-widget_type=\"text-editor.default\">\n\t\t\t\t<div class=\"elementor-widget-container\">\n\t\t\t\t\t\t\t\t\t<h1>Arvonnan s\u00e4\u00e4nn\u00f6t<\/h1>\n<p>1. Arvontaan voi osallistua kuka tahansa.<\/p>\n<p>2. J\u00e4rvenp\u00e4\u00e4n seudun nuorkauppakamari ry, my\u00f6hemmin JSNKK, j\u00e4rjest\u00e4\u00e4 arvonnan yll\u00e4pit\u00e4m\u00e4ll\u00e4\u00e4n sivullaan\/tileill\u00e4\u00e4n. Arvontaan osallistuminen on ilmaista.<\/p>\n<p>3. Arvonta suoritetaan arvonnan viimeisest\u00e4 osallistumisp\u00e4iv\u00e4st\u00e4 seuraavan kahden viikon kuluessa.<\/p>\n<p>4. Arvonnan suorittaa JSNKK.<\/p><p><span style=\"font-size: 15px; font-style: normal; font-weight: 400;\">5. Arvonnan palkintoa ei voi muuttaa rahaksi. JSNKK pid\u00e4tt\u00e4\u00e4 oikeuden vaihtaa palkinto toiseen vastaavan arvoiseen.<\/span><br><\/p>\n<p>6. Arvonnan p\u00e4\u00e4tytt\u00e4 voittajalle ilmoitetaan henkil\u00f6kohtaisesti JSNKK:n toimesta. Ellei voittajaa tavoiteta 5:n arkip\u00e4iv\u00e4n kuluessa ilmoittamisesta, tai muussa kohtuulisessa ajassa, on JSNKK:lla oikeus arpoa uusi voittaja.<\/p>\n<p>7. Mik\u00e4li osallistuja on antanut virheelliset, tai puutteelliset yhteistiedot, tai palkintoilmoitusta, tai palkintoa ei voi toimittaa voittajalle, ei JSNKK:lla ole velvollisuutta toimittaa palkontoa, tai sit\u00e4 vastaavaa korvausta voittajalle.<\/p>\n<p>8. JSNKK:lla on oikeus julkaista palkinnon voittajan nimi hallinnoimillaan tileill\u00e4 ja sivustoilla.<\/p>\n<p>9. JSNKK:lla on oikeus poistaa s\u00e4\u00e4nt\u00f6jen vastainen arvontaan osallistuminen ilman erillist\u00e4 ilmoitusta.<\/p>\n<p>10. S\u00e4\u00e4nt\u00f6jen tulkintaan liittyv\u00e4t mahdolliset ep\u00e4selvyydet ratkaisee JSNKK.<\/p>\n<p>11. Osallistumalla arvontaan, henkil\u00f6 hyv\u00e4ksyy JSNKK:n arvonnan yhteydess\u00e4 m\u00e4\u00e4ritt\u00e4m\u00e4n ehdot JSNKK:n ja JSNKK:n yhteisty\u00f6kumppaneiden materiaalin vastaanottamiseen. Materiaalista voi kielt\u00e4yty\u00e4 helposti materiaalin mukana toimitettavalla peruuta-linkill\u00e4.<\/p>\n<p>12. JSNKK:n vastuu rajoittuu ainoastaan ilmoitettuun palkintojen m\u00e4\u00e4r\u00e4\u00e4n ja mahdolliseen arvoon. JSNKK ei vastaa mahdollisista arvontaan osallistumiseen liittyvist\u00e4 ongelmista.<\/p>\n<p>13. JSNKK:n j\u00e4senet eiv\u00e4t voi osallistua arvontaan.<\/p>\n<p>14. Arvontaan liittyv\u00e4t tiedot poistetaan arvonnan p\u00e4\u00e4tytty\u00e4, tai niin kauan kuin on tarpeen tietojen k\u00e4sittelyn tarkoituksen toteuttamista varten. Henkil\u00f6tietoja s\u00e4ilytet\u00e4\u00e4n siihen saakka, kunnes kaikki palkinnot on jaettu.&nbsp;<\/p>\n<p>15. N\u00e4iden s\u00e4\u00e4nt\u00f6jen lukeminen on edellytys arvontaan osallistumiseen.<\/p>\t\t\t\t\t\t\t\t<\/div>\n\t\t\t\t<\/div>\n\t\t\t\t\t<\/div>\n\t\t<\/div>\n\t\t\t\t\t<\/div>\n\t\t<\/section>\n\t\t\t\t<\/div>","protected":false},"excerpt":{"rendered":"<p>Arvonnan s\u00e4\u00e4nn\u00f6t 1. Arvontaan voi osallistua kuka tahansa. 2. J\u00e4rvenp\u00e4\u00e4n seudun nuorkauppakamari ry, my\u00f6hemmin JSNKK, j\u00e4rjest\u00e4\u00e4 arvonnan yll\u00e4pit\u00e4m\u00e4ll\u00e4\u00e4n sivullaan\/tileill\u00e4\u00e4n. Arvontaan osallistuminen on ilmaista. 3. Arvonta suoritetaan arvonnan viimeisest\u00e4 osallistumisp\u00e4iv\u00e4st\u00e4 seuraavan kahden viikon kuluessa. 4. Arvonnan suorittaa JSNKK. 5. Arvonnan palkintoa ei voi muuttaa rahaksi. JSNKK pid\u00e4tt\u00e4\u00e4 oikeuden vaihtaa palkinto toiseen vastaavan arvoiseen. 6. Arvonnan p\u00e4\u00e4tytt\u00e4 [&hellip;]<\/p>","protected":false},"author":45,"featured_media":0,"parent":0,"menu_order":0,"comment_status":"closed","ping_status":"closed","template":"","meta":{"site-sidebar-layout":"default","site-content-layout":"default","ast-site-content-layout":"default","site-content-style":"default","site-sidebar-style":"default","ast-global-header-display":"","ast-banner-title-visibility":"","ast-main-header-display":"","ast-hfb-above-header-display":"","ast-hfb-below-header-display":"","ast-hfb-mobile-header-display":"","site-post-title":"","ast-breadcrumbs-content":"","ast-featured-img":"","footer-sml-layout":"","theme-transparent-header-meta":"default","adv-header-id-meta":"","stick-header-meta":"","header-above-stick-meta":"","header-main-stick-meta":"","header-below-stick-meta":"","astra-migrate-meta-layouts":"default","ast-page-background-enabled":"default","ast-page-background-meta":{"desktop":{"background-color":"","background-image":"","background-repeat":"repeat","background-position":"center center","background-size":"auto","background-attachment":"scroll","background-type":"","background-media":"","overlay-type":"","overlay-color":"","overlay-opacity":"","overlay-gradient":""},"tablet":{"background-color":"","background-image":"","background-repeat":"repeat","background-position":"center center","background-size":"auto","background-attachment":"scroll","background-type":"","background-media":"","overlay-type":"","overlay-color":"","overlay-opacity":"","overlay-gradient":""},"mobile":{"background-color":"","background-image":"","background-repeat":"repeat","background-position":"center center","background-size":"auto","background-attachment":"scroll","background-type":"","background-media":"","overlay-type":"","overlay-color":"","overlay-opacity":"","overlay-gradient":""}},"ast-content-background-meta":{"desktop":{"background-color":"var(--ast-global-color-5)","background-image":"","background-repeat":"repeat","background-position":"center center","background-size":"auto","background-attachment":"scroll","background-type":"","background-media":"","overlay-type":"","overlay-color":"","overlay-opacity":"","overlay-gradient":""},"tablet":{"background-color":"var(--ast-global-color-5)","background-image":"","background-repeat":"repeat","background-position":"center center","background-size":"auto","background-attachment":"scroll","background-type":"","background-media":"","overlay-type":"","overlay-color":"","overlay-opacity":"","overlay-gradient":""},"mobile":{"background-color":"var(--ast-global-color-5)","background-image":"","background-repeat":"repeat","background-position":"center center","background-size":"auto","background-attachment":"scroll","background-type":"","background-media":"","overlay-type":"","overlay-color":"","overlay-opacity":"","overlay-gradient":""}},"footnotes":""},"class_list":["post-1538","page","type-page","status-publish","hentry"],"yoast_head":"<!-- This site is optimized with the Yoast SEO plugin v26.1.1 - https:\/\/yoast.com\/wordpress\/plugins\/seo\/ -->\n<title>Arvonnan s\u00e4\u00e4nn\u00f6t - J\u00e4rvenp\u00e4\u00e4n Seudun Nuorkauppakamari<\/title>\n<meta name=\"robots\" content=\"index, follow, max-snippet:-1, max-image-preview:large, max-video-preview:-1\" \/>\n<link rel=\"canonical\" href=\"https:\/\/jcjarvenpaa.fi\/en\/elementor-1538\/\" \/>\n<meta property=\"og:locale\" content=\"en_GB\" \/>\n<meta property=\"og:type\" content=\"article\" \/>\n<meta property=\"og:title\" content=\"Arvonnan s\u00e4\u00e4nn\u00f6t - J\u00e4rvenp\u00e4\u00e4n Seudun Nuorkauppakamari\" \/>\n<meta property=\"og:description\" content=\"Arvonnan s\u00e4\u00e4nn\u00f6t 1. Arvontaan voi osallistua kuka tahansa. 2. J\u00e4rvenp\u00e4\u00e4n seudun nuorkauppakamari ry, my\u00f6hemmin JSNKK, j\u00e4rjest\u00e4\u00e4 arvonnan yll\u00e4pit\u00e4m\u00e4ll\u00e4\u00e4n sivullaan\/tileill\u00e4\u00e4n. Arvontaan osallistuminen on ilmaista. 3. Arvonta suoritetaan arvonnan viimeisest\u00e4 osallistumisp\u00e4iv\u00e4st\u00e4 seuraavan kahden viikon kuluessa. 4. Arvonnan suorittaa JSNKK. 5. Arvonnan palkintoa ei voi muuttaa rahaksi. JSNKK pid\u00e4tt\u00e4\u00e4 oikeuden vaihtaa palkinto toiseen vastaavan arvoiseen. 6. Arvonnan p\u00e4\u00e4tytt\u00e4 [&hellip;]\" \/>\n<meta property=\"og:url\" content=\"https:\/\/jcjarvenpaa.fi\/en\/elementor-1538\/\" \/>\n<meta property=\"og:site_name\" content=\"J\u00e4rvenp\u00e4\u00e4n Seudun Nuorkauppakamari\" \/>\n<meta property=\"article:modified_time\" content=\"2020-11-04T06:55:45+00:00\" \/>\n<meta name=\"twitter:card\" content=\"summary_large_image\" \/>\n<meta name=\"twitter:label1\" content=\"Estimated reading time\" \/>\n\t<meta name=\"twitter:data1\" content=\"1 minute\" \/>\n<script type=\"application\/ld+json\" class=\"yoast-schema-graph\">{\"@context\":\"https:\/\/schema.org\",\"@graph\":[{\"@type\":\"WebPage\",\"@id\":\"https:\/\/jcjarvenpaa.fi\/elementor-1538\/\",\"url\":\"https:\/\/jcjarvenpaa.fi\/elementor-1538\/\",\"name\":\"Arvonnan s\u00e4\u00e4nn\u00f6t - J\u00e4rvenp\u00e4\u00e4n Seudun Nuorkauppakamari\",\"isPartOf\":{\"@id\":\"https:\/\/jcjarvenpaa.fi\/#website\"},\"datePublished\":\"2020-11-03T21:11:59+00:00\",\"dateModified\":\"2020-11-04T06:55:45+00:00\",\"breadcrumb\":{\"@id\":\"https:\/\/jcjarvenpaa.fi\/elementor-1538\/#breadcrumb\"},\"inLanguage\":\"en-GB\",\"potentialAction\":[{\"@type\":\"ReadAction\",\"target\":[\"https:\/\/jcjarvenpaa.fi\/elementor-1538\/\"]}]},{\"@type\":\"BreadcrumbList\",\"@id\":\"https:\/\/jcjarvenpaa.fi\/elementor-1538\/#breadcrumb\",\"itemListElement\":[{\"@type\":\"ListItem\",\"position\":1,\"name\":\"Home\",\"item\":\"https:\/\/jcjarvenpaa.fi\/\"},{\"@type\":\"ListItem\",\"position\":2,\"name\":\"Arvonnan s\u00e4\u00e4nn\u00f6t\"}]},{\"@type\":\"WebSite\",\"@id\":\"https:\/\/jcjarvenpaa.fi\/#website\",\"url\":\"https:\/\/jcjarvenpaa.fi\/\",\"name\":\"J\u00e4rvenp\u00e4\u00e4n Seudun Nuorkauppakamari\",\"description\":\"Be better\",\"publisher\":{\"@id\":\"https:\/\/jcjarvenpaa.fi\/#organization\"},\"potentialAction\":[{\"@type\":\"SearchAction\",\"target\":{\"@type\":\"EntryPoint\",\"urlTemplate\":\"https:\/\/jcjarvenpaa.fi\/?s={search_term_string}\"},\"query-input\":{\"@type\":\"PropertyValueSpecification\",\"valueRequired\":true,\"valueName\":\"search_term_string\"}}],\"inLanguage\":\"en-GB\"},{\"@type\":\"Organization\",\"@id\":\"https:\/\/jcjarvenpaa.fi\/#organization\",\"name\":\"J\u00e4rvenp\u00e4\u00e4n Seudun Nuorkauppakamari\",\"url\":\"https:\/\/jcjarvenpaa.fi\/\",\"logo\":{\"@type\":\"ImageObject\",\"inLanguage\":\"en-GB\",\"@id\":\"https:\/\/jcjarvenpaa.fi\/#\/schema\/logo\/image\/\",\"url\":\"https:\/\/jcjarvenpaa.fi\/wp-content\/uploads\/2020\/05\/JCI-Ja\u0308rvenpa\u0308a\u0308.png\",\"contentUrl\":\"https:\/\/jcjarvenpaa.fi\/wp-content\/uploads\/2020\/05\/JCI-Ja\u0308rvenpa\u0308a\u0308.png\",\"width\":1042,\"height\":474,\"caption\":\"J\u00e4rvenp\u00e4\u00e4n Seudun Nuorkauppakamari\"},\"image\":{\"@id\":\"https:\/\/jcjarvenpaa.fi\/#\/schema\/logo\/image\/\"}}]}<\/script>\n<!-- \/ Yoast SEO plugin. -->","yoast_head_json":{"title":"Arvonnan s\u00e4\u00e4nn\u00f6t - J\u00e4rvenp\u00e4\u00e4n Seudun Nuorkauppakamari","robots":{"index":"index","follow":"follow","max-snippet":"max-snippet:-1","max-image-preview":"max-image-preview:large","max-video-preview":"max-video-preview:-1"},"canonical":"https:\/\/jcjarvenpaa.fi\/en\/elementor-1538\/","og_locale":"en_GB","og_type":"article","og_title":"Arvonnan s\u00e4\u00e4nn\u00f6t - J\u00e4rvenp\u00e4\u00e4n Seudun Nuorkauppakamari","og_description":"Arvonnan s\u00e4\u00e4nn\u00f6t 1. Arvontaan voi osallistua kuka tahansa. 2. J\u00e4rvenp\u00e4\u00e4n seudun nuorkauppakamari ry, my\u00f6hemmin JSNKK, j\u00e4rjest\u00e4\u00e4 arvonnan yll\u00e4pit\u00e4m\u00e4ll\u00e4\u00e4n sivullaan\/tileill\u00e4\u00e4n. Arvontaan osallistuminen on ilmaista. 3. Arvonta suoritetaan arvonnan viimeisest\u00e4 osallistumisp\u00e4iv\u00e4st\u00e4 seuraavan kahden viikon kuluessa. 4. Arvonnan suorittaa JSNKK. 5. Arvonnan palkintoa ei voi muuttaa rahaksi. JSNKK pid\u00e4tt\u00e4\u00e4 oikeuden vaihtaa palkinto toiseen vastaavan arvoiseen. 6. Arvonnan p\u00e4\u00e4tytt\u00e4 [&hellip;]","og_url":"https:\/\/jcjarvenpaa.fi\/en\/elementor-1538\/","og_site_name":"J\u00e4rvenp\u00e4\u00e4n Seudun Nuorkauppakamari","article_modified_time":"2020-11-04T06:55:45+00:00","twitter_card":"summary_large_image","twitter_misc":{"Estimated reading time":"1 minute"},"schema":{"@context":"https:\/\/schema.org","@graph":[{"@type":"WebPage","@id":"https:\/\/jcjarvenpaa.fi\/elementor-1538\/","url":"https:\/\/jcjarvenpaa.fi\/elementor-1538\/","name":"Arvonnan s\u00e4\u00e4nn\u00f6t - J\u00e4rvenp\u00e4\u00e4n Seudun Nuorkauppakamari","isPartOf":{"@id":"https:\/\/jcjarvenpaa.fi\/#website"},"datePublished":"2020-11-03T21:11:59+00:00","dateModified":"2020-11-04T06:55:45+00:00","breadcrumb":{"@id":"https:\/\/jcjarvenpaa.fi\/elementor-1538\/#breadcrumb"},"inLanguage":"en-GB","potentialAction":[{"@type":"ReadAction","target":["https:\/\/jcjarvenpaa.fi\/elementor-1538\/"]}]},{"@type":"BreadcrumbList","@id":"https:\/\/jcjarvenpaa.fi\/elementor-1538\/#breadcrumb","itemListElement":[{"@type":"ListItem","position":1,"name":"Home","item":"https:\/\/jcjarvenpaa.fi\/"},{"@type":"ListItem","position":2,"name":"Arvonnan s\u00e4\u00e4nn\u00f6t"}]},{"@type":"WebSite","@id":"https:\/\/jcjarvenpaa.fi\/#website","url":"https:\/\/jcjarvenpaa.fi\/","name":"J\u00e4rvenp\u00e4\u00e4n Seudun Nuorkauppakamari","description":"Be better","publisher":{"@id":"https:\/\/jcjarvenpaa.fi\/#organization"},"potentialAction":[{"@type":"SearchAction","target":{"@type":"EntryPoint","urlTemplate":"https:\/\/jcjarvenpaa.fi\/?s={search_term_string}"},"query-input":{"@type":"PropertyValueSpecification","valueRequired":true,"valueName":"search_term_string"}}],"inLanguage":"en-GB"},{"@type":"Organization","@id":"https:\/\/jcjarvenpaa.fi\/#organization","name":"J\u00e4rvenp\u00e4\u00e4n Seudun Nuorkauppakamari","url":"https:\/\/jcjarvenpaa.fi\/","logo":{"@type":"ImageObject","inLanguage":"en-GB","@id":"https:\/\/jcjarvenpaa.fi\/#\/schema\/logo\/image\/","url":"https:\/\/jcjarvenpaa.fi\/wp-content\/uploads\/2020\/05\/JCI-Ja\u0308rvenpa\u0308a\u0308.png","contentUrl":"https:\/\/jcjarvenpaa.fi\/wp-content\/uploads\/2020\/05\/JCI-Ja\u0308rvenpa\u0308a\u0308.png","width":1042,"height":474,"caption":"J\u00e4rvenp\u00e4\u00e4n Seudun Nuorkauppakamari"},"image":{"@id":"https:\/\/jcjarvenpaa.fi\/#\/schema\/logo\/image\/"}}]}},"_links":{"self":[{"href":"https:\/\/jcjarvenpaa.fi\/en\/wp-json\/wp\/v2\/pages\/1538","targetHints":{"allow":["GET"]}}],"collection":[{"href":"https:\/\/jcjarvenpaa.fi\/en\/wp-json\/wp\/v2\/pages"}],"about":[{"href":"https:\/\/jcjarvenpaa.fi\/en\/wp-json\/wp\/v2\/types\/page"}],"author":[{"embeddable":true,"href":"https:\/\/jcjarvenpaa.fi\/en\/wp-json\/wp\/v2\/users\/45"}],"replies":[{"embeddable":true,"href":"https:\/\/jcjarvenpaa.fi\/en\/wp-json\/wp\/v2\/comments?post=1538"}],"version-history":[{"count":6,"href":"https:\/\/jcjarvenpaa.fi\/en\/wp-json\/wp\/v2\/pages\/1538\/revisions"}],"predecessor-version":[{"id":1549,"href":"https:\/\/jcjarvenpaa.fi\/en\/wp-json\/wp\/v2\/pages\/1538\/revisions\/1549"}],"wp:attachment":[{"href":"https:\/\/jcjarvenpaa.fi\/en\/wp-json\/wp\/v2\/media?parent=1538"}],"curies":[{"name":"wp","href":"https:\/\/api.w.org\/{rel}","templated":true}]}}