{"id":14,"date":"2016-11-16T22:16:59","date_gmt":"2016-11-16T20:16:59","guid":{"rendered":"http:\/\/jcjarvenpaafi.wp1.whitestone.fi\/?page_id=14"},"modified":"2022-02-04T18:15:43","modified_gmt":"2022-02-04T16:15:43","slug":"jc-jarvenpaa","status":"publish","type":"page","link":"https:\/\/jcjarvenpaa.fi\/en\/jc-jarvenpaa\/","title":{"rendered":"JCI J\u00e4rvenp\u00e4\u00e4"},"content":{"rendered":"<p>J\u00e4rvenp\u00e4\u00e4n Seudun Nuorkauppakamari on alle 40-vuotiaiden j\u00e4sentens\u00e4 kehittymis- ja johtamiskoulutusj\u00e4rjest\u00f6 sek\u00e4 kontaktiverkosto, joka pyrkii vaikuttamaan aktiivisesti yhteiskunnassa.<\/p>\n<p>J\u00e4senet saavat koulutusta ja kontakteja kamarin j\u00e4rjest\u00e4miss\u00e4 projektit\u00f6iss\u00e4, yhteisty\u00f6hankkeissa yritysten ja muiden kaupunkien nuorkauppakamarien kesken sek\u00e4 kamarin vastuullisissa viroissa.<\/p>\n<p>My\u00f6s osallistuminen alue- ja kansallisen tason JC-toimintaan sek\u00e4 kansainv\u00e4lisiin kokouksiin laajentaa koulutus- ja kehittymismahdollisuuksia. JC-toiminnassa syntyneit\u00e4 taitoja ja kontakteja j\u00e4senet hy\u00f6dynt\u00e4v\u00e4t omassa yksityisess\u00e4 el\u00e4m\u00e4ss\u00e4\u00e4n ja ty\u00f6teht\u00e4vien hoidossa.<\/p>\n<ul>\n<li>JSNKK on perustettu vuonna 1971<\/li>\n<li>t\u00e4ll\u00e4 hetkell\u00e4 aktiivisia j\u00e4seni\u00e4 on 17.<\/li>\n<li>yst\u00e4vyyskamarinamme toimii saksalainen JCI Stade<\/li>\n<li>olemme osa kansainv\u00e4list\u00e4 nuorkauppakamariverkostoa, <a href=\"https:\/\/juniorchamber.international\/\">Junior Chamber Internationalia<\/a><\/li>\n<\/ul>\n<p><a href=\"https:\/\/www.facebook.com\/jcjarvenpaa\/\" target=\"_blank\" rel=\"noopener noreferrer\">Tutustu my\u00f6s Facebook -sivuumme!<\/a><\/p>\n<p>J\u00e4rvenp\u00e4\u00e4n Seudun Nuorkauppakamari tarjoaa lukuisia yhteisty\u00f6mahdollisuuksia yrityksille. <a href=\"https:\/\/jcjarvenpaa.fi\/en\/yhteistyokumppanit\/\">Lue lis\u00e4\u00e4<\/a><\/p>","protected":false},"excerpt":{"rendered":"<p>J\u00e4rvenp\u00e4\u00e4n Seudun Nuorkauppakamari on alle 40-vuotiaiden j\u00e4sentens\u00e4 kehittymis- ja johtamiskoulutusj\u00e4rjest\u00f6 sek\u00e4 kontaktiverkosto, joka pyrkii vaikuttamaan aktiivisesti yhteiskunnassa. J\u00e4senet saavat koulutusta ja kontakteja kamarin j\u00e4rjest\u00e4miss\u00e4 projektit\u00f6iss\u00e4, yhteisty\u00f6hankkeissa yritysten ja muiden kaupunkien nuorkauppakamarien kesken sek\u00e4 kamarin vastuullisissa viroissa. My\u00f6s osallistuminen alue- ja kansallisen tason JC-toimintaan sek\u00e4 kansainv\u00e4lisiin kokouksiin laajentaa koulutus- ja kehittymismahdollisuuksia. JC-toiminnassa syntyneit\u00e4 taitoja ja kontakteja [&hellip;]<\/p>","protected":false},"author":1,"featured_media":3011,"parent":0,"menu_order":0,"comment_status":"closed","ping_status":"closed","template":"","meta":{"site-sidebar-layout":"default","site-content-layout":"default","ast-site-content-layout":"default","site-content-style":"default","site-sidebar-style":"default","ast-global-header-display":"","ast-banner-title-visibility":"","ast-main-header-display":"","ast-hfb-above-header-display":"","ast-hfb-below-header-display":"","ast-hfb-mobile-header-display":"","site-post-title":"","ast-breadcrumbs-content":"","ast-featured-img":"","footer-sml-layout":"","theme-transparent-header-meta":"default","adv-header-id-meta":"","stick-header-meta":"","header-above-stick-meta":"","header-main-stick-meta":"","header-below-stick-meta":"","astra-migrate-meta-layouts":"default","ast-page-background-enabled":"default","ast-page-background-meta":{"desktop":{"background-color":"","background-image":"","background-repeat":"repeat","background-position":"center center","background-size":"auto","background-attachment":"scroll","background-type":"","background-media":"","overlay-type":"","overlay-color":"","overlay-opacity":"","overlay-gradient":""},"tablet":{"background-color":"","background-image":"","background-repeat":"repeat","background-position":"center center","background-size":"auto","background-attachment":"scroll","background-type":"","background-media":"","overlay-type":"","overlay-color":"","overlay-opacity":"","overlay-gradient":""},"mobile":{"background-color":"","background-image":"","background-repeat":"repeat","background-position":"center center","background-size":"auto","background-attachment":"scroll","background-type":"","background-media":"","overlay-type":"","overlay-color":"","overlay-opacity":"","overlay-gradient":""}},"ast-content-background-meta":{"desktop":{"background-color":"var(--ast-global-color-5)","background-image":"","background-repeat":"repeat","background-position":"center center","background-size":"auto","background-attachment":"scroll","background-type":"","background-media":"","overlay-type":"","overlay-color":"","overlay-opacity":"","overlay-gradient":""},"tablet":{"background-color":"var(--ast-global-color-5)","background-image":"","background-repeat":"repeat","background-position":"center center","background-size":"auto","background-attachment":"scroll","background-type":"","background-media":"","overlay-type":"","overlay-color":"","overlay-opacity":"","overlay-gradient":""},"mobile":{"background-color":"var(--ast-global-color-5)","background-image":"","background-repeat":"repeat","background-position":"center center","background-size":"auto","background-attachment":"scroll","background-type":"","background-media":"","overlay-type":"","overlay-color":"","overlay-opacity":"","overlay-gradient":""}},"footnotes":""},"class_list":["post-14","page","type-page","status-publish","has-post-thumbnail","hentry"],"yoast_head":"<!-- This site is optimized with the Yoast SEO plugin v26.1.1 - https:\/\/yoast.com\/wordpress\/plugins\/seo\/ -->\n<title>JCI J\u00e4rvenp\u00e4\u00e4 - J\u00e4rvenp\u00e4\u00e4n Seudun Nuorkauppakamari<\/title>\n<meta name=\"description\" content=\"J\u00e4rvenp\u00e4\u00e4n Seudun Nuorkauppakamari on j\u00e4sentens\u00e4 kehitt\u00e4misj\u00e4rjest\u00f6 sek\u00e4 paikallinen aktiivinen toimija. Lue, miten vaikutamme alueella.\" \/>\n<meta name=\"robots\" content=\"index, follow, max-snippet:-1, max-image-preview:large, max-video-preview:-1\" \/>\n<link rel=\"canonical\" href=\"https:\/\/jcjarvenpaa.fi\/en\/jc-jarvenpaa\/\" \/>\n<meta property=\"og:locale\" content=\"en_GB\" \/>\n<meta property=\"og:type\" content=\"article\" \/>\n<meta property=\"og:title\" content=\"JCI J\u00e4rvenp\u00e4\u00e4 - J\u00e4rvenp\u00e4\u00e4n Seudun Nuorkauppakamari\" \/>\n<meta property=\"og:description\" content=\"J\u00e4rvenp\u00e4\u00e4n Seudun Nuorkauppakamari on j\u00e4sentens\u00e4 kehitt\u00e4misj\u00e4rjest\u00f6 sek\u00e4 paikallinen aktiivinen toimija. Lue, miten vaikutamme alueella.\" \/>\n<meta property=\"og:url\" content=\"https:\/\/jcjarvenpaa.fi\/en\/jc-jarvenpaa\/\" \/>\n<meta property=\"og:site_name\" content=\"J\u00e4rvenp\u00e4\u00e4n Seudun Nuorkauppakamari\" \/>\n<meta property=\"article:modified_time\" content=\"2022-02-04T16:15:43+00:00\" \/>\n<meta property=\"og:image\" content=\"https:\/\/jcjarvenpaa.fi\/wp-content\/uploads\/2022\/02\/JSNKKn-yhteistyo-kumppanuusohjelma-2.png\" \/>\n\t<meta property=\"og:image:width\" content=\"1500\" \/>\n\t<meta property=\"og:image:height\" content=\"1000\" \/>\n\t<meta property=\"og:image:type\" content=\"image\/png\" \/>\n<meta name=\"twitter:card\" content=\"summary_large_image\" \/>\n<meta name=\"twitter:label1\" content=\"Estimated reading time\" \/>\n\t<meta name=\"twitter:data1\" content=\"1 minute\" \/>\n<script type=\"application\/ld+json\" class=\"yoast-schema-graph\">{\"@context\":\"https:\/\/schema.org\",\"@graph\":[{\"@type\":\"WebPage\",\"@id\":\"https:\/\/jcjarvenpaa.fi\/jc-jarvenpaa\/\",\"url\":\"https:\/\/jcjarvenpaa.fi\/jc-jarvenpaa\/\",\"name\":\"JCI J\u00e4rvenp\u00e4\u00e4 - J\u00e4rvenp\u00e4\u00e4n Seudun Nuorkauppakamari\",\"isPartOf\":{\"@id\":\"https:\/\/jcjarvenpaa.fi\/#website\"},\"primaryImageOfPage\":{\"@id\":\"https:\/\/jcjarvenpaa.fi\/jc-jarvenpaa\/#primaryimage\"},\"image\":{\"@id\":\"https:\/\/jcjarvenpaa.fi\/jc-jarvenpaa\/#primaryimage\"},\"thumbnailUrl\":\"https:\/\/jcjarvenpaa.fi\/wp-content\/uploads\/2022\/02\/JSNKKn-yhteistyo-kumppanuusohjelma-2.png\",\"datePublished\":\"2016-11-16T20:16:59+00:00\",\"dateModified\":\"2022-02-04T16:15:43+00:00\",\"description\":\"J\u00e4rvenp\u00e4\u00e4n Seudun Nuorkauppakamari on j\u00e4sentens\u00e4 kehitt\u00e4misj\u00e4rjest\u00f6 sek\u00e4 paikallinen aktiivinen toimija. Lue, miten vaikutamme alueella.\",\"breadcrumb\":{\"@id\":\"https:\/\/jcjarvenpaa.fi\/jc-jarvenpaa\/#breadcrumb\"},\"inLanguage\":\"en-GB\",\"potentialAction\":[{\"@type\":\"ReadAction\",\"target\":[\"https:\/\/jcjarvenpaa.fi\/jc-jarvenpaa\/\"]}]},{\"@type\":\"ImageObject\",\"inLanguage\":\"en-GB\",\"@id\":\"https:\/\/jcjarvenpaa.fi\/jc-jarvenpaa\/#primaryimage\",\"url\":\"https:\/\/jcjarvenpaa.fi\/wp-content\/uploads\/2022\/02\/JSNKKn-yhteistyo-kumppanuusohjelma-2.png\",\"contentUrl\":\"https:\/\/jcjarvenpaa.fi\/wp-content\/uploads\/2022\/02\/JSNKKn-yhteistyo-kumppanuusohjelma-2.png\",\"width\":1500,\"height\":1000,\"caption\":\"J\u00e4rvenp\u00e4\u00e4n Seudun Nuorkauppakamari\"},{\"@type\":\"BreadcrumbList\",\"@id\":\"https:\/\/jcjarvenpaa.fi\/jc-jarvenpaa\/#breadcrumb\",\"itemListElement\":[{\"@type\":\"ListItem\",\"position\":1,\"name\":\"Home\",\"item\":\"https:\/\/jcjarvenpaa.fi\/\"},{\"@type\":\"ListItem\",\"position\":2,\"name\":\"JCI J\u00e4rvenp\u00e4\u00e4\"}]},{\"@type\":\"WebSite\",\"@id\":\"https:\/\/jcjarvenpaa.fi\/#website\",\"url\":\"https:\/\/jcjarvenpaa.fi\/\",\"name\":\"J\u00e4rvenp\u00e4\u00e4n Seudun Nuorkauppakamari\",\"description\":\"Be better\",\"publisher\":{\"@id\":\"https:\/\/jcjarvenpaa.fi\/#organization\"},\"potentialAction\":[{\"@type\":\"SearchAction\",\"target\":{\"@type\":\"EntryPoint\",\"urlTemplate\":\"https:\/\/jcjarvenpaa.fi\/?s={search_term_string}\"},\"query-input\":{\"@type\":\"PropertyValueSpecification\",\"valueRequired\":true,\"valueName\":\"search_term_string\"}}],\"inLanguage\":\"en-GB\"},{\"@type\":\"Organization\",\"@id\":\"https:\/\/jcjarvenpaa.fi\/#organization\",\"name\":\"J\u00e4rvenp\u00e4\u00e4n Seudun Nuorkauppakamari\",\"url\":\"https:\/\/jcjarvenpaa.fi\/\",\"logo\":{\"@type\":\"ImageObject\",\"inLanguage\":\"en-GB\",\"@id\":\"https:\/\/jcjarvenpaa.fi\/#\/schema\/logo\/image\/\",\"url\":\"https:\/\/jcjarvenpaa.fi\/wp-content\/uploads\/2020\/05\/JCI-Ja\u0308rvenpa\u0308a\u0308.png\",\"contentUrl\":\"https:\/\/jcjarvenpaa.fi\/wp-content\/uploads\/2020\/05\/JCI-Ja\u0308rvenpa\u0308a\u0308.png\",\"width\":1042,\"height\":474,\"caption\":\"J\u00e4rvenp\u00e4\u00e4n Seudun Nuorkauppakamari\"},\"image\":{\"@id\":\"https:\/\/jcjarvenpaa.fi\/#\/schema\/logo\/image\/\"}}]}<\/script>\n<!-- \/ Yoast SEO plugin. -->","yoast_head_json":{"title":"JCI J\u00e4rvenp\u00e4\u00e4 - J\u00e4rvenp\u00e4\u00e4n Seudun Nuorkauppakamari","description":"J\u00e4rvenp\u00e4\u00e4n Seudun Nuorkauppakamari on j\u00e4sentens\u00e4 kehitt\u00e4misj\u00e4rjest\u00f6 sek\u00e4 paikallinen aktiivinen toimija. Lue, miten vaikutamme alueella.","robots":{"index":"index","follow":"follow","max-snippet":"max-snippet:-1","max-image-preview":"max-image-preview:large","max-video-preview":"max-video-preview:-1"},"canonical":"https:\/\/jcjarvenpaa.fi\/en\/jc-jarvenpaa\/","og_locale":"en_GB","og_type":"article","og_title":"JCI J\u00e4rvenp\u00e4\u00e4 - J\u00e4rvenp\u00e4\u00e4n Seudun Nuorkauppakamari","og_description":"J\u00e4rvenp\u00e4\u00e4n Seudun Nuorkauppakamari on j\u00e4sentens\u00e4 kehitt\u00e4misj\u00e4rjest\u00f6 sek\u00e4 paikallinen aktiivinen toimija. Lue, miten vaikutamme alueella.","og_url":"https:\/\/jcjarvenpaa.fi\/en\/jc-jarvenpaa\/","og_site_name":"J\u00e4rvenp\u00e4\u00e4n Seudun Nuorkauppakamari","article_modified_time":"2022-02-04T16:15:43+00:00","og_image":[{"width":1500,"height":1000,"url":"https:\/\/jcjarvenpaa.fi\/wp-content\/uploads\/2022\/02\/JSNKKn-yhteistyo-kumppanuusohjelma-2.png","type":"image\/png"}],"twitter_card":"summary_large_image","twitter_misc":{"Estimated reading time":"1 minute"},"schema":{"@context":"https:\/\/schema.org","@graph":[{"@type":"WebPage","@id":"https:\/\/jcjarvenpaa.fi\/jc-jarvenpaa\/","url":"https:\/\/jcjarvenpaa.fi\/jc-jarvenpaa\/","name":"JCI J\u00e4rvenp\u00e4\u00e4 - J\u00e4rvenp\u00e4\u00e4n Seudun Nuorkauppakamari","isPartOf":{"@id":"https:\/\/jcjarvenpaa.fi\/#website"},"primaryImageOfPage":{"@id":"https:\/\/jcjarvenpaa.fi\/jc-jarvenpaa\/#primaryimage"},"image":{"@id":"https:\/\/jcjarvenpaa.fi\/jc-jarvenpaa\/#primaryimage"},"thumbnailUrl":"https:\/\/jcjarvenpaa.fi\/wp-content\/uploads\/2022\/02\/JSNKKn-yhteistyo-kumppanuusohjelma-2.png","datePublished":"2016-11-16T20:16:59+00:00","dateModified":"2022-02-04T16:15:43+00:00","description":"J\u00e4rvenp\u00e4\u00e4n Seudun Nuorkauppakamari on j\u00e4sentens\u00e4 kehitt\u00e4misj\u00e4rjest\u00f6 sek\u00e4 paikallinen aktiivinen toimija. Lue, miten vaikutamme alueella.","breadcrumb":{"@id":"https:\/\/jcjarvenpaa.fi\/jc-jarvenpaa\/#breadcrumb"},"inLanguage":"en-GB","potentialAction":[{"@type":"ReadAction","target":["https:\/\/jcjarvenpaa.fi\/jc-jarvenpaa\/"]}]},{"@type":"ImageObject","inLanguage":"en-GB","@id":"https:\/\/jcjarvenpaa.fi\/jc-jarvenpaa\/#primaryimage","url":"https:\/\/jcjarvenpaa.fi\/wp-content\/uploads\/2022\/02\/JSNKKn-yhteistyo-kumppanuusohjelma-2.png","contentUrl":"https:\/\/jcjarvenpaa.fi\/wp-content\/uploads\/2022\/02\/JSNKKn-yhteistyo-kumppanuusohjelma-2.png","width":1500,"height":1000,"caption":"J\u00e4rvenp\u00e4\u00e4n Seudun Nuorkauppakamari"},{"@type":"BreadcrumbList","@id":"https:\/\/jcjarvenpaa.fi\/jc-jarvenpaa\/#breadcrumb","itemListElement":[{"@type":"ListItem","position":1,"name":"Home","item":"https:\/\/jcjarvenpaa.fi\/"},{"@type":"ListItem","position":2,"name":"JCI J\u00e4rvenp\u00e4\u00e4"}]},{"@type":"WebSite","@id":"https:\/\/jcjarvenpaa.fi\/#website","url":"https:\/\/jcjarvenpaa.fi\/","name":"J\u00e4rvenp\u00e4\u00e4n Seudun Nuorkauppakamari","description":"Be better","publisher":{"@id":"https:\/\/jcjarvenpaa.fi\/#organization"},"potentialAction":[{"@type":"SearchAction","target":{"@type":"EntryPoint","urlTemplate":"https:\/\/jcjarvenpaa.fi\/?s={search_term_string}"},"query-input":{"@type":"PropertyValueSpecification","valueRequired":true,"valueName":"search_term_string"}}],"inLanguage":"en-GB"},{"@type":"Organization","@id":"https:\/\/jcjarvenpaa.fi\/#organization","name":"J\u00e4rvenp\u00e4\u00e4n Seudun Nuorkauppakamari","url":"https:\/\/jcjarvenpaa.fi\/","logo":{"@type":"ImageObject","inLanguage":"en-GB","@id":"https:\/\/jcjarvenpaa.fi\/#\/schema\/logo\/image\/","url":"https:\/\/jcjarvenpaa.fi\/wp-content\/uploads\/2020\/05\/JCI-Ja\u0308rvenpa\u0308a\u0308.png","contentUrl":"https:\/\/jcjarvenpaa.fi\/wp-content\/uploads\/2020\/05\/JCI-Ja\u0308rvenpa\u0308a\u0308.png","width":1042,"height":474,"caption":"J\u00e4rvenp\u00e4\u00e4n Seudun Nuorkauppakamari"},"image":{"@id":"https:\/\/jcjarvenpaa.fi\/#\/schema\/logo\/image\/"}}]}},"_links":{"self":[{"href":"https:\/\/jcjarvenpaa.fi\/en\/wp-json\/wp\/v2\/pages\/14","targetHints":{"allow":["GET"]}}],"collection":[{"href":"https:\/\/jcjarvenpaa.fi\/en\/wp-json\/wp\/v2\/pages"}],"about":[{"href":"https:\/\/jcjarvenpaa.fi\/en\/wp-json\/wp\/v2\/types\/page"}],"author":[{"embeddable":true,"href":"https:\/\/jcjarvenpaa.fi\/en\/wp-json\/wp\/v2\/users\/1"}],"replies":[{"embeddable":true,"href":"https:\/\/jcjarvenpaa.fi\/en\/wp-json\/wp\/v2\/comments?post=14"}],"version-history":[{"count":7,"href":"https:\/\/jcjarvenpaa.fi\/en\/wp-json\/wp\/v2\/pages\/14\/revisions"}],"predecessor-version":[{"id":3014,"href":"https:\/\/jcjarvenpaa.fi\/en\/wp-json\/wp\/v2\/pages\/14\/revisions\/3014"}],"wp:featuredmedia":[{"embeddable":true,"href":"https:\/\/jcjarvenpaa.fi\/en\/wp-json\/wp\/v2\/media\/3011"}],"wp:attachment":[{"href":"https:\/\/jcjarvenpaa.fi\/en\/wp-json\/wp\/v2\/media?parent=14"}],"curies":[{"name":"wp","href":"https:\/\/api.w.org\/{rel}","templated":true}]}}